{"id":7164,"date":"2022-03-29T16:47:18","date_gmt":"2022-03-29T15:47:18","guid":{"rendered":"https:\/\/loqed.com\/product\/power-kit-loqed\/"},"modified":"2023-02-14T14:22:19","modified_gmt":"2023-02-14T13:22:19","slug":"power-kit-loqed","status":"publish","type":"product","link":"https:\/\/loqed.com\/fr\/produit\/power-kit-loqed\/","title":{"rendered":"Power Kit LOQED"},"content":{"rendered":"","protected":false},"excerpt":{"rendered":"<p>Les piles de la Serrure Intelligente LOQED Touch ont une autonomie allant jusqu&#8217;\u00e0 douze mois. Avec le Power Kit LOQED, vous disposez de tout ce dont vous avez besoin pour ne plus jamais changer les piles de votre serrure.<\/p>\n<p>Il vous suffit de brancher le chargeur fourni aussit\u00f4t que votre Serrure Intelligente LOQED Touch vous signale que les piles sont faibles. Le c\u00e2ble du chargeur mesure trois m\u00e8tres de long, ce qui vous permet de ne pas avoir besoin d&#8217;une prise de courant \u00e0 proximit\u00e9. Le Power Kit LOQED comporte huit piles rechargeables.<\/p>\n<p>Garantie de remboursement de 30 jours<br \/>\nLivraison gratuite<br \/>\nGarantie de 2 ans<\/p>\n<p>Nous assurons la livraison avec PostNL (NL) et DHL (reste de l&#8217;UE). Les commandes pass\u00e9es avant 22:00 CET sont exp\u00e9di\u00e9es le jour m\u00eame. Le d\u00e9lai de livraison d\u00e9pend de l&#8217;exp\u00e9diteur et peut prendre jusqu&#8217;\u00e0 deux jours ouvrables.<\/p>\n","protected":false},"featured_media":7463,"comment_status":"closed","ping_status":"closed","template":"","meta":{"_mo_disable_npp":"","inline_featured_image":false},"product_cat":[66,58],"product_tag":[],"acf":[],"aioseo_notices":[],"_links":{"self":[{"href":"https:\/\/loqed.com\/fr\/wp-json\/wp\/v2\/product\/7164"}],"collection":[{"href":"https:\/\/loqed.com\/fr\/wp-json\/wp\/v2\/product"}],"about":[{"href":"https:\/\/loqed.com\/fr\/wp-json\/wp\/v2\/types\/product"}],"replies":[{"embeddable":true,"href":"https:\/\/loqed.com\/fr\/wp-json\/wp\/v2\/comments?post=7164"}],"wp:featuredmedia":[{"embeddable":true,"href":"https:\/\/loqed.com\/fr\/wp-json\/wp\/v2\/media\/7463"}],"wp:attachment":[{"href":"https:\/\/loqed.com\/fr\/wp-json\/wp\/v2\/media?parent=7164"}],"wp:term":[{"taxonomy":"product_cat","embeddable":true,"href":"https:\/\/loqed.com\/fr\/wp-json\/wp\/v2\/product_cat?post=7164"},{"taxonomy":"product_tag","embeddable":true,"href":"https:\/\/loqed.com\/fr\/wp-json\/wp\/v2\/product_tag?post=7164"}],"curies":[{"name":"wp","href":"https:\/\/api.w.org\/{rel}","templated":true}]}}