{"id":7133,"date":"2022-02-25T16:47:43","date_gmt":"2022-02-25T15:47:43","guid":{"rendered":"https:\/\/loqed.com\/product\/serrure-intelligente-loqed-touch\/"},"modified":"2024-11-21T13:10:57","modified_gmt":"2024-11-21T12:10:57","slug":"serrure-intelligente-loqed-touch","status":"publish","type":"product","link":"https:\/\/loqed.com\/fr\/produit\/serrure-intelligente-loqed-touch\/","title":{"rendered":"Serrure Intelligente LOQED Touch"},"content":{"rendered":"\r\n\r\n\r\n\r\n<!-- hero -->\r\n<section class=\"theme-video-hero fullheight\" \r\n\t\t\t\t\r\n\t\t\t\t>\r\n\t \r\n\t\t<video autoplay loop muted playsinline>\r\n\t\t<source src=\"https:\/\/loqed.com\/wp-content\/uploads\/2022\/10\/loqed-product-header.mp4\" type=\"video\/mp4\" \/>\r\n\t<\/video>\r\n\t\r\n\t<div class=\"container\">\r\n<!--\t\t<div class=\"theme-hero__content left\">-->\r\n\t\t<div class=\"theme-hero__content center\">\r\n\t\t\t\t\t\t<div class=\"theme-hero__text\">\r\n\t\t\t\t<h1>Serrure Intelligente LOQED Touch<\/h1>\n<h2>La seule serrure intelligente qui vous permet d\u2019entrer dans votre maison d\u2019un simple toucher.<\/h2>\n\t\t\t<\/div>\r\n\t\t\t\t\t\t<div class=\"theme-hero__buttons\">\r\n\t\t\t\t\t\t\t<\/div>\r\n\t\t<\/div>\r\n\t<\/div>\r\n<\/section><!-- video banner -->\r\n<section class=\"theme-video bg-gray-half\">\r\n        <div class=\"container\">\r\n        <div class=\"row justify-content-center\">\r\n            <div class=\"col-md-8\">\r\n                <div class=\"theme-content\">\r\n                    <h2 style=\"text-align: center;\">Regarde comment \u00e7a marche<\/h2>\n                <\/div>\r\n            <\/div>\r\n        <\/div>\r\n    <\/div>\r\n    \r\n    <div class=\"container px-3\" data-aos=\"fade-up\">\r\n        <div class=\"theme-video__overlay\" style=\"background-image: url(https:\/\/loqed.com\/wp-content\/uploads\/2022\/02\/video-overlay-fade.jpg);\">\r\n                        <img decoding=\"async\" src=\"https:\/\/loqed.com\/wp-content\/themes\/fluidify-child\/assets\/images\/play.png\" alt=\"\">\r\n                    <\/div>\r\n         \r\n        <div class=\"theme-video__player\">\r\n            <video\r\n                   id=\"loqed-video2\"\r\n                   class=\"mejs__player\"\r\n                   preload= \"none\"\r\n                   controls\r\n                   style=\"width:100%;height:100%;\"\r\n                                      data-mejsoptions='{\"pluginPath\": \"https:\/\/loqed.com\/wp-content\/themes\/fluidify-child\/assets\/libs\/mejs\/\", \"iconSprite\": \"https:\/\/loqed.com\/wp-content\/themes\/fluidify-child\/assets\/libs\/mejs\/build\/mejs-controls.svg\", \"alwaysShowControls\": \"true\"}'\r\n                   >\r\n                <source src=\"https:\/\/loqed.com\/wp-content\/themes\/fluidify-child\/assets\/video\/LOQED_2022_V2_manifest.mpd\" type=\"application\/dash+xml\" \/>\r\n                <source src=\"https:\/\/loqed.com\/wp-content\/themes\/fluidify-child\/assets\/video\/LOQED_2022_V2.m3u8\" type=\"application\/x-mpegURL\" \/>\r\n                <p>\r\n                    To view this video please enable JavaScript, and consider upgrading to a\r\n                    web browser that\r\n                    <a href=\"https:\/\/videojs.com\/html5-video-support\/\" target=\"_blank\">supports HTML5 video<\/a>\r\n                <\/p>\r\n                <track \r\n                                              kind=\"subtitles\" \r\n                       srclang=\"en\" \r\n                       label=\"English\" \r\n                       src=\"https:\/\/loqed.com\/wp-content\/themes\/fluidify-child\/assets\/video\/captions_en.vtt\" \r\n                       \/>\r\n                <track \r\n                                              kind=\"subtitles\" \r\n                       srclang=\"nl\" \r\n                       label=\"Nederlands\" \r\n                       src=\"https:\/\/loqed.com\/wp-content\/themes\/fluidify-child\/assets\/video\/captions_nl-NL.vtt\" \r\n                       \/>\r\n                <track \r\n                                              kind=\"subtitles\" \r\n                       srclang=\"de\" \r\n                       label=\"Deutsch\" \r\n                       src=\"https:\/\/loqed.com\/wp-content\/themes\/fluidify-child\/assets\/video\/captions_en.vtt\" \r\n                       \/>\r\n            <\/video>\r\n        <\/div>\r\n            <\/div>\r\n<\/section>\r\n<section  class=\"wrapper theme-side-by-side image-first\">\r\n\r\n\r\n    \r\n    <div class=\"container\" data-aos=\"fade-up\">\r\n        <div class=\"row\">\r\n                        <div class=\"col-xs-12 col-sm-12 col-md-8 col-lg-8\">\r\n                <p><img decoding=\"async\" loading=\"lazy\" class=\"alignnone wp-image-7626 size-full\" src=\"https:\/\/loqed.com\/wp-content\/uploads\/2022\/02\/loqed-smart-lock-easy-access.jpg\" alt=\"\" width=\"900\" height=\"600\" srcset=\"https:\/\/loqed.com\/wp-content\/uploads\/2022\/02\/loqed-smart-lock-easy-access.jpg 900w, https:\/\/loqed.com\/wp-content\/uploads\/2022\/02\/loqed-smart-lock-easy-access-768x512.jpg 768w, https:\/\/loqed.com\/wp-content\/uploads\/2022\/02\/loqed-smart-lock-easy-access-600x400.jpg 600w\" sizes=\"(max-width: 900px) 100vw, 900px\" \/><\/p>\n            <\/div>\r\n                        <div class=\"col-xs-12 col-sm-12 col-md-4 col-lg-4\">\r\n                <div class=\"text\"><h2>Un acc\u00e8s facile<\/h2>\n<p>Ouvrir sa porte n\u2019a jamais \u00e9t\u00e9 aussi pratique. Plus jamais de crainte de perdre ses cl\u00e9s, de laisser ses proches enferm\u00e9s sous la pluie ou d\u2019avoir les mains pleines.<\/p>\n<\/div>            <\/div>\r\n                          \r\n        <\/div>\r\n    <\/div>\r\n<\/section>\r\n<section  class=\"wrapper theme-side-by-side text-first\">\r\n\r\n\r\n    \r\n    <div class=\"container\" data-aos=\"fade-up\">\r\n        <div class=\"row\">\r\n                        <div class=\"col-md-4 order-2 order-md-1\">\r\n                <div class=\"text\"><h2>Remettre les cl\u00e9s en toute confiance<\/h2>\n<p>Les cl\u00e9s num\u00e9riques peuvent \u00eatre cr\u00e9\u00e9es, partag\u00e9es et supprim\u00e9es \u00e0 tout moment. Elles peuvent \u00eatre envoy\u00e9es \u00e0 des amis, \u00e0 des partenaires, au promeneur de chien, \u00e0 la femme de m\u00e9nage, \u00e0 la belle-famille, \u00e0 n\u2019importe qui ! Rapidement et en toute s\u00e9curit\u00e9.<\/p>\n<\/div>            <\/div>\r\n                        <div class=\"col-md-8 order-1 order-md-2\">\r\n                <p><img decoding=\"async\" loading=\"lazy\" class=\"alignnone size-full wp-image-7635\" src=\"https:\/\/loqed.com\/wp-content\/uploads\/2022\/02\/loqed-smart-lock-trust.jpg\" alt=\"\" width=\"900\" height=\"600\" srcset=\"https:\/\/loqed.com\/wp-content\/uploads\/2022\/02\/loqed-smart-lock-trust.jpg 900w, https:\/\/loqed.com\/wp-content\/uploads\/2022\/02\/loqed-smart-lock-trust-768x512.jpg 768w, https:\/\/loqed.com\/wp-content\/uploads\/2022\/02\/loqed-smart-lock-trust-600x400.jpg 600w\" sizes=\"(max-width: 900px) 100vw, 900px\" \/><\/p>\n            <\/div>\r\n                          \r\n        <\/div>\r\n    <\/div>\r\n<\/section>\r\n<section  class=\"wrapper theme-side-by-side image-first\">\r\n\r\n\r\n    \r\n    <div class=\"container\" data-aos=\"fade-up\">\r\n        <div class=\"row\">\r\n                        <div class=\"col-xs-12 col-sm-12 col-md-8 col-lg-8\">\r\n                <p><img decoding=\"async\" loading=\"lazy\" class=\"alignnone size-full wp-image-7630\" src=\"https:\/\/loqed.com\/wp-content\/uploads\/2022\/02\/loqed-smart-lock-update.jpg\" alt=\"\" width=\"900\" height=\"600\" srcset=\"https:\/\/loqed.com\/wp-content\/uploads\/2022\/02\/loqed-smart-lock-update.jpg 900w, https:\/\/loqed.com\/wp-content\/uploads\/2022\/02\/loqed-smart-lock-update-768x512.jpg 768w, https:\/\/loqed.com\/wp-content\/uploads\/2022\/02\/loqed-smart-lock-update-600x400.jpg 600w\" sizes=\"(max-width: 900px) 100vw, 900px\" \/><\/p>\n            <\/div>\r\n                        <div class=\"col-xs-12 col-sm-12 col-md-4 col-lg-4\">\r\n                <div class=\"text\"><h2>Rester inform\u00e9<\/h2>\n<p>Des notifications instantan\u00e9es s\u2019affichent lorsque les enfants rentrent \u00e0 la maison ou lorsque le chien est pris en charge pour sa promenade de l\u2019apr\u00e8s-midi. Tu seras toujours au courant de l\u2019acc\u00e8s \u00e0 ton Touch Smart Lock.<\/p>\n<\/div>            <\/div>\r\n                          \r\n        <\/div>\r\n    <\/div>\r\n<\/section>\r\n<section  class=\"wrapper theme-side-by-side text-first\">\r\n\r\n\r\n    \r\n    <div class=\"container\" data-aos=\"fade-up\">\r\n        <div class=\"row\">\r\n                        <div class=\"col-md-4 order-2 order-md-1\">\r\n                <div class=\"text\"><h2>Toujours accessible, quoi qu\u2019il arrive<\/h2>\n<p>Ne t\u2019enferme plus jamais \u00e0 l\u2019ext\u00e9rieur. Si tu as oubli\u00e9 ton t\u00e9l\u00e9phone, il te suffit d\u2019utiliser ton code d\u2019acc\u00e8s personnel pour ouvrir ta porte. Et m\u00eame si tu oublies de remplacer les piles de la serrure lorsque tu en es averti, notre fonction unique d\u2019alimentation de secours permettra \u00e0 la serrure de continuer \u00e0 fonctionner.<\/p>\n<\/div>            <\/div>\r\n                        <div class=\"col-md-8 order-1 order-md-2\">\r\n                <p><img decoding=\"async\" loading=\"lazy\" class=\"alignnone size-full wp-image-7639\" src=\"https:\/\/loqed.com\/wp-content\/uploads\/2022\/02\/loqed-smart-lock-touch.jpg\" alt=\"\" width=\"900\" height=\"600\" srcset=\"https:\/\/loqed.com\/wp-content\/uploads\/2022\/02\/loqed-smart-lock-touch.jpg 900w, https:\/\/loqed.com\/wp-content\/uploads\/2022\/02\/loqed-smart-lock-touch-768x512.jpg 768w, https:\/\/loqed.com\/wp-content\/uploads\/2022\/02\/loqed-smart-lock-touch-600x400.jpg 600w\" sizes=\"(max-width: 900px) 100vw, 900px\" \/><\/p>\n            <\/div>\r\n                          \r\n        <\/div>\r\n    <\/div>\r\n<\/section>\r\n<section  class=\"wrapper theme-side-by-side image-first\">\r\n\r\n\r\n    \r\n    <div class=\"container\" data-aos=\"fade-up\">\r\n        <div class=\"row\">\r\n                        <div class=\"col-xs-12 col-sm-12 col-md-8 col-lg-8\">\r\n                <p><img decoding=\"async\" loading=\"lazy\" class=\"alignnone size-full wp-image-7622\" src=\"https:\/\/loqed.com\/wp-content\/uploads\/2022\/02\/loqed-smart-lock-secure.jpg\" alt=\"\" width=\"900\" height=\"600\" srcset=\"https:\/\/loqed.com\/wp-content\/uploads\/2022\/02\/loqed-smart-lock-secure.jpg 900w, https:\/\/loqed.com\/wp-content\/uploads\/2022\/02\/loqed-smart-lock-secure-768x512.jpg 768w, https:\/\/loqed.com\/wp-content\/uploads\/2022\/02\/loqed-smart-lock-secure-600x400.jpg 600w\" sizes=\"(max-width: 900px) 100vw, 900px\" \/><\/p>\n            <\/div>\r\n                        <div class=\"col-xs-12 col-sm-12 col-md-4 col-lg-4\">\r\n                <div class=\"text\"><h2>Le niveau de s\u00e9curit\u00e9 le plus \u00e9lev\u00e9<\/h2>\n<p>Avec le certificat de s\u00e9curit\u00e9 physique trois \u00e9toiles SKG le plus \u00e9lev\u00e9, nous prenons la s\u00e9curit\u00e9 tr\u00e8s au s\u00e9rieux. La s\u00e9curit\u00e9 num\u00e9rique est tout aussi importante pour nous : notre cryptage de bout en bout sur 256 bits utilise la m\u00eame s\u00e9curit\u00e9 que les banques, afin de prot\u00e9ger les donn\u00e9es de la mani\u00e8re la plus s\u00fbre possible.<\/p>\n<\/div>            <\/div>\r\n                          \r\n        <\/div>\r\n    <\/div>\r\n<\/section>\r\n<section class=\"theme-p\">\r\n    <div class=\"container\" data-aos=\"fade-up\">\r\n        <div class=\"row\">\r\n            <div class=\"col-12\">\r\n                <div class=\"theme-versus__intro\">\r\n                    <h2>LOQED vs autres smart locks<\/h2>\n<p>L&#8217;affichage unique \u00e0 l&#8217;ext\u00e9rieur de la porte offre une exp\u00e9rience utilisateur in\u00e9gal\u00e9e.<\/p>\n                <\/div>\r\n            <\/div>\r\n        <\/div>\r\n\r\n        <div class=\"row\">\r\n            <div class=\"theme-versus\">\r\n                <table>\n<tbody>\n<tr>\n<td>\n<h3>LOQED<\/h3>\n<\/td>\n<td>\n<h3>Autres<\/h3>\n<\/td>\n<\/tr>\n<tr>\n<td>Acc\u00e8s facile d&#8217;une seule touche<\/td>\n<td>Le t\u00e9l\u00e9phone doit \u00eatre dans votre main<\/td>\n<\/tr>\n<tr>\n<td>Acc\u00e8s au code int\u00e9gr\u00e9 et connecteur de d\u00e9marrage rapide comme solution de repli<\/td>\n<td>Vous devez avoir sur vous une cl\u00e9 de sauvegarde<\/td>\n<\/tr>\n<tr>\n<td>Conception robuste en acier inoxydable<\/td>\n<td>Bo\u00eete en plastique sur votre cl\u00e9<\/td>\n<\/tr>\n<tr>\n<td>Stockage de cl\u00e9s d\u00e9centralis\u00e9 et s\u00e9curis\u00e9<\/td>\n<td>Stockage centralis\u00e9 des cl\u00e9s vuln\u00e9rables<\/td>\n<\/tr>\n<tr>\n<td>Certification europ\u00e9enne trois \u00e9toiles la plus \u00e9lev\u00e9e EN 1303, EN 15684 et SKG<\/td>\n<td>Aucune certification de s\u00e9curit\u00e9 physique<\/td>\n<\/tr>\n<\/tbody>\n<\/table>\n            <\/div>\r\n        <\/div>\r\n    <\/div>\r\n<\/section>\r\n<section  class=\"wrapper theme-full-img\">\r\n\r\n\r\n    \r\n    <div class=\"container-fluid\" data-aos=\"fade-up\">\r\n        <div class=\"row\">\r\n                        <div class=\"col-12\">\r\n                <p><img decoding=\"async\" loading=\"lazy\" class=\"alignnone size-full wp-image-7643\" src=\"https:\/\/loqed.com\/wp-content\/uploads\/2022\/02\/loqed-hero-shot.jpg\" alt=\"\" width=\"1920\" height=\"1088\" srcset=\"https:\/\/loqed.com\/wp-content\/uploads\/2022\/02\/loqed-hero-shot.jpg 1920w, https:\/\/loqed.com\/wp-content\/uploads\/2022\/02\/loqed-hero-shot-768x435.jpg 768w, https:\/\/loqed.com\/wp-content\/uploads\/2022\/02\/loqed-hero-shot-1536x870.jpg 1536w, https:\/\/loqed.com\/wp-content\/uploads\/2022\/02\/loqed-hero-shot-600x340.jpg 600w\" sizes=\"(max-width: 1920px) 100vw, 1920px\" \/><\/p>\n            <\/div>\r\n                          \r\n        <\/div>\r\n    <\/div>\r\n<\/section>\r\n<!-- brands bar -->\r\n<section class=\"theme-brands\">\r\n    <div class=\"container\" data-aos=\"fade-up\">\r\n        <div class=\"theme-brands__title\"><\/div>\r\n        <div class=\"theme-brands__row\">\r\n                        <div class=\"theme-brands__item\">\r\n                <img decoding=\"async\" src=\"https:\/\/loqed.com\/wp-content\/uploads\/2022\/12\/Image-1.png\" alt=\"\">\r\n                <div class=\"theme-brands__item__title\">\r\n                    Google Assistant                <\/div>\r\n            <\/div>\r\n                        <div class=\"theme-brands__item\">\r\n                <img decoding=\"async\" src=\"https:\/\/loqed.com\/wp-content\/uploads\/2022\/12\/Image-3.png\" alt=\"\">\r\n                <div class=\"theme-brands__item__title\">\r\n                    Loxone                <\/div>\r\n            <\/div>\r\n                        <div class=\"theme-brands__item\">\r\n                <img decoding=\"async\" src=\"https:\/\/loqed.com\/wp-content\/uploads\/2022\/12\/Image-2.png\" alt=\"\">\r\n                <div class=\"theme-brands__item__title\">\r\n                    Homey                <\/div>\r\n            <\/div>\r\n                        <div class=\"theme-brands__item\">\r\n                <img decoding=\"async\" src=\"https:\/\/loqed.com\/wp-content\/uploads\/2022\/12\/Image-4.png\" alt=\"\">\r\n                <div class=\"theme-brands__item__title\">\r\n                    Olisto                <\/div>\r\n            <\/div>\r\n                        <div class=\"theme-brands__item\">\r\n                <img decoding=\"async\" src=\"https:\/\/loqed.com\/wp-content\/uploads\/2022\/12\/Image-6.png\" alt=\"\">\r\n                <div class=\"theme-brands__item__title\">\r\n                    Home Assistant                <\/div>\r\n            <\/div>\r\n                        <div class=\"theme-brands__item\">\r\n                <img decoding=\"async\" src=\"https:\/\/loqed.com\/wp-content\/uploads\/2022\/12\/Image-5.png\" alt=\"\">\r\n                <div class=\"theme-brands__item__title\">\r\n                    Apple Watch                <\/div>\r\n            <\/div>\r\n                        <div class=\"theme-brands__item\">\r\n                <img decoding=\"async\" src=\"https:\/\/loqed.com\/wp-content\/uploads\/2022\/12\/Image-7.png\" alt=\"\">\r\n                <div class=\"theme-brands__item__title\">\r\n                    IFTTT                <\/div>\r\n            <\/div>\r\n                        <div class=\"theme-brands__item\">\r\n                <img decoding=\"async\" src=\"https:\/\/loqed.com\/wp-content\/uploads\/2022\/12\/Image-8.png\" alt=\"\">\r\n                <div class=\"theme-brands__item__title\">\r\n                    DoorBird                <\/div>\r\n            <\/div>\r\n                        <div class=\"theme-brands__item\">\r\n                <img decoding=\"async\" src=\"https:\/\/loqed.com\/wp-content\/uploads\/2022\/12\/Image-9.png\" alt=\"\">\r\n                <div class=\"theme-brands__item__title\">\r\n                    API                <\/div>\r\n            <\/div>\r\n                    <\/div>\r\n    <\/div>\r\n<\/section>\r\n<section>\r\n    <div class=\"container\">\r\n        <div\r\n             class=\"trustpilot-widget\"\r\n             data-locale=\"nl-NL\"\r\n             data-template-id=\"5763bccae0a06d08e809ecbb\"\r\n             data-businessunit-id=\"60620b927ab622000176827c\"\r\n             data-style-height=\"700px\"\r\n             data-style-width=\"100%\"\r\n             data-theme=\"light\"\r\n             data-sku=\"1001\"\r\n             data-name=\"Serrure Intelligente LOQED Touch\"\r\n             data-star-color=\"#6A41CD\"\r\n             data-font-family=\"Roboto\"\r\n             data-no-reviews=\"hide\"\r\n             data-fullwidth=\"true\">\r\n            <a href=\"https:\/\/nl.trustpilot.com\/review\/loqed.com\" target=\"_blank\" rel=\"noopener\">Trustpilot<\/a>\r\n        <\/div>\r\n\r\n    <\/div>\r\n<\/section>\r\n\r\n","protected":false},"excerpt":{"rendered":"<p><strong>Pourquoi choisir le LOQED Touch Smart Lock?<\/strong><\/p>\n<ul>\n<li>Ouvrez votre porte d&#8217;un simple toucher<\/li>\n<li>100% sans cl\u00e9<\/li>\n<li>La serrure la plus s\u00e9curis\u00e9e<\/li>\n<li>Partagez votre cl\u00e9 en toute confiance<\/li>\n<li>Acc\u00e8s, quoi qu&#8217;il arrive<\/li>\n<\/ul>\n<p><span style=\"color: #ff0000;\"><strong>Actuellement en rupture de stock.<\/strong><\/span><\/p>\n","protected":false},"featured_media":7459,"comment_status":"closed","ping_status":"closed","template":"","meta":{"_mo_disable_npp":"","inline_featured_image":false},"product_cat":[66],"product_tag":[],"acf":[],"aioseo_notices":[],"_links":{"self":[{"href":"https:\/\/loqed.com\/fr\/wp-json\/wp\/v2\/product\/7133"}],"collection":[{"href":"https:\/\/loqed.com\/fr\/wp-json\/wp\/v2\/product"}],"about":[{"href":"https:\/\/loqed.com\/fr\/wp-json\/wp\/v2\/types\/product"}],"replies":[{"embeddable":true,"href":"https:\/\/loqed.com\/fr\/wp-json\/wp\/v2\/comments?post=7133"}],"wp:featuredmedia":[{"embeddable":true,"href":"https:\/\/loqed.com\/fr\/wp-json\/wp\/v2\/media\/7459"}],"wp:attachment":[{"href":"https:\/\/loqed.com\/fr\/wp-json\/wp\/v2\/media?parent=7133"}],"wp:term":[{"taxonomy":"product_cat","embeddable":true,"href":"https:\/\/loqed.com\/fr\/wp-json\/wp\/v2\/product_cat?post=7133"},{"taxonomy":"product_tag","embeddable":true,"href":"https:\/\/loqed.com\/fr\/wp-json\/wp\/v2\/product_tag?post=7133"}],"curies":[{"name":"wp","href":"https:\/\/api.w.org\/{rel}","templated":true}]}}