{"id":7168,"date":"2023-01-31T03:14:05","date_gmt":"2023-01-31T02:14:05","guid":{"rendered":"https:\/\/loqed.com\/integration-smart-home\/"},"modified":"2023-09-27T07:39:15","modified_gmt":"2023-09-27T06:39:15","slug":"integration-smart-home","status":"publish","type":"page","link":"https:\/\/loqed.com\/fr\/integration-smart-home\/","title":{"rendered":"Int\u00e9gration Smart Home"},"content":{"rendered":"\r\n\r\n\r\n\r\n<!-- hero -->\r\n<section class=\"theme-hero halfheight\" \r\n\t\t\t\t\r\n\t\t\t\t style=\"background-image: url(https:\/\/loqed.com\/wp-content\/uploads\/2022\/04\/Copy_of_LOQED_website_banner_Christmas_4_3000x-scaled.webp)\">\r\n\t\r\n\t<div class=\"container\">\r\n<!--\t\t<div class=\"theme-hero__content center\">-->\r\n\t\t<div class=\"theme-hero__content center\">\r\n\t\t\t\t\t\t<div class=\"theme-hero__text\">\r\n\t\t\t\t<h1>Integrations<\/h1>\n\t\t\t<\/div>\r\n\t\t\t\t\t\t<div class=\"theme-hero__buttons\">\r\n\t\t\t\t\t\t\t<\/div>\r\n\t\t<\/div>\r\n\t<\/div>\r\n<\/section>\n<div style=\"height:100px\" aria-hidden=\"true\" class=\"wp-block-spacer\"><\/div>\n<section  class=\"wrapper theme-p\">\r\n\r\n\r\n    \r\n    <div class=\"container\" data-aos=\"fade-up\">\r\n        <div class=\"row\">\r\n                        <div class=\"col-12\">\r\n                <h2>Assistants Connect\u00e9s<\/h2>\n<p>Un assistant connect\u00e9, \u00e9galement appel\u00e9 assistant virtuel, est un logiciel install\u00e9 sur une enceinte connect\u00e9e ou un smartphone, qui peut r\u00e9pondre \u00e0 des questions et effectuer des t\u00e2ches. En \u00e9tablissant une connexion entre votre Serrure Intelligente LOQED Touch et votre assistant connect\u00e9, vous pourrez utiliser des commandes vocales pour contr\u00f4ler la serrure et \u00e9tablir des routines. Par exemple, vous pourrez d\u00e9finir une routine de coucher qui \u00e9teindra les lumi\u00e8res et verrouillera votre porte lorsque vous souhaiterez bonne nuit \u00e0 votre assistant connect\u00e9.<\/p>\n            <\/div>\r\n                        <div class=\"col-xs-12 col-sm-12 col-md-4 col-lg-4 mb-5\">\r\n                <div class=\"theme-card\"><p><img decoding=\"async\" loading=\"lazy\" class=\"wp-image-1529 alignnone\" src=\"https:\/\/test.loqed.com\/wp-content\/uploads\/2022\/04\/google-300x188.webp\" alt=\"\" width=\"100\" height=\"63\" srcset=\"https:\/\/loqed.com\/wp-content\/uploads\/2022\/04\/google-300x188.webp 300w, https:\/\/loqed.com\/wp-content\/uploads\/2022\/04\/google-768x480.webp 768w, https:\/\/loqed.com\/wp-content\/uploads\/2022\/04\/google-600x375.webp 600w, https:\/\/loqed.com\/wp-content\/uploads\/2022\/04\/google.webp 800w\" sizes=\"(max-width: 100px) 100vw, 100px\" \/><\/p>\n<h2>Google Assistant<\/h2>\n<p>Gr\u00e2ce \u00e0 Google Assistant, vous pourrez utiliser des commandes vocales pour contr\u00f4ler votre Serrure Intelligente LOQED Touch. Vous pourrez ainsi verrouiller la porte \u00e0 l\u2019aide de votre enceinte Google Home ou de l\u2019application Google Home sur votre t\u00e9l\u00e9phone. Il est possible de cr\u00e9er des routines, comme par exemple allumer les lumi\u00e8res et fermer les rideaux, lorsque vous rentrez chez vous apr\u00e8s le travail, en donnant une commande \u00e0 Google Assistant.<\/p>\n<\/div>            <\/div>\r\n                        <div class=\"col-xs-12 col-sm-12 col-md-4 col-lg-4 mb-5\">\r\n                <div class=\"theme-card\"><p><img decoding=\"async\" loading=\"lazy\" class=\"wp-image-1532 alignnone\" src=\"https:\/\/test.loqed.com\/wp-content\/uploads\/2022\/04\/alexa-300x188.webp\" alt=\"\" width=\"100\" height=\"63\" srcset=\"https:\/\/loqed.com\/wp-content\/uploads\/2022\/04\/alexa-300x188.webp 300w, https:\/\/loqed.com\/wp-content\/uploads\/2022\/04\/alexa-768x480.webp 768w, https:\/\/loqed.com\/wp-content\/uploads\/2022\/04\/alexa-600x375.webp 600w, https:\/\/loqed.com\/wp-content\/uploads\/2022\/04\/alexa.webp 800w\" sizes=\"(max-width: 100px) 100vw, 100px\" \/><\/p>\n<h2>Amazon Alexa (via Olisto)<\/h2>\n<p>L&#8217;int\u00e9gration d&#8217;Alexa \u00e0 votre LOQED vous permettra de contr\u00f4ler facilement votre LOQED avec vos appareils Amazon Echo par le biais de commandes vocales. Vous pouvez \u00e9galement configurer des routines, par exemple une routine matinale o\u00f9 vos lumi\u00e8res et votre cafeti\u00e8re s&#8217;allument, vos rideaux s&#8217;ouvrent et votre LOQED d\u00e9verrouille votre porte. D\u00e9couvrez comment configurer l&#8217;int\u00e9gration d&#8217;Alexa via Olisto, <a href=\"https:\/\/olisto.com\/channels\/amazon-alexa\/\" target=\"_blank\" rel=\"noopener\">cliquez ici<\/a>.<\/p>\n<\/div>            <\/div>\r\n                          \r\n        <\/div>\r\n    <\/div>\r\n<\/section>\r\n\n<div style=\"height:100px\" aria-hidden=\"true\" class=\"wp-block-spacer\"><\/div>\n<section  class=\"wrapper\">\r\n\r\n\r\n    \r\n    <div class=\"container\" data-aos=\"fade-up\">\r\n        <div class=\"row\">\r\n                        <div class=\"col-12\">\r\n                <h2>Smart home hubs<\/h2>\n<p>Un hub de maison connect\u00e9e est un appareil ou un logiciel qui relie les \u00e9quipements de maison connect\u00e9e, tels que votre Serrure Intelligente LOQED Touch, les uns aux autres. Ainsi, vous pouvez, par exemple, \u00e9teindre automatiquement vos lumi\u00e8res lorsque vous verrouillez la porte derri\u00e8re vous en partant. Ou bien vous pouvez utiliser un hub de maison connect\u00e9e pour associer votre Serrure Intelligente LOQED \u00e0 votre <a href=\"https:\/\/support.loqed.com\/en\/articles\/6144059\">smartwatch<\/a>.<\/p>\n            <\/div>\r\n                        <div class=\"col-xs-12 col-sm-12 col-md-4 col-lg-4 mb-5\">\r\n                <div class=\"theme-card\"><h2><img decoding=\"async\" loading=\"lazy\" class=\"alignnone wp-image-1341\" src=\"https:\/\/loqed.com\/wp-content\/uploads\/2022\/04\/loxone_logo_550x-300x300.webp\" alt=\"\" width=\"62\" height=\"62\" srcset=\"https:\/\/loqed.com\/wp-content\/uploads\/2022\/04\/loxone_logo_550x-300x300.webp 300w, https:\/\/loqed.com\/wp-content\/uploads\/2022\/04\/loxone_logo_550x-150x150.webp 150w, https:\/\/loqed.com\/wp-content\/uploads\/2022\/04\/loxone_logo_550x-100x100.webp 100w, https:\/\/loqed.com\/wp-content\/uploads\/2022\/04\/loxone_logo_550x.webp 550w\" sizes=\"(max-width: 62px) 100vw, 62px\" \/><\/h2>\n<h2>Loxone<\/h2>\n<p>Loxone vous permet d&#8217;automatiser enti\u00e8rement votre maison d&#8217;une mani\u00e8re tr\u00e8s simple et intuitive. Gr\u00e2ce \u00e0 l&#8217;int\u00e9gration de Loxone, vous pouvez <a href=\"https:\/\/support.loqed.com\/en\/articles\/6144015\" target=\"_blank\" rel=\"noopener\">connecter votre Serrure Intleligente LOQED Touch<\/a>\u00a0\u00e0 votre installation Loxone. Cela permet \u00e0 Loxone d&#8217;enclencher la serrure de votre porte de mani\u00e8re enti\u00e8rement automatique de nuit en allant vous coucher.<\/p>\n<\/div>            <\/div>\r\n                        <div class=\"col-xs-12 col-sm-12 col-md-4 col-lg-4 mb-5\">\r\n                <div class=\"theme-card\"><p><img decoding=\"async\" loading=\"lazy\" class=\"alignnone wp-image-1535\" src=\"https:\/\/loqed.com\/wp-content\/uploads\/2022\/04\/homey-300x188.webp\" alt=\"\" width=\"99\" height=\"62\" srcset=\"https:\/\/loqed.com\/wp-content\/uploads\/2022\/04\/homey-300x188.webp 300w, https:\/\/loqed.com\/wp-content\/uploads\/2022\/04\/homey-768x480.webp 768w, https:\/\/loqed.com\/wp-content\/uploads\/2022\/04\/homey-600x375.webp 600w, https:\/\/loqed.com\/wp-content\/uploads\/2022\/04\/homey.webp 800w\" sizes=\"(max-width: 99px) 100vw, 99px\" \/><\/p>\n<h2>Homey<\/h2>\n<p>Homey est un hub int\u00e9gr\u00e9 pour maison connect\u00e9e qui relie plus de 40 000 appareils intelligents. Il s&#8217;agit notamment de Fibaro, Somfy, Samsung, Nest, Philips Hue, et bien d&#8217;autres. L&#8217;application Homey et Homey pro peuvent \u00eatre int\u00e9gr\u00e9s \u00e0 LOQED, ce qui vous permettra d&#8217;inclure la <a href=\"https:\/\/homey.app\/en-us\/app\/com.loqed.touch-smart-lock\/LOQED\/\" target=\"_blank\" rel=\"noopener\">Serrure Intelligente LOQED Touch<\/a> dans vos automatismes et routines domestiques. Pour en savoir plus sur la fa\u00e7on dont LOQED et Homey peuvent interagir, cliquez <a href=\"https:\/\/loqed.com\/en\/news\/loqed-and-homey-a-perfect-smart-home-marriage\/\" target=\"_blank\" rel=\"noopener\">ici<\/a>.<\/p>\n<\/div>            <\/div>\r\n                        <div class=\"col-xs-12 col-sm-12 col-md-4 col-lg-4 mb-5\">\r\n                <div class=\"theme-card\"><p><img decoding=\"async\" loading=\"lazy\" class=\"alignnone wp-image-8256\" src=\"https:\/\/loqed.com\/wp-content\/uploads\/2023\/06\/Iobroker_logo.svg\" alt=\"\" width=\"279\" height=\"62\" \/><\/p>\n<h2>ioBroker<\/h2>\n<p><a href=\"https:\/\/www.iobroker.net\/\" target=\"_blank\" rel=\"noopener\">ioBroker<\/a>\u00a0is an open source automation platform. With the\u00a0<a href=\"https:\/\/support.loqed.com\/en\/articles\/8046336-iobroker-loqed-integration\" target=\"_blank\" rel=\"noopener\">ioBroker adapter for LOQED<\/a>\u00a0you can connect your LOQED smart lock to it.<\/p>\n<\/div>            <\/div>\r\n                        <div class=\"col-xs-12 col-sm-12 col-md-4 col-lg-4 mb-5\">\r\n                <div class=\"theme-card\"><h2><img decoding=\"async\" loading=\"lazy\" class=\"alignnone wp-image-1541\" src=\"https:\/\/loqed.com\/wp-content\/uploads\/2022\/04\/olisto-300x188.webp\" alt=\"\" width=\"99\" height=\"62\" srcset=\"https:\/\/loqed.com\/wp-content\/uploads\/2022\/04\/olisto-300x188.webp 300w, https:\/\/loqed.com\/wp-content\/uploads\/2022\/04\/olisto-768x480.webp 768w, https:\/\/loqed.com\/wp-content\/uploads\/2022\/04\/olisto-600x375.webp 600w, https:\/\/loqed.com\/wp-content\/uploads\/2022\/04\/olisto.webp 800w\" sizes=\"(max-width: 99px) 100vw, 99px\" \/><\/h2>\n<h2>Olisto<\/h2>\n<p>Avec l&#8217;application domotique Olisto, vous pouvez cr\u00e9er des Triggs selon des r\u00e8gles &#8220;quand&#8221; &#8220;alors&#8221;. La plateforme Olisto connecte des appareils et des services intelligents tels que Philips Hue, Nest, Google, Siri, les smartwatches et bien d&#8217;autres. Vous pouvez par exemple <a href=\"https:\/\/support.loqed.com\/en\/articles\/6144012\" target=\"_blank\" rel=\"noopener\">connectez votre Serrure Intelligente LOQED Touch<\/a>\u00a0\u00e0 la cam\u00e9ra de votre sonnette, afin qu&#8217;elle puisse d\u00e9verrouiller la porte pour les personnes que vous connaissez. Ou ouvrez la porte depuis votre <a href=\"https:\/\/support.loqed.com\/en\/articles\/6144059\" target=\"_blank\" rel=\"noopener\">smartwatch<\/a> lorsque vous rentrez de votre footing.<\/p>\n<\/div>            <\/div>\r\n                        <div class=\"col-xs-12 col-sm-12 col-md-4 col-lg-4 mb-5\">\r\n                <div class=\"theme-card\"><h2><img decoding=\"async\" loading=\"lazy\" class=\"alignnone wp-image-1547\" src=\"https:\/\/loqed.com\/wp-content\/uploads\/2022\/04\/home-assistant-300x188.webp\" alt=\"\" width=\"99\" height=\"62\" srcset=\"https:\/\/loqed.com\/wp-content\/uploads\/2022\/04\/home-assistant-300x188.webp 300w, https:\/\/loqed.com\/wp-content\/uploads\/2022\/04\/home-assistant-768x480.webp 768w, https:\/\/loqed.com\/wp-content\/uploads\/2022\/04\/home-assistant-600x375.webp 600w, https:\/\/loqed.com\/wp-content\/uploads\/2022\/04\/home-assistant.webp 800w\" sizes=\"(max-width: 99px) 100vw, 99px\" \/><\/h2>\n<h2>Home Assistant<\/h2>\n<p>Home Assistant est un hub pour maison connect\u00e9e destin\u00e9 aux usagers avanc\u00e9s. En utilisant l&#8217;int\u00e9gration de Home Assistant, vous pouvez cr\u00e9er des flux pour votre maison. Ainsi, lorsque le soleil se couche, vos rideaux se ferment, les lumi\u00e8res s&#8217;allument et votre Serrure Intelligente LOQED verrouille votre porte. Avec Home Assistant, tout est possible quand vous concevez votre maison connect\u00e9e.<\/p>\n<\/div>            <\/div>\r\n                        <div class=\"col-xs-12 col-sm-12 col-md-4 col-lg-4 mb-5\">\r\n                <div class=\"theme-card\"><p><img decoding=\"async\" loading=\"lazy\" class=\"alignnone wp-image-1550\" src=\"https:\/\/loqed.com\/wp-content\/uploads\/2022\/04\/fibaro-300x188.webp\" alt=\"\" width=\"99\" height=\"62\" srcset=\"https:\/\/loqed.com\/wp-content\/uploads\/2022\/04\/fibaro-300x188.webp 300w, https:\/\/loqed.com\/wp-content\/uploads\/2022\/04\/fibaro-768x480.webp 768w, https:\/\/loqed.com\/wp-content\/uploads\/2022\/04\/fibaro-600x375.webp 600w, https:\/\/loqed.com\/wp-content\/uploads\/2022\/04\/fibaro.webp 800w\" sizes=\"(max-width: 99px) 100vw, 99px\" \/><\/p>\n<h2>Fibaro<\/h2>\n<p>La prise en charge Fibaro (construite par Intuitech) vous permet de connecter les \u00e9quipements Fibaro, tels que les boutons et les t\u00e9l\u00e9commandes, \u00e0 votre Serrure Intelligente LOQED Touch avec une seule application. Vous pouvez ainsi contr\u00f4ler votre \u00e9quipement Fibaro, la serrure LOQED et vos autres appareils de maison connect\u00e9e \u00e0 partir d&#8217;un seul endroit, rapidement et facilement.<\/p>\n<\/div>            <\/div>\r\n                        <div class=\"col-xs-12 col-sm-12 col-md-4 col-lg-4 mb-5\">\r\n                <div class=\"theme-card\"><p><img decoding=\"async\" loading=\"lazy\" class=\"alignnone wp-image-3499\" src=\"https:\/\/loqed.com\/wp-content\/uploads\/2022\/06\/symcon.png\" alt=\"\" width=\"99\" height=\"62\" srcset=\"https:\/\/loqed.com\/wp-content\/uploads\/2022\/06\/symcon.png 800w, https:\/\/loqed.com\/wp-content\/uploads\/2022\/06\/symcon-768x480.png 768w, https:\/\/loqed.com\/wp-content\/uploads\/2022\/06\/symcon-600x375.png 600w\" sizes=\"(max-width: 99px) 100vw, 99px\" \/><\/p>\n<h2>IP-Symcon<\/h2>\n<p>Le logiciel IP-Symcon est une r\u00e9ponse compl\u00e8te \u00e0 la domotique. Elle vous permet de combiner les produits de tous les fabricants renomm\u00e9s et permet \u00e0 votre maison de penser par elle-m\u00eame. Une multitude d&#8217;assistants et d&#8217;outils permettent une configuration confortable en mettant l&#8217;accent sur la clart\u00e9 et la s\u00e9curit\u00e9. Si vous utilisez IP-SYMCON pour votre domotique, vous pourrez y int\u00e9grer la LOQED Touch. <a href=\"https:\/\/support.loqed.com\/en\/articles\/6224104\">En savoir plus sur notre page de service client. <\/a><\/p>\n<\/div>            <\/div>\r\n                        <div class=\"col-xs-12 col-sm-12 col-md-4 col-lg-4 mb-5\">\r\n                <div class=\"theme-card\"><p><img decoding=\"async\" loading=\"lazy\" class=\"alignnone wp-image-3502\" src=\"https:\/\/loqed.com\/wp-content\/uploads\/2022\/06\/domoticz.png\" alt=\"\" width=\"99\" height=\"62\" srcset=\"https:\/\/loqed.com\/wp-content\/uploads\/2022\/06\/domoticz.png 800w, https:\/\/loqed.com\/wp-content\/uploads\/2022\/06\/domoticz-768x480.png 768w, https:\/\/loqed.com\/wp-content\/uploads\/2022\/06\/domoticz-600x375.png 600w\" sizes=\"(max-width: 99px) 100vw, 99px\" \/><\/p>\n<h2>Domoticz<\/h2>\n<p>Domoticz est un syst\u00e8me de domotique qui vous permet de surveiller et de configurer divers dispositifs comme : Lumi\u00e8res, interrupteurs, divers capteurs\/m\u00e8tres comme la temp\u00e9rature, la pluie, le vent, les UV, l&#8217;\u00e9lectricit\u00e9, le gaz, l&#8217;eau et bien plus encore. Les notifications\/alertes peuvent \u00eatre envoy\u00e9es \u00e0 n&#8217;importe quel appareil mobile. La LOQED Touch s&#8217;int\u00e8gre parfaitement \u00e0 votre installation Domoticz. <a href=\"https:\/\/support.loqed.com\/en\/articles\/6144032\">En savoir plus sur notre page de service client. <\/a><\/p>\n<\/div>            <\/div>\r\n                          \r\n        <\/div>\r\n    <\/div>\r\n<\/section>\r\n\n<div style=\"height:100px\" aria-hidden=\"true\" class=\"wp-block-spacer\"><\/div>\n<section  class=\"wrapper\">\r\n\r\n\r\n    \r\n    <div class=\"container\" data-aos=\"fade-up\">\r\n        <div class=\"row\">\r\n                        <div class=\"col-12\">\r\n                <h2>Autres<\/h2>\n            <\/div>\r\n                        <div class=\"col-xs-12 col-sm-12 col-md-4 col-lg-4 mb-5\">\r\n                <div class=\"theme-card\"><p><img decoding=\"async\" loading=\"lazy\" class=\"alignnone wp-image-1553\" src=\"https:\/\/loqed.com\/wp-content\/uploads\/2022\/04\/doorbird-300x188.webp\" alt=\"\" width=\"99\" height=\"62\" srcset=\"https:\/\/loqed.com\/wp-content\/uploads\/2022\/04\/doorbird-300x188.webp 300w, https:\/\/loqed.com\/wp-content\/uploads\/2022\/04\/doorbird-768x480.webp 768w, https:\/\/loqed.com\/wp-content\/uploads\/2022\/04\/doorbird-600x375.webp 600w, https:\/\/loqed.com\/wp-content\/uploads\/2022\/04\/doorbird.webp 800w\" sizes=\"(max-width: 99px) 100vw, 99px\" \/><\/p>\n<h2>Doorbird<\/h2>\n<p>Gr\u00e2ce \u00e0 la sonnette vid\u00e9o DoorBird, plus jamais vous ne manquerez un visiteur, m\u00eame en cas d\u2019absence. Et gr\u00e2ce \u00e0 une int\u00e9gration intelligente de LOQED dans l\u2019Appli Doorbird, vous pourrez ouvrir votre porte via l\u2019Appli DoorBird. Que ce soit un de vos amis qui vous attende ou un livreur de colis, vous pouvez toujours regarder qui est l\u00e0 et d\u00e9verrouiller ou verrouiller la porte pour lui. Vous souhaitez d\u00e9couvrir comment mettre en place cette int\u00e9gration ? Pour en savoir plus, cliquez\u00a0<a href=\"https:\/\/support.loqed.com\/en\/articles\/6144017\" target=\"_blank\" rel=\"noopener\">ici<\/a>.<\/p>\n<\/div>            <\/div>\r\n                        <div class=\"col-xs-12 col-sm-12 col-md-4 col-lg-4 mb-5\">\r\n                <div class=\"theme-card\"><p><img decoding=\"async\" loading=\"lazy\" class=\"alignnone wp-image-1556\" src=\"https:\/\/loqed.com\/wp-content\/uploads\/2022\/04\/API-300x188.webp\" alt=\"\" width=\"99\" height=\"62\" srcset=\"https:\/\/loqed.com\/wp-content\/uploads\/2022\/04\/API-300x188.webp 300w, https:\/\/loqed.com\/wp-content\/uploads\/2022\/04\/API-768x480.webp 768w, https:\/\/loqed.com\/wp-content\/uploads\/2022\/04\/API-600x375.webp 600w, https:\/\/loqed.com\/wp-content\/uploads\/2022\/04\/API.webp 800w\" sizes=\"(max-width: 99px) 100vw, 99px\" \/><\/p>\n<h2>API<\/h2>\n<p>Si l\u2019int\u00e9gration \u00e0 votre maison connect\u00e9e ne figure pas dans la liste ci-dessus et que vous \u00eates un utilisateur exp\u00e9riment\u00e9, vous pouvez\u00a0<a href=\"https:\/\/support.loqed.com\/en\/articles\/6127856\" target=\"_blank\" rel=\"noopener\">utiliser notre API<\/a>\u00a0pour cr\u00e9er votre propre int\u00e9gration.<\/p>\n<\/div>            <\/div>\r\n                          \r\n        <\/div>\r\n    <\/div>\r\n<\/section>\r\n\n<p><\/p>\n","protected":false},"excerpt":{"rendered":"","protected":false},"author":129,"featured_media":6622,"parent":0,"menu_order":0,"comment_status":"closed","ping_status":"closed","template":"","meta":{"_mo_disable_npp":"","inline_featured_image":false},"acf":[],"aioseo_notices":[],"_links":{"self":[{"href":"https:\/\/loqed.com\/fr\/wp-json\/wp\/v2\/pages\/7168"}],"collection":[{"href":"https:\/\/loqed.com\/fr\/wp-json\/wp\/v2\/pages"}],"about":[{"href":"https:\/\/loqed.com\/fr\/wp-json\/wp\/v2\/types\/page"}],"author":[{"embeddable":true,"href":"https:\/\/loqed.com\/fr\/wp-json\/wp\/v2\/users\/129"}],"replies":[{"embeddable":true,"href":"https:\/\/loqed.com\/fr\/wp-json\/wp\/v2\/comments?post=7168"}],"version-history":[{"count":3,"href":"https:\/\/loqed.com\/fr\/wp-json\/wp\/v2\/pages\/7168\/revisions"}],"predecessor-version":[{"id":8975,"href":"https:\/\/loqed.com\/fr\/wp-json\/wp\/v2\/pages\/7168\/revisions\/8975"}],"wp:featuredmedia":[{"embeddable":true,"href":"https:\/\/loqed.com\/fr\/wp-json\/wp\/v2\/media\/6622"}],"wp:attachment":[{"href":"https:\/\/loqed.com\/fr\/wp-json\/wp\/v2\/media?parent=7168"}],"curies":[{"name":"wp","href":"https:\/\/api.w.org\/{rel}","templated":true}]}}