{"id":7162,"date":"2023-01-31T02:35:29","date_gmt":"2023-01-31T01:35:29","guid":{"rendered":"https:\/\/loqed.com\/serrure-intelligente-loqed-la-serrure-intelligente-la-plus-sure-et-la-plus-intelligente\/"},"modified":"2023-08-29T12:31:45","modified_gmt":"2023-08-29T11:31:45","slug":"serrure-intelligente-loqed-la-serrure-intelligente-la-plus-sure-et-la-plus-intelligente","status":"publish","type":"page","link":"https:\/\/loqed.com\/fr\/","title":{"rendered":"Serrure Intelligente | LOQED &#8211; La serrure intelligente la plus s\u00fbre et la plus intelligente"},"content":{"rendered":"\r\n\r\n\r\n\r\n<!-- hero -->\r\n<section class=\"theme-video-hero fullheight\" \r\n\t\t\t\t\r\n\t\t\t\t>\r\n\t \r\n\t\t<video autoplay loop muted playsinline>\r\n\t\t<source src=\"https:\/\/loqed.com\/wp-content\/uploads\/2022\/12\/loqed_close_up_animation2_gv002__-1_Camera_1_SMALL.mp4\" type=\"video\/mp4\" \/>\r\n\t<\/video>\r\n\t\r\n\t<div class=\"container\">\r\n<!--\t\t<div class=\"theme-hero__content center\">-->\r\n\t\t<div class=\"theme-hero__content center\">\r\n\t\t\t\t\t\t<div class=\"theme-hero__text\">\r\n\t\t\t\t<h1>Lib\u00e9rer tout le potentiel de la porte<\/h1>\n<h2>Acc\u00e8s facile sans les cl\u00e9s traditionnelles. Facile et s\u00fbr.<\/h2>\n<p><!-- TrustBox widget - Micro Star --><\/p>\n<div class=\"trustpilot-widget\" data-locale=\"fr-FR\" data-template-id=\"5419b732fbfb950b10de65e5\" data-businessunit-id=\"60620b927ab622000176827c\" data-style-height=\"24px\" data-style-width=\"280px\" data-theme=\"dark\"><a href=\"https:\/\/fr.trustpilot.com\/review\/loqed.com\" target=\"_blank\" rel=\"noopener\">Trustpilot<\/a><\/div>\n<p><!-- End TrustBox widget --><\/p>\n\t\t\t<\/div>\r\n\t\t\t\t\t\t<div class=\"theme-hero__buttons\">\r\n\t\t\t\t\t\t\t\t<a class=\"button button-purple button-hero\" href=\"#video\">\r\n\t\t\t\t\tRegarder la vid\u00e9o\t\t\t\t<\/a>\r\n\t\t\t\t\t\t\t\t<a class=\"button button-black button-hero\" href=\"\/product\/loqed-touch-smart-lock\/\">\r\n\t\t\t\t\tAcheter maintenant\t\t\t\t<\/a>\r\n\t\t\t\t\t\t\t<\/div>\r\n\t\t<\/div>\r\n\t<\/div>\r\n<\/section>\r\n<!-- review block -->\r\n<section class=\"theme-reviews\">\r\n\t<div class=\"container\"  data-aos=\"fade-up\">\r\n\t\t<div class=\"theme-reviews__slider\">\r\n\r\n\t\t\t\t\t\t<a href=\"\/fr\/actualites\/coolblue-donne-son-avis-sur-la-loqed-touch\/\" class=\"theme-review\">\r\n\t\t\t\t<div class=\"theme-review__img\">\r\n\t\t\t\t\t<img decoding=\"async\" src=\"https:\/\/loqed.com\/wp-content\/uploads\/2022\/08\/loqed_coolblue_logo.webp\" alt=\"\">\r\n\t\t\t\t<\/div>\r\n\t\t\t\t<div class=\"theme-review__text\">\r\n\t\t\t\t\t<p>&#8220;Other locks you might call smart locks but technically they\u2019re additions to make your stupid lock smarter. The LOQED is truly a smart lock since it replaces your cylinder &#8211; your lock\u2019s interior &#8211; and is also the first smart lock with technology on the outside.&#8221;<\/p>\n\t\t\t\t<\/div>\r\n\t\t\t<\/a>\r\n\t\t\t\t\t\t<a href=\"https:\/\/androidworld.nl\/review\/loqed-smart-lock-preview\" class=\"theme-review\">\r\n\t\t\t\t<div class=\"theme-review__img\">\r\n\t\t\t\t\t<img decoding=\"async\" src=\"https:\/\/loqed.com\/wp-content\/uploads\/2022\/04\/androidworld-logo_550x.webp\" alt=\"\">\r\n\t\t\t\t<\/div>\r\n\t\t\t\t<div class=\"theme-review__text\">\r\n\t\t\t\t\t<p>Rapide, facile et s\u00fbr. Un acc\u00e8s intelligent \u00e0 la maison sans vos bonnes vieilles cl\u00e9s.<\/p>\n\t\t\t\t<\/div>\r\n\t\t\t<\/a>\r\n\t\t\t\t\t\t<a href=\"https:\/\/www.rtlnieuws.nl\/tech\/artikel\/5177148\/loqed-nemef-nuki-yale-slim-slot-voordeur\" class=\"theme-review\">\r\n\t\t\t\t<div class=\"theme-review__img\">\r\n\t\t\t\t\t<img decoding=\"async\" src=\"https:\/\/loqed.com\/wp-content\/uploads\/2022\/04\/bright-logo_550x.webp\" alt=\"\">\r\n\t\t\t\t<\/div>\r\n\t\t\t\t<div class=\"theme-review__text\">\r\n\t\t\t\t\t<p>\u201cWith this smart lock you don\u2019t need you keys anymore and even your phone can stay in your pocket.\u201d<\/p>\n\t\t\t\t<\/div>\r\n\t\t\t<\/a>\r\n\t\t\t\t\t\t<a href=\"https:\/\/www.robbshop.nl\/beveiliging\/slimme-deursloten\/loqed\" class=\"theme-review\">\r\n\t\t\t\t<div class=\"theme-review__img\">\r\n\t\t\t\t\t<img decoding=\"async\" src=\"https:\/\/loqed.com\/wp-content\/uploads\/2022\/12\/ROBB-logo-ORANJE-RGB.png\" alt=\"\">\r\n\t\t\t\t<\/div>\r\n\t\t\t\t<div class=\"theme-review__text\">\r\n\t\t\t\t\t<p>Test vid\u00e9o : &#8220;Tr\u00e8s satisfait des possibilit\u00e9s et du design&#8221;.<\/p>\n\t\t\t\t<\/div>\r\n\t\t\t<\/a>\r\n\t\t\t\t\t<\/div>\r\n\t<\/div>\r\n<\/section>\r\n\r\n\r\n\r\n<!-- hero -->\r\n<section class=\"theme-hero fullheight\" \r\n\t\t\t\t\r\n\t\t\t\t style=\"background-image: url(https:\/\/loqed.com\/wp-content\/uploads\/2023\/03\/loqed-touch-display.jpg)\">\r\n\t\r\n\t<div class=\"container\">\r\n<!--\t\t<div class=\"theme-hero__content left\">-->\r\n\t\t<div class=\"theme-hero__content center\">\r\n\t\t\t\t\t\t<div class=\"theme-hero__text\">\r\n\t\t\t\t<h2 class=\"h1\">Touch Smart Lock<\/h2>\n<h2>La seule serrure qui s\u2019ouvre d\u2019un seul toucher<\/h2>\n\t\t\t<\/div>\r\n\t\t\t\t\t\t<div class=\"theme-hero__buttons\">\r\n\t\t\t\t\t\t\t\t<a class=\"button button-purple button-hero\" href=\"\/product\/loqed-touch-smart-lock\/\">\r\n\t\t\t\t\tPour en savoir plus\t\t\t\t<\/a>\r\n\t\t\t\t\t\t\t<\/div>\r\n\t\t<\/div>\r\n\t<\/div>\r\n<\/section><!-- brands bar -->\r\n<section class=\"theme-brands\">\r\n    <div class=\"container\" data-aos=\"fade-up\">\r\n        <div class=\"theme-brands__title\"><p style=\"text-align: center;\">Compatible avec<\/p>\n<\/div>\r\n        <div class=\"theme-brands__row\">\r\n                        <div class=\"theme-brands__item\">\r\n                <img decoding=\"async\" src=\"https:\/\/loqed.com\/wp-content\/uploads\/2022\/12\/Image-1.png\" alt=\"\">\r\n                <div class=\"theme-brands__item__title\">\r\n                    Google Assistant                <\/div>\r\n            <\/div>\r\n                        <div class=\"theme-brands__item\">\r\n                <img decoding=\"async\" src=\"https:\/\/loqed.com\/wp-content\/uploads\/2022\/12\/Image-3.png\" alt=\"\">\r\n                <div class=\"theme-brands__item__title\">\r\n                    Loxone                <\/div>\r\n            <\/div>\r\n                        <div class=\"theme-brands__item\">\r\n                <img decoding=\"async\" src=\"https:\/\/loqed.com\/wp-content\/uploads\/2022\/12\/Image-2.png\" alt=\"\">\r\n                <div class=\"theme-brands__item__title\">\r\n                    Homey                <\/div>\r\n            <\/div>\r\n                        <div class=\"theme-brands__item\">\r\n                <img decoding=\"async\" src=\"https:\/\/loqed.com\/wp-content\/uploads\/2022\/12\/Image-4.png\" alt=\"\">\r\n                <div class=\"theme-brands__item__title\">\r\n                    Olisto                <\/div>\r\n            <\/div>\r\n                        <div class=\"theme-brands__item\">\r\n                <img decoding=\"async\" src=\"https:\/\/loqed.com\/wp-content\/uploads\/2022\/12\/Image-6.png\" alt=\"\">\r\n                <div class=\"theme-brands__item__title\">\r\n                    Home assistant                <\/div>\r\n            <\/div>\r\n                        <div class=\"theme-brands__item\">\r\n                <img decoding=\"async\" src=\"https:\/\/loqed.com\/wp-content\/uploads\/2022\/12\/Image-5.png\" alt=\"\">\r\n                <div class=\"theme-brands__item__title\">\r\n                    Apple Watch                <\/div>\r\n            <\/div>\r\n                        <div class=\"theme-brands__item\">\r\n                <img decoding=\"async\" src=\"https:\/\/loqed.com\/wp-content\/uploads\/2022\/12\/Image-7.png\" alt=\"\">\r\n                <div class=\"theme-brands__item__title\">\r\n                    IFTTT                <\/div>\r\n            <\/div>\r\n                        <div class=\"theme-brands__item\">\r\n                <img decoding=\"async\" src=\"https:\/\/loqed.com\/wp-content\/uploads\/2022\/12\/Image-8.png\" alt=\"\">\r\n                <div class=\"theme-brands__item__title\">\r\n                    DoorBird                <\/div>\r\n            <\/div>\r\n                        <div class=\"theme-brands__item\">\r\n                <img decoding=\"async\" src=\"https:\/\/loqed.com\/wp-content\/uploads\/2022\/12\/Image-9.png\" alt=\"\">\r\n                <div class=\"theme-brands__item__title\">\r\n                    API                <\/div>\r\n            <\/div>\r\n                    <\/div>\r\n    <\/div>\r\n<\/section>\r\n<!-- video banner -->\r\n<section class=\"theme-video-lg\">\r\n\t<div class=\"container-fluid\">\r\n\t\t<div class=\"row\">\r\n\t\t\t<div class=\"col-12 p-0\">\r\n\t\t\t<div class=\"theme-video-lg__overlay\">Construit pour durer<\/div>\r\n\t\t\t\t<video autoplay loop muted playsinline>\r\n\t\t\t\t\t<source src=\"https:\/\/loqed.com\/wp-content\/uploads\/2023\/03\/loqed-explode.mp4\" type=\"video\/mp4\" \/>\r\n\t\t\t\t\t<p>\r\n\t\t\t\t\t\tYour browser doesn&#8217;t support HTML video. Here is a\r\n\t\t\t\t\t\t<a href=\"myVideo.mp4\">link to the video<\/a> instead.\r\n\t\t\t\t\t<\/p>\r\n\t\t\t\t<\/video>\r\n\t\t\t<\/div>\r\n\t\t<\/div>\r\n\t<\/div>\r\n<\/section><section  class=\"wrapper theme-products\">\r\n\r\n\r\n    \r\n    <div class=\"container\" data-aos=\"fade-up\">\r\n        <div class=\"row\">\r\n                        <div class=\"col-12\">\r\n                <div class=\"theme-products__carousel\"><div class=\"theme-products__single\"><div class=\"theme-products__single-content\"><div class=\"row justify-content-center\"><div class=\"col-md-4 p-0 m-0\"><a href=\"https:\/\/loqed.com\/fr\/produit\/serrure-intelligente-loqed-touch-black-edition\/\"><div class=\"theme-products__single-img\"><img decoding=\"async\" src=\"https:\/\/loqed.com\/wp-content\/uploads\/2022\/10\/Productafbeeldingen_Home_2.jpg\" alt=\"\"><\/div><\/a><\/div><div class=\"col-md-4 p-0 m-0\"><div class=\"theme-products__single-info\"><div class=\"theme-products__single-name\">Serrure Intelligente LOQED Touch &#8211; Black Edition<\/div><div class=\"theme-products__single-text\"><p>Le Touch est \u00e9galement disponible en noir mat. M\u00eame serrure, m\u00eame commodit\u00e9, m\u00eame niveau de s\u00e9curit\u00e9 \u00e9lev\u00e9, mais couleur totalement diff\u00e9rente.<\/p>\n<\/div><a class=\"theme-products__single-add\" href=\"https:\/\/loqed.com\/fr\/produit\/serrure-intelligente-loqed-touch-black-edition\/\">Pour en savoir plus<\/a><\/div><\/div><\/div><\/div><\/div><div class=\"theme-products__single\"><div class=\"theme-products__single-content\"><div class=\"row justify-content-center\"><div class=\"col-md-4 p-0 m-0\"><a href=\"https:\/\/loqed.com\/fr\/produit\/serrure-intelligente-loqed-touch\/\"><div class=\"theme-products__single-img\"><img decoding=\"async\" src=\"https:\/\/loqed.com\/wp-content\/uploads\/2022\/02\/Productafbeeldingen_Home_1.jpg\" alt=\"\"><\/div><\/a><\/div><div class=\"col-md-4 p-0 m-0\"><div class=\"theme-products__single-info\"><div class=\"theme-products__single-name\">Serrure Intelligente LOQED Touch<\/div><div class=\"theme-products__single-text\"><p>Une simple pression suffit. Ton t\u00e9l\u00e9phone se connecte sans fil \u00e0 ta serrure, sans m\u00eame quitter ta poche.<\/p>\n<\/div><a class=\"theme-products__single-add\" href=\"https:\/\/loqed.com\/fr\/produit\/serrure-intelligente-loqed-touch\/\">Pour en savoir plus<\/a><\/div><\/div><\/div><\/div><\/div><div class=\"theme-products__single\"><div class=\"theme-products__single-content\"><div class=\"row justify-content-center\"><div class=\"col-md-4 p-0 m-0\"><a href=\"https:\/\/loqed.com\/fr\/produit\/power-kit-loqed\/\"><div class=\"theme-products__single-img\"><img decoding=\"async\" src=\"https:\/\/loqed.com\/wp-content\/uploads\/2022\/03\/Productafbeeldingen_Home_3.jpg\" alt=\"\"><\/div><\/a><\/div><div class=\"col-md-4 p-0 m-0\"><div class=\"theme-products__single-info\"><div class=\"theme-products__single-name\">Power Kit LOQED<\/div><div class=\"theme-products__single-text\"><\/div><a class=\"theme-products__single-add\" href=\"https:\/\/loqed.com\/fr\/produit\/power-kit-loqed\/\">Pour en savoir plus<\/a><\/div><\/div><\/div><\/div><\/div><\/div>\n            <\/div>\r\n                          \r\n        <\/div>\r\n    <\/div>\r\n<\/section>\r\n\r\n<!-- video banner -->\r\n<section class=\"theme-video-lg\">\r\n\t<div class=\"container-fluid\">\r\n\t\t<div class=\"row\">\r\n\t\t\t<div class=\"col-12 p-0\">\r\n\t\t\t<div class=\"theme-video-lg__overlay\">S&#8217;ouvrir d&#8217;une simple pression. N&#8217;importe quelle touche.<\/div>\r\n\t\t\t\t<video autoplay loop muted playsinline>\r\n\t\t\t\t\t<source src=\"https:\/\/loqed.com\/wp-content\/uploads\/2023\/03\/touch_touch_touch_h264_nosound.mp4\" type=\"video\/mp4\" \/>\r\n\t\t\t\t\t<p>\r\n\t\t\t\t\t\tYour browser doesn&#8217;t support HTML video. Here is a\r\n\t\t\t\t\t\t<a href=\"myVideo.mp4\">link to the video<\/a> instead.\r\n\t\t\t\t\t<\/p>\r\n\t\t\t\t<\/video>\r\n\t\t\t<\/div>\r\n\t\t<\/div>\r\n\t<\/div>\r\n<\/section>\r\n<!-- split block -->\r\n<section class=\"theme-splitblock\">\r\n\t<div class=\"container\" data-aos=\"fade-up\">\r\n\t\t<div class=\"row\">\r\n\t\t\t<div class=\"col-md-6 me-5\">\r\n\t\t\t\t<div class=\"theme-splitblock__img\">\r\n\t\t\t\t\t<img decoding=\"async\" src=\"https:\/\/loqed.com\/wp-content\/uploads\/2022\/12\/touch-to-open.png\" alt=\"\">\r\n\t\t\t\t<\/div>\r\n\t\t\t<\/div>\r\n\t\t\t<div class=\"col-md-5\">\r\n\t\t\t\t<div class=\"theme-splitblock__title line-purple\">\r\n\t\t\t\t\t<h2>It started with security<\/h2>\r\n\t\t\t\t<\/div>\r\n\t\t\t\t<div class=\"theme-splitblock__text\">\r\n\t\t\t\t\t<p>Notre p\u00e9riple a commenc\u00e9 en nous concentrant uniquement sur la s\u00e9curit\u00e9. Une serrure traditionnelle pouvant \u00eatre crochet\u00e9e en quelques secondes, nous avons cr\u00e9\u00e9 une meilleure solution.<\/p>\n<p>Avec LOQED, il est nettement plus facile de laisser entrer les gentils et de tenir \u00e0 l&#8217;\u00e9cart les m\u00e9chants.<\/p>\n<ul>\n<li>The highest, three-star SKG security certificate<\/li>\n<li>256-bit encryption, as used by banks<\/li>\n<li>Complete elimination of unsecure keyhole<\/li>\n<li>No more losing your keys<\/li>\n<\/ul>\n\t\t\t\t<\/div>\r\n<!--\r\n\t\t\t\t<div class=\"theme-splitblock__list\">\r\n\t\t\t\t\t\t\t\t\t\t<span>Le certificat de s\u00e9curit\u00e9 le plus \u00e9lev\u00e9, trois \u00e9toiles, de SKG<\/span>\r\n\t\t\t\t\t\t\t\t\t\t<span>Cryptage 256 bits, tel qu'utilis\u00e9 par les banques<\/span>\r\n\t\t\t\t\t\t\t\t\t\t<span>\u00c9limination compl\u00e8te des trous de serrure non s\u00e9curis\u00e9s<\/span>\r\n\t\t\t\t\t\t\t\t\t\t<span>Plus de perte de cl\u00e9s<\/span>\r\n\t\t\t\t\t\t\t\t\t<\/div>\r\n-->\r\n\t\t\t\t<div class=\"theme-splitblock__icons\">\r\n\t\t\t\t\t\t\t\t\t\t<img decoding=\"async\" src=\"https:\/\/loqed.com\/wp-content\/uploads\/2022\/12\/skg-star.png\" >\r\n\t\t\t\t\t\t\t\t\t\t<img decoding=\"async\" src=\"https:\/\/loqed.com\/wp-content\/uploads\/2022\/12\/skg-check.png\" >\r\n\t\t\t\t\t\t\t\t\t\t<img decoding=\"async\" src=\"https:\/\/loqed.com\/wp-content\/uploads\/2023\/03\/pkvv-logo.png\" >\r\n\t\t\t\t\t\t\t\t\t<\/div>\r\n\t\t\t<\/div>\r\n\t\t<\/div>\r\n\t<\/div>\r\n<\/section>","protected":false},"excerpt":{"rendered":"","protected":false},"author":129,"featured_media":0,"parent":0,"menu_order":0,"comment_status":"closed","ping_status":"closed","template":"templates\/fluidify-default.php","meta":{"_mo_disable_npp":"","inline_featured_image":false},"acf":[],"aioseo_notices":[],"_links":{"self":[{"href":"https:\/\/loqed.com\/fr\/wp-json\/wp\/v2\/pages\/7162"}],"collection":[{"href":"https:\/\/loqed.com\/fr\/wp-json\/wp\/v2\/pages"}],"about":[{"href":"https:\/\/loqed.com\/fr\/wp-json\/wp\/v2\/types\/page"}],"author":[{"embeddable":true,"href":"https:\/\/loqed.com\/fr\/wp-json\/wp\/v2\/users\/129"}],"replies":[{"embeddable":true,"href":"https:\/\/loqed.com\/fr\/wp-json\/wp\/v2\/comments?post=7162"}],"version-history":[{"count":3,"href":"https:\/\/loqed.com\/fr\/wp-json\/wp\/v2\/pages\/7162\/revisions"}],"predecessor-version":[{"id":8793,"href":"https:\/\/loqed.com\/fr\/wp-json\/wp\/v2\/pages\/7162\/revisions\/8793"}],"wp:attachment":[{"href":"https:\/\/loqed.com\/fr\/wp-json\/wp\/v2\/media?parent=7162"}],"curies":[{"name":"wp","href":"https:\/\/api.w.org\/{rel}","templated":true}]}}