{"id":7154,"date":"2023-01-31T02:22:20","date_gmt":"2023-01-31T01:22:20","guid":{"rendered":"https:\/\/loqed.com\/devenir-partenaire\/"},"modified":"2023-01-31T02:22:20","modified_gmt":"2023-01-31T01:22:20","slug":"devenir-partenaire","status":"publish","type":"page","link":"https:\/\/loqed.com\/fr\/devenir-partenaire\/","title":{"rendered":"Devenir partenaire"},"content":{"rendered":"\n<section class=\"wp-block-uagb-section uagb-section__wrap uagb-section__background-undefined uagb-block-9721f47d\"><div class=\"uagb-section__overlay\"><\/div><div class=\"uagb-section__inner-wrap\">\n<h2 class=\"wp-block-heading\" id=\"h-distribution-partners\">Partenaires de distribution<\/h2>\n\n\n\n<p>Nous accueillons des partenaires qui souhaitent faire conna\u00eetre la Serrure Intelligente LOQED Touch et la rendre disponible dans toute l&#8217;Europe. Contactez-nous pour discuter des opportunit\u00e9s via l&#8217;ic\u00f4ne de chat dans le coin inf\u00e9rieur droit ou appelez-nous au +31 (0) 85 0604 578 (du lundi au vendredi entre 10h00 et 17h00) (<strong><em>hors demandes au service client<\/em><\/strong>).<\/p>\n\n\n\n<h2 class=\"wp-block-heading\" id=\"h-installation-partners\">Partenaires d&#8217;installation<\/h2>\n\n\n\n<p>Nous sommes constamment \u00e0 la recherche de serruriers professionnels qui pourraient installer la Serrure Intelligente LOQED Touch pour nos clients dans leur r\u00e9gion. Naturellement, en tant que partenaire d&#8217;installation, vous pouvez \u00e9galement devenir un partenaire de distribution. Contactez-nous pour discuter des possibilit\u00e9s via l&#8217;ic\u00f4ne de chat dans le coin inf\u00e9rieur droit, ou appelez-nous au +31 (0) 85 0604 578 (du lundi au vendredi entre 10h00 et 17h00, hors demandes au service client).<\/p>\n<\/div><\/section>\n","protected":false},"excerpt":{"rendered":"","protected":false},"author":129,"featured_media":0,"parent":0,"menu_order":0,"comment_status":"closed","ping_status":"closed","template":"","meta":{"_mo_disable_npp":"","inline_featured_image":false},"acf":[],"aioseo_notices":[],"_links":{"self":[{"href":"https:\/\/loqed.com\/fr\/wp-json\/wp\/v2\/pages\/7154"}],"collection":[{"href":"https:\/\/loqed.com\/fr\/wp-json\/wp\/v2\/pages"}],"about":[{"href":"https:\/\/loqed.com\/fr\/wp-json\/wp\/v2\/types\/page"}],"author":[{"embeddable":true,"href":"https:\/\/loqed.com\/fr\/wp-json\/wp\/v2\/users\/129"}],"replies":[{"embeddable":true,"href":"https:\/\/loqed.com\/fr\/wp-json\/wp\/v2\/comments?post=7154"}],"version-history":[{"count":1,"href":"https:\/\/loqed.com\/fr\/wp-json\/wp\/v2\/pages\/7154\/revisions"}],"predecessor-version":[{"id":7155,"href":"https:\/\/loqed.com\/fr\/wp-json\/wp\/v2\/pages\/7154\/revisions\/7155"}],"wp:attachment":[{"href":"https:\/\/loqed.com\/fr\/wp-json\/wp\/v2\/media?parent=7154"}],"curies":[{"name":"wp","href":"https:\/\/api.w.org\/{rel}","templated":true}]}}