{"id":7148,"date":"2023-01-30T23:11:29","date_gmt":"2023-01-30T22:11:29","guid":{"rendered":"https:\/\/loqed.com\/a-propos\/"},"modified":"2023-01-30T23:11:29","modified_gmt":"2023-01-30T22:11:29","slug":"a-propos","status":"publish","type":"page","link":"https:\/\/loqed.com\/fr\/a-propos\/","title":{"rendered":"\u00c0 propos"},"content":{"rendered":"\n<div class=\"wp-block-group is-layout-flow\"><div class=\"wp-block-group__inner-container\">\n\n<\/div><\/div>\n\n<section class=\"wp-block-uagb-section uagb-section__wrap uagb-section__background-undefined uagb-block-5760ef62\"><div class=\"uagb-section__overlay\"><\/div><div class=\"uagb-section__inner-wrap\">\n<h1 class=\"has-large-font-size wp-block-heading\" id=\"h-about-loqed\"><strong>\u00c0 Propos de LOQED<\/strong><\/h1>\n<\/div><\/section>\n\n<section class=\"wp-block-uagb-section uagb-section__wrap uagb-section__background-undefined uagb-block-2f669867\"><div class=\"uagb-section__overlay\"><\/div><div class=\"uagb-section__inner-wrap\">\n<h3 class=\"wp-block-heading\"><strong>La cr\u00e9ation de LOQED en 2016<\/strong><\/h3>\n\n\n\n<p>Le fait de perdre ses cl\u00e9s et de manquer la livraison de son colis a conduit \u00e0 la cr\u00e9ation de LOQED en 2016 par Jeroen van Oorschot et Pierre van den Oord. En effet, les solutions existantes de l&#8217;industrie de la serrure \u00e0 l&#8217;ancienne ne suffisaient pas. Elles reposaient toujours sur une cl\u00e9 de secours en m\u00e9tal et proposaient une exp\u00e9rience utilisateur peu fiable, difficile et lente.  <\/p>\n\n\n\n<p>Apr\u00e8s le d\u00e9veloppement d&#8217;une premi\u00e8re version de d\u00e9monstration du produit d\u00e9but 2017, LOQED a fait l&#8217;acquisition d&#8217;un investissement substantiel. Cet investissement a \u00e9t\u00e9 le moteur du d\u00e9veloppement de la serrure intelligente LOQED Touch qui est maintenant disponible. <\/p>\n\n\n\n<div style=\"height:10px\" aria-hidden=\"true\" class=\"wp-block-spacer\"><\/div>\n\n\n\n<h3 class=\"wp-block-heading\"><strong>Ce que nous faisons<\/strong><\/h3>\n\n\n\n<p>LOQED d\u00e9veloppe la premi\u00e8re serrure intelligente sans cl\u00e9 pour les portes europ\u00e9ennes. Plus besoin de t\u00e2tonner avec des cl\u00e9s ; gr\u00e2ce \u00e0 la Serrure Intelligente LOQD Touch, il vous suffit simplement de d\u00e9verrouiller votre porte par simple pression ou par code d&#8217;acc\u00e8s. Vous pourrez garder votre t\u00e9l\u00e9phone Bluetooth dans votre poche. Verrouillez, d\u00e9verrouillez et g\u00e9rez facilement l&#8217;acc\u00e8s pour les amis, la livraison de colis ou le m\u00e9nage depuis n&#8217;importe o\u00f9 avec l&#8217;appli LOQED.<\/p>\n\n\n\n<div style=\"height:10px\" aria-hidden=\"true\" class=\"wp-block-spacer\"><\/div>\n\n\n\n<h3 class=\"wp-block-heading\"><strong>Notre promesse<\/strong><\/h3>\n\n\n\n<p>La fa\u00e7on dont nous entrons dans nos maisons est d\u00e9pass\u00e9e. Les serrures actuelles n&#8217;ont pas \u00e9volu\u00e9 selon notre demande : emp\u00eacher les gens d&#8217;entrer n&#8217;est plus suffisant.<\/p>\n\n\n\n<p>Avec la Serrure Intelligente LOQED Touch servant de portier personnel, nous entrons dans une nouvelle phase. Il s&#8217;agit d\u00e9sormais de donner aux bonnes personnes l&#8217;acc\u00e8s \u00e0 votre vie, o\u00f9 que vous soyez.<\/p>\n<\/div><\/section>\n","protected":false},"excerpt":{"rendered":"","protected":false},"author":129,"featured_media":0,"parent":0,"menu_order":0,"comment_status":"closed","ping_status":"closed","template":"","meta":{"_mo_disable_npp":"","inline_featured_image":false},"acf":[],"aioseo_notices":[],"_links":{"self":[{"href":"https:\/\/loqed.com\/fr\/wp-json\/wp\/v2\/pages\/7148"}],"collection":[{"href":"https:\/\/loqed.com\/fr\/wp-json\/wp\/v2\/pages"}],"about":[{"href":"https:\/\/loqed.com\/fr\/wp-json\/wp\/v2\/types\/page"}],"author":[{"embeddable":true,"href":"https:\/\/loqed.com\/fr\/wp-json\/wp\/v2\/users\/129"}],"replies":[{"embeddable":true,"href":"https:\/\/loqed.com\/fr\/wp-json\/wp\/v2\/comments?post=7148"}],"version-history":[{"count":1,"href":"https:\/\/loqed.com\/fr\/wp-json\/wp\/v2\/pages\/7148\/revisions"}],"predecessor-version":[{"id":7149,"href":"https:\/\/loqed.com\/fr\/wp-json\/wp\/v2\/pages\/7148\/revisions\/7149"}],"wp:attachment":[{"href":"https:\/\/loqed.com\/fr\/wp-json\/wp\/v2\/media?parent=7148"}],"curies":[{"name":"wp","href":"https:\/\/api.w.org\/{rel}","templated":true}]}}