{"id":7140,"date":"2023-01-30T22:53:21","date_gmt":"2023-01-30T21:53:21","guid":{"rendered":"https:\/\/loqed.com\/installation\/"},"modified":"2023-04-14T15:04:20","modified_gmt":"2023-04-14T14:04:20","slug":"installation","status":"publish","type":"page","link":"https:\/\/loqed.com\/fr\/installation\/","title":{"rendered":"Installation"},"content":{"rendered":"\r\n\r\n\r\n\r\n<!-- hero -->\r\n<section class=\"theme-hero halfheight\" \r\n\t\t\t\t\r\n\t\t\t\t style=\"background-image: url(https:\/\/loqed.com\/wp-content\/uploads\/2022\/12\/header-installation-twist.png)\">\r\n\t\r\n\t<div class=\"container\">\r\n<!--\t\t<div class=\"theme-hero__content center\">-->\r\n\t\t<div class=\"theme-hero__content center\">\r\n\t\t\t\t\t\t<div class=\"theme-hero__text\">\r\n\t\t\t\t<h1>Installation<\/h1>\n<p>La LOQED peut-elle \u00eatre install\u00e9e sur ma porte ? Tr\u00e8s probablement ! Pour en \u00eatre s\u00fbr, v\u00e9rifiez-le en moins d&#8217;une minute gr\u00e2ce \u00e0 notre Test d&#8217;Installation.<\/p>\n\t\t\t<\/div>\r\n\t\t\t\t\t\t<div class=\"theme-hero__buttons\">\r\n\t\t\t\t\t\t\t\t<a class=\"button button-purple button-hero\" href=\"\/fr\/test-dinstallation\/\">\r\n\t\t\t\t\tEffectuez le test d&#8217;installation\t\t\t\t<\/a>\r\n\t\t\t\t\t\t\t<\/div>\r\n\t\t<\/div>\r\n\t<\/div>\r\n<\/section>\r\n\r\n<!--split block img right -->\r\n<section class=\"theme-instructions-split\">\r\n    <div class=\"container\" data-aos=\"fade-up\">\r\n        <div class=\"row justify-content-between align-items-center\">\r\n                        <div class=\"col-md-6\">\r\n                <div class=\"theme-instructions-split__title\">\r\n                    <h2>Facile \u00e0 installer soi-m\u00eame<\/h2>\r\n                <\/div>\r\n                <div class=\"theme-instructions-split__text\">\r\n                    <p>L&#8217;installation peut se faire \u00e0 l&#8217;aide d&#8217;un tournevis et aucun per\u00e7age n&#8217;est n\u00e9cessaire. Notre Guide \u00e9tape par \u00e9tape vous aidera dans votre d\u00e9marche.<\/p>\n                <\/div>\r\n                <a href=\"\/fr\/guide-dinstallation\/\" class=\"mt-5 button button-purple button-small\">Consulter le guide d&#8217;installation<\/a>\r\n            <\/div>\r\n            <div class=\"col-md-5\">\r\n                <div class=\"theme-instructions-split__img\">\r\n                    <img decoding=\"async\" src=\"https:\/\/loqed.com\/wp-content\/uploads\/2022\/02\/instruction-loqed1.png\" alt=\"\">\r\n                <\/div>\r\n            <\/div>\r\n                    <\/div>\r\n    <\/div>\r\n<\/section>\r\n\r\n<!--split block img right -->\r\n<section class=\"theme-instructions-split\">\r\n    <div class=\"container\" data-aos=\"fade-up\">\r\n        <div class=\"row justify-content-between align-items-center\">\r\n                        <div class=\"col-md-5\">\r\n                <div class=\"theme-instructions-split__img\">\r\n                    <img decoding=\"async\" src=\"https:\/\/loqed.com\/wp-content\/uploads\/2022\/02\/instruction-loqed2.png\" alt=\"\">\r\n                <\/div>\r\n            <\/div>\r\n            <div class=\"col-md-6\">\r\n                <div class=\"theme-instructions-split__title\">\r\n                    <h2>Engager un pro<\/h2>\r\n                <\/div>\r\n                <div class=\"theme-instructions-split__text\">\r\n                    <p>B\u00e9n\u00e9ficiez d&#8217;une installation professionnelle pour un prix fixe de 99 \u20ac si vous avez un m\u00e9canisme de porte Type Euro qui fonctionne correctement.<\/p>\n                <\/div>\r\n                                <a href=\"\/fr\/installateurs\/\" class=\"mt-5 button button-purple button-small\">Trouver un installateur<\/a>\r\n                            <\/div>\r\n                    <\/div>\r\n    <\/div>\r\n<\/section>\r\n\r\n<!-- installation grid -->\r\n<section class=\"theme-instructions-full\">\r\n\t<div class=\"container\" data-aos=\"fade-up\">\r\n\t\t<div class=\"theme-instructions-full__card\" style=\"background-image: url(https:\/\/loqed.com\/wp-content\/uploads\/2022\/02\/instruction-loqed3.png)\">\r\n\t\t\t<div class=\"theme-instructions-full__card-title\">\r\n\t\t\t\t<h2>Besoin d&#8217;aide?<\/h2>\r\n\t\t\t<\/div>\r\n\t\t\t<div class=\"theme-instructions-full__card-subtitle\"><p style=\"text-align: center;\">Pour toute question, n&#8217;h\u00e9sitez pas \u00e0 nous contacter. Utilisez l&#8217;option de chat (cliquez sur le logo LOQED dans le coin droit). Ou consultez notre Page de Service Client pour trouver des r\u00e9ponses aux questions fr\u00e9quemment pos\u00e9es.<\/p>\n<\/div>\r\n\t\t\t<a href=\"https:\/\/support.loqed.com\/fr\/\" class=\"button button-purple button-small\">Contacter le Service Client<\/a>\r\n\t\t<\/div>\r\n\t<\/div>\r\n<\/section>","protected":false},"excerpt":{"rendered":"","protected":false},"author":129,"featured_media":0,"parent":0,"menu_order":0,"comment_status":"closed","ping_status":"closed","template":"templates\/fluidify-default.php","meta":{"_mo_disable_npp":"","inline_featured_image":false},"acf":[],"aioseo_notices":[],"_links":{"self":[{"href":"https:\/\/loqed.com\/fr\/wp-json\/wp\/v2\/pages\/7140"}],"collection":[{"href":"https:\/\/loqed.com\/fr\/wp-json\/wp\/v2\/pages"}],"about":[{"href":"https:\/\/loqed.com\/fr\/wp-json\/wp\/v2\/types\/page"}],"author":[{"embeddable":true,"href":"https:\/\/loqed.com\/fr\/wp-json\/wp\/v2\/users\/129"}],"replies":[{"embeddable":true,"href":"https:\/\/loqed.com\/fr\/wp-json\/wp\/v2\/comments?post=7140"}],"version-history":[{"count":3,"href":"https:\/\/loqed.com\/fr\/wp-json\/wp\/v2\/pages\/7140\/revisions"}],"predecessor-version":[{"id":7687,"href":"https:\/\/loqed.com\/fr\/wp-json\/wp\/v2\/pages\/7140\/revisions\/7687"}],"wp:attachment":[{"href":"https:\/\/loqed.com\/fr\/wp-json\/wp\/v2\/media?parent=7140"}],"curies":[{"name":"wp","href":"https:\/\/api.w.org\/{rel}","templated":true}]}}