{"id":4450,"date":"2022-10-12T19:10:30","date_gmt":"2022-10-12T18:10:30","guid":{"rendered":"https:\/\/loqed.com\/?post_type=product&#038;p=4450"},"modified":"2024-11-21T13:13:45","modified_gmt":"2024-11-21T12:13:45","slug":"loqed-touch-smart-lock-black-edition","status":"publish","type":"product","link":"https:\/\/loqed.com\/de\/produkt\/loqed-touch-smart-lock-black-edition\/","title":{"rendered":"LOQED Touch Smart Lock &#8211; Black Edition"},"content":{"rendered":"\r\n\r\n\r\n\r\n<!-- hero -->\r\n<section class=\"theme-video-hero fullheight\" \r\n\t\t\t\t\r\n\t\t\t\t>\r\n\t \r\n\t\t<video autoplay loop muted playsinline>\r\n\t\t<source src=\"https:\/\/loqed.com\/wp-content\/uploads\/2022\/10\/deur_zwart_nosound.mp4\" type=\"video\/mp4\" \/>\r\n\t<\/video>\r\n\t\r\n\t<div class=\"container\">\r\n<!--\t\t<div class=\"theme-hero__content left\">-->\r\n\t\t<div class=\"theme-hero__content center\">\r\n\t\t\t\t\t\t<div class=\"theme-hero__text\">\r\n\t\t\t\t<h1>LOQED Touch Smart Lock<\/h1>\n<h2>Das einzige Schloss, dass deine T\u00fcr durch blo\u00dfe Ber\u00fchrung \u00f6ffnet<\/h2>\n\t\t\t<\/div>\r\n\t\t\t\t\t\t<div class=\"theme-hero__buttons\">\r\n\t\t\t\t\t\t\t<\/div>\r\n\t\t<\/div>\r\n\t<\/div>\r\n<\/section><!-- video banner -->\r\n<section class=\"theme-video bg-gray-half\">\r\n        <div class=\"container\">\r\n        <div class=\"row justify-content-center\">\r\n            <div class=\"col-md-8\">\r\n                <div class=\"theme-content\">\r\n                    <h2 style=\"text-align: center;\">Schauen Sie sich an, wie es funktioniert<\/h2>\n                <\/div>\r\n            <\/div>\r\n        <\/div>\r\n    <\/div>\r\n    \r\n    <div class=\"container px-3\" data-aos=\"fade-up\">\r\n        <div class=\"theme-video__overlay\" style=\"background-image: url(https:\/\/loqed.com\/wp-content\/uploads\/2022\/02\/video-overlay-fade.jpg);\">\r\n                        <img decoding=\"async\" src=\"https:\/\/loqed.com\/wp-content\/themes\/fluidify-child\/assets\/images\/play.png\" alt=\"\">\r\n                    <\/div>\r\n                <div class=\"theme-video__player\">\r\n            <video\r\n                   id=\"loqed-video2\"\r\n                   class=\"mejs__player\"\r\n                   preload= \"none\"\r\n                   controls\r\n                   crossorigin=\"\"\r\n                   startLanguage=\"de\"\r\n                   style=\"width:100%;height:100%;\"\r\n                                      data-mejsoptions='{\"pluginPath\": \"https:\/\/loqed.com\/wp-content\/themes\/fluidify-child\/assets\/libs\/mejs\/\", \"iconSprite\": \"https:\/\/loqed.com\/wp-content\/themes\/fluidify-child\/assets\/libs\/mejs\/build\/mejs-controls.svg\", \"alwaysShowControls\": \"true\"}'\r\n                   >\r\n                <source src=\"https:\/\/loqed.com\/wp-content\/themes\/fluidify-child\/assets\/video_de\/LOQED_2022_V2_manifest.mpd\" type=\"application\/dash+xml\" \/>\r\n                <source src=\"https:\/\/loqed.com\/wp-content\/themes\/fluidify-child\/assets\/video_de\/master.m3u8\" type=\"application\/x-mpegURL\" \/>\r\n                <p>\r\n                    To view this video please enable JavaScript, and consider upgrading to a\r\n                    web browser that\r\n                    <a href=\"https:\/\/videojs.com\/html5-video-support\/\" target=\"_blank\">supports HTML5 video<\/a>\r\n                <\/p>\r\n                <track \r\n                       default \r\n                       kind=\"subtitles\" \r\n                       srclang=\"de\" \r\n                       label=\"Deutsch\" \r\n                       src=\"https:\/\/loqed.com\/wp-content\/themes\/fluidify-child\/assets\/video_de\/captions_de-DE.vtt\" \r\n                       \/>\r\n                <track \r\n                       kind=\"subtitles\" \r\n                       srclang=\"en\" \r\n                       label=\"English\" \r\n                       src=\"https:\/\/loqed.com\/wp-content\/themes\/fluidify-child\/assets\/video_de\/captions_en.vtt\" \r\n                       \/>\r\n                <track \r\n\r\n\r\n                       kind=\"subtitles\" \r\n                       srclang=\"nl\" \r\n                       label=\"Nederlands\" \r\n                       src=\"https:\/\/loqed.com\/wp-content\/themes\/fluidify-child\/assets\/video_de\/captions_nl-NL.vtt\" \r\n                       \/>\r\n\r\n            <\/video>\r\n        <\/div>\r\n            <\/div>\r\n<\/section>\r\n<section  class=\"wrapper theme-side-by-side image-first\">\r\n\r\n\r\n    \r\n    <div class=\"container\" data-aos=\"fade-up\">\r\n        <div class=\"row\">\r\n                        <div class=\"col-xs-12 col-sm-12 col-md-8 col-lg-8\">\r\n                <p><img decoding=\"async\" loading=\"lazy\" class=\"alignnone size-full wp-image-7626\" src=\"https:\/\/loqed.com\/wp-content\/uploads\/2022\/02\/loqed-smart-lock-easy-access.jpg\" alt=\"\" width=\"900\" height=\"600\" srcset=\"https:\/\/loqed.com\/wp-content\/uploads\/2022\/02\/loqed-smart-lock-easy-access.jpg 900w, https:\/\/loqed.com\/wp-content\/uploads\/2022\/02\/loqed-smart-lock-easy-access-768x512.jpg 768w, https:\/\/loqed.com\/wp-content\/uploads\/2022\/02\/loqed-smart-lock-easy-access-600x400.jpg 600w\" sizes=\"(max-width: 900px) 100vw, 900px\" \/><\/p>\n            <\/div>\r\n                        <div class=\"col-xs-12 col-sm-12 col-md-4 col-lg-4\">\r\n                <div class=\"text\"><h2><strong>M\u00fcheloser Zugang<\/strong><\/h2>\n<p>Deine T\u00fcr \u00f6ffnen war noch nie so einfach, selbst mit vollbepackten H\u00e4nden. Dein Smartphone in der Tasche ist alles, was du brauchst. Durch Bluetooth wei\u00df das Schloss, dass du in der N\u00e4he bist.<\/p>\n<\/div>            <\/div>\r\n                          \r\n        <\/div>\r\n    <\/div>\r\n<\/section>\r\n<section  class=\"wrapper theme-side-by-side text-first\">\r\n\r\n\r\n    \r\n    <div class=\"container\" data-aos=\"fade-up\">\r\n        <div class=\"row\">\r\n                        <div class=\"col-md-4 order-2 order-md-1\">\r\n                <div class=\"text\"><h2><strong>Gib Schl\u00fcssel vertrauensvoll weiter<\/strong><\/h2>\n<p>Sende digitale Schl\u00fcssel an Freunde, Familie und die Putzhilfe. Nimm die Schl\u00fcssel zur\u00fcck wann immer du willst.<\/p>\n<\/div>            <\/div>\r\n                        <div class=\"col-md-8 order-1 order-md-2\">\r\n                <p><img decoding=\"async\" loading=\"lazy\" class=\"alignnone size-full wp-image-7635\" src=\"https:\/\/loqed.com\/wp-content\/uploads\/2022\/02\/loqed-smart-lock-trust.jpg\" alt=\"\" width=\"900\" height=\"600\" srcset=\"https:\/\/loqed.com\/wp-content\/uploads\/2022\/02\/loqed-smart-lock-trust.jpg 900w, https:\/\/loqed.com\/wp-content\/uploads\/2022\/02\/loqed-smart-lock-trust-768x512.jpg 768w, https:\/\/loqed.com\/wp-content\/uploads\/2022\/02\/loqed-smart-lock-trust-600x400.jpg 600w\" sizes=\"(max-width: 900px) 100vw, 900px\" \/><\/p>\n            <\/div>\r\n                          \r\n        <\/div>\r\n    <\/div>\r\n<\/section>\r\n<section  class=\"wrapper theme-side-by-side image-first\">\r\n\r\n\r\n    \r\n    <div class=\"container\" data-aos=\"fade-up\">\r\n        <div class=\"row\">\r\n                        <div class=\"col-xs-12 col-sm-12 col-md-8 col-lg-8\">\r\n                <p><img decoding=\"async\" loading=\"lazy\" class=\"alignnone size-full wp-image-7630\" src=\"https:\/\/loqed.com\/wp-content\/uploads\/2022\/02\/loqed-smart-lock-update.jpg\" alt=\"\" width=\"900\" height=\"600\" srcset=\"https:\/\/loqed.com\/wp-content\/uploads\/2022\/02\/loqed-smart-lock-update.jpg 900w, https:\/\/loqed.com\/wp-content\/uploads\/2022\/02\/loqed-smart-lock-update-768x512.jpg 768w, https:\/\/loqed.com\/wp-content\/uploads\/2022\/02\/loqed-smart-lock-update-600x400.jpg 600w\" sizes=\"(max-width: 900px) 100vw, 900px\" \/><\/p>\n            <\/div>\r\n                        <div class=\"col-xs-12 col-sm-12 col-md-4 col-lg-4\">\r\n                <div class=\"text\"><h2><strong>Bleib auf dem Laufenden<\/strong><\/h2>\n<p>Erhalte Benachrichtigungen, wenn deine Kinder Zuhause angekommen sind und wenn Bello zur\u00fcck ist vom Gassi gehen.<\/p>\n<\/div>            <\/div>\r\n                          \r\n        <\/div>\r\n    <\/div>\r\n<\/section>\r\n<section  class=\"wrapper theme-side-by-side text-first\">\r\n\r\n\r\n    \r\n    <div class=\"container\" data-aos=\"fade-up\">\r\n        <div class=\"row\">\r\n                        <div class=\"col-md-4 order-2 order-md-1\">\r\n                <div class=\"text\"><h2><strong>Zugang, egal was passiert<\/strong><\/h2>\n<p>Mit deinem pers\u00f6nlichen Code sowie einem Notstromanschluss kommst du immer rein.<\/p>\n<\/div>            <\/div>\r\n                        <div class=\"col-md-8 order-1 order-md-2\">\r\n                <p><img decoding=\"async\" loading=\"lazy\" class=\"alignnone size-full wp-image-7639\" src=\"https:\/\/loqed.com\/wp-content\/uploads\/2022\/02\/loqed-smart-lock-touch.jpg\" alt=\"\" width=\"900\" height=\"600\" srcset=\"https:\/\/loqed.com\/wp-content\/uploads\/2022\/02\/loqed-smart-lock-touch.jpg 900w, https:\/\/loqed.com\/wp-content\/uploads\/2022\/02\/loqed-smart-lock-touch-768x512.jpg 768w, https:\/\/loqed.com\/wp-content\/uploads\/2022\/02\/loqed-smart-lock-touch-600x400.jpg 600w\" sizes=\"(max-width: 900px) 100vw, 900px\" \/><\/p>\n            <\/div>\r\n                          \r\n        <\/div>\r\n    <\/div>\r\n<\/section>\r\n<section  class=\"wrapper theme-side-by-side image-first\">\r\n\r\n\r\n    \r\n    <div class=\"container\" data-aos=\"fade-up\">\r\n        <div class=\"row\">\r\n                        <div class=\"col-xs-12 col-sm-12 col-md-8 col-lg-8\">\r\n                <p><img decoding=\"async\" loading=\"lazy\" class=\"alignnone size-full wp-image-7622\" src=\"https:\/\/loqed.com\/wp-content\/uploads\/2022\/02\/loqed-smart-lock-secure.jpg\" alt=\"\" width=\"900\" height=\"600\" srcset=\"https:\/\/loqed.com\/wp-content\/uploads\/2022\/02\/loqed-smart-lock-secure.jpg 900w, https:\/\/loqed.com\/wp-content\/uploads\/2022\/02\/loqed-smart-lock-secure-768x512.jpg 768w, https:\/\/loqed.com\/wp-content\/uploads\/2022\/02\/loqed-smart-lock-secure-600x400.jpg 600w\" sizes=\"(max-width: 900px) 100vw, 900px\" \/><\/p>\n            <\/div>\r\n                        <div class=\"col-xs-12 col-sm-12 col-md-4 col-lg-4\">\r\n                <div class=\"text\"><h2><strong>Das sicherste Schloss<\/strong><\/h2>\n<p>Das Schloss wurde ausgezeichnet mit dem h\u00f6chstm\u00f6glichen SKG***- Zertifikat. Zusammen mit der End-to-End-Verschl\u00fcsselung haben Hacker und Einbrecher keine Chance!<\/p>\n<\/div>            <\/div>\r\n                          \r\n        <\/div>\r\n    <\/div>\r\n<\/section>\r\n<section class=\"theme-p\">\r\n    <div class=\"container\" data-aos=\"fade-up\">\r\n        <div class=\"row\">\r\n            <div class=\"col-12\">\r\n                <div class=\"theme-versus__intro\">\r\n                    <h2>LOQED im Vergleich mit anderen Smart Locks<\/h2>\n<p>Das einzigartige Display an der Au\u00dfenseite der T\u00fcr bietet ein unvergleichliches Benutzererlebnis.<\/p>\n                <\/div>\r\n            <\/div>\r\n        <\/div>\r\n\r\n        <div class=\"row\">\r\n            <div class=\"theme-versus\">\r\n                <table>\n<tbody>\n<tr>\n<td>\n<h3>LOQED<\/h3>\n<\/td>\n<td>\n<h3>Andere<\/h3>\n<\/td>\n<\/tr>\n<tr>\n<td>Einfacher Zugang mit nur\u00a0<em>einer<\/em>\u00a0Ber\u00fchrung<\/td>\n<td>Du musst das Smartphone in die Hand nehmen<\/td>\n<\/tr>\n<tr>\n<td>Code-Zugang &amp; Notstromanschluss als Back-up<\/td>\n<td>Schl\u00fcssel n\u00f6tig als Back-up<\/td>\n<\/tr>\n<tr>\n<td>Robustes Edelstahl-Design<\/td>\n<td>Plastikdose \u00fcber dem Schl\u00fcssel<\/td>\n<\/tr>\n<tr>\n<td>Sichere, dezentrale Schl\u00fcsselverwahrung<\/td>\n<td>Anf\u00e4llige, zentralisierte Schl\u00fcsselverwahrung<\/td>\n<\/tr>\n<tr>\n<td>H\u00f6chste 3-Sterne SKG-Zertifizierung<\/td>\n<td>Keine physische Sicherheitszertifizierung<\/td>\n<\/tr>\n<\/tbody>\n<\/table>\n            <\/div>\r\n        <\/div>\r\n    <\/div>\r\n<\/section>\r\n<section  class=\"wrapper theme-full-img\">\r\n\r\n\r\n    \r\n    <div class=\"container-fluid\" data-aos=\"fade-up\">\r\n        <div class=\"row\">\r\n                        <div class=\"col-12\">\r\n                <p><img decoding=\"async\" loading=\"lazy\" class=\"alignnone size-full wp-image-7643\" src=\"https:\/\/loqed.com\/wp-content\/uploads\/2022\/02\/loqed-hero-shot.jpg\" alt=\"\" width=\"1920\" height=\"1088\" srcset=\"https:\/\/loqed.com\/wp-content\/uploads\/2022\/02\/loqed-hero-shot.jpg 1920w, https:\/\/loqed.com\/wp-content\/uploads\/2022\/02\/loqed-hero-shot-768x435.jpg 768w, https:\/\/loqed.com\/wp-content\/uploads\/2022\/02\/loqed-hero-shot-1536x870.jpg 1536w, https:\/\/loqed.com\/wp-content\/uploads\/2022\/02\/loqed-hero-shot-600x340.jpg 600w\" sizes=\"(max-width: 1920px) 100vw, 1920px\" \/><\/p>\n            <\/div>\r\n                          \r\n        <\/div>\r\n    <\/div>\r\n<\/section>\r\n<!-- brands bar -->\r\n<section class=\"theme-brands\">\r\n    <div class=\"container\" data-aos=\"fade-up\">\r\n        <div class=\"theme-brands__title\"><\/div>\r\n        <div class=\"theme-brands__row\">\r\n                        <div class=\"theme-brands__item\">\r\n                <img decoding=\"async\" src=\"https:\/\/loqed.com\/wp-content\/uploads\/2022\/12\/Image-1.png\" alt=\"\">\r\n                <div class=\"theme-brands__item__title\">\r\n                    Google Assistant                <\/div>\r\n            <\/div>\r\n                        <div class=\"theme-brands__item\">\r\n                <img decoding=\"async\" src=\"https:\/\/loqed.com\/wp-content\/uploads\/2022\/12\/Image-3.png\" alt=\"\">\r\n                <div class=\"theme-brands__item__title\">\r\n                    Loxone                <\/div>\r\n            <\/div>\r\n                        <div class=\"theme-brands__item\">\r\n                <img decoding=\"async\" src=\"https:\/\/loqed.com\/wp-content\/uploads\/2022\/12\/Image-2.png\" alt=\"\">\r\n                <div class=\"theme-brands__item__title\">\r\n                    Homey                <\/div>\r\n            <\/div>\r\n                        <div class=\"theme-brands__item\">\r\n                <img decoding=\"async\" src=\"https:\/\/loqed.com\/wp-content\/uploads\/2022\/12\/Image-4.png\" alt=\"\">\r\n                <div class=\"theme-brands__item__title\">\r\n                    Olisto                <\/div>\r\n            <\/div>\r\n                        <div class=\"theme-brands__item\">\r\n                <img decoding=\"async\" src=\"https:\/\/loqed.com\/wp-content\/uploads\/2022\/12\/Image-6.png\" alt=\"\">\r\n                <div class=\"theme-brands__item__title\">\r\n                    Home Assistant                <\/div>\r\n            <\/div>\r\n                        <div class=\"theme-brands__item\">\r\n                <img decoding=\"async\" src=\"https:\/\/loqed.com\/wp-content\/uploads\/2022\/12\/Image-5.png\" alt=\"\">\r\n                <div class=\"theme-brands__item__title\">\r\n                    Apple Watch                <\/div>\r\n            <\/div>\r\n                        <div class=\"theme-brands__item\">\r\n                <img decoding=\"async\" src=\"https:\/\/loqed.com\/wp-content\/uploads\/2022\/12\/Image-7.png\" alt=\"\">\r\n                <div class=\"theme-brands__item__title\">\r\n                    IFTTT                <\/div>\r\n            <\/div>\r\n                        <div class=\"theme-brands__item\">\r\n                <img decoding=\"async\" src=\"https:\/\/loqed.com\/wp-content\/uploads\/2022\/12\/Image-8.png\" alt=\"\">\r\n                <div class=\"theme-brands__item__title\">\r\n                    DoorBird                <\/div>\r\n            <\/div>\r\n                        <div class=\"theme-brands__item\">\r\n                <img decoding=\"async\" src=\"https:\/\/loqed.com\/wp-content\/uploads\/2022\/12\/Image-9.png\" alt=\"\">\r\n                <div class=\"theme-brands__item__title\">\r\n                    API                <\/div>\r\n            <\/div>\r\n                    <\/div>\r\n    <\/div>\r\n<\/section>\r\n<section>\r\n    <div class=\"container\">\r\n        <div\r\n             class=\"trustpilot-widget\"\r\n             data-locale=\"nl-NL\"\r\n             data-template-id=\"5763bccae0a06d08e809ecbb\"\r\n             data-businessunit-id=\"60620b927ab622000176827c\"\r\n             data-style-height=\"700px\"\r\n             data-style-width=\"100%\"\r\n             data-theme=\"light\"\r\n             data-sku=\"1001\"\r\n             data-name=\"LOQED Touch Smart Lock - Black Edition\"\r\n             data-star-color=\"#6A41CD\"\r\n             data-font-family=\"Roboto\"\r\n             data-no-reviews=\"hide\"\r\n             data-fullwidth=\"true\">\r\n            <a href=\"https:\/\/nl.trustpilot.com\/review\/loqed.com\" target=\"_blank\" rel=\"noopener\">Trustpilot<\/a>\r\n        <\/div>\r\n\r\n    <\/div>\r\n<\/section>\r\n\r\n","protected":false},"excerpt":{"rendered":"<p>Smart, einfach und sicher. Probiere es 30 Tage lang aus. Wenn es dir nicht gef\u00e4llt, bekommst du dein Geld zur\u00fcck.<\/p>\n<ul>\n<li>Kostenloser Versand<\/li>\n<li>Kostenlose R\u00fccksendung innerhalb von 30 Tagen<\/li>\n<li>2 Jahre Garantie<\/li>\n<\/ul>\n<p class=\"p1\"><strong><span style=\"color: red;\">Derzeit nicht auf Lager.<\/span><\/strong><\/p>\n","protected":false},"featured_media":7456,"comment_status":"closed","ping_status":"closed","template":"","meta":{"_mo_disable_npp":"","inline_featured_image":false},"product_cat":[67],"product_tag":[],"acf":[],"aioseo_notices":[],"_links":{"self":[{"href":"https:\/\/loqed.com\/de\/wp-json\/wp\/v2\/product\/4450"}],"collection":[{"href":"https:\/\/loqed.com\/de\/wp-json\/wp\/v2\/product"}],"about":[{"href":"https:\/\/loqed.com\/de\/wp-json\/wp\/v2\/types\/product"}],"replies":[{"embeddable":true,"href":"https:\/\/loqed.com\/de\/wp-json\/wp\/v2\/comments?post=4450"}],"wp:featuredmedia":[{"embeddable":true,"href":"https:\/\/loqed.com\/de\/wp-json\/wp\/v2\/media\/7456"}],"wp:attachment":[{"href":"https:\/\/loqed.com\/de\/wp-json\/wp\/v2\/media?parent=4450"}],"wp:term":[{"taxonomy":"product_cat","embeddable":true,"href":"https:\/\/loqed.com\/de\/wp-json\/wp\/v2\/product_cat?post=4450"},{"taxonomy":"product_tag","embeddable":true,"href":"https:\/\/loqed.com\/de\/wp-json\/wp\/v2\/product_tag?post=4450"}],"curies":[{"name":"wp","href":"https:\/\/api.w.org\/{rel}","templated":true}]}}