{"id":1784,"date":"2022-03-29T16:47:18","date_gmt":"2022-03-29T15:47:18","guid":{"rendered":"https:\/\/loqed.com\/product\/loqed-power-kit\/"},"modified":"2025-09-01T14:53:19","modified_gmt":"2025-09-01T13:53:19","slug":"loqed-power-kit","status":"publish","type":"product","link":"https:\/\/loqed.com\/de\/produkt\/loqed-power-kit\/","title":{"rendered":"LOQED Power Kit"},"content":{"rendered":"","protected":false},"excerpt":{"rendered":"<p>Mit dem LOQED Power Kit hast du alles, was du brauchst, um die Batterien deines Schlosses nie wieder auswechseln zu m\u00fcssen. Die wiederaufladbaren Batterien vom LOQED Touch Smart-Schloss halten bis zu zw\u00f6lf Monate und k\u00f6nnen aufgeladen werden, ohne sie entfernen zu m\u00fcssen. Das Ladekabel ist drei Meter lang, sodass du keine Probleme haben solltest es an die n\u00e4chste Steckdose anzuschlie\u00dfen, und die acht wiederaufladbaren Batterien sind auch im LOQED Power Kit enthalten.<\/p>\n<ul>\n<li>30 Tage Geld-zur\u00fcck-Garantie<\/li>\n<li>Kostenloser Versand<\/li>\n<li>2 Jahre Garantie<\/li>\n<\/ul>\n<p>Wir versenden mit PostNL (NL) und DHL (Rest der EU). Bestellungen, die vor 22:00 Uhr MEZ aufgegeben werden, werden noch am selben Tag verschickt. Die Zustellung h\u00e4ngt vom Versender ab und kann bis zu zwei Arbeitstage dauern.<\/p>\n","protected":false},"featured_media":7464,"comment_status":"closed","ping_status":"closed","template":"","meta":{"_mo_disable_npp":"","inline_featured_image":false},"product_cat":[67,40],"product_tag":[],"acf":[],"aioseo_notices":[],"_links":{"self":[{"href":"https:\/\/loqed.com\/de\/wp-json\/wp\/v2\/product\/1784"}],"collection":[{"href":"https:\/\/loqed.com\/de\/wp-json\/wp\/v2\/product"}],"about":[{"href":"https:\/\/loqed.com\/de\/wp-json\/wp\/v2\/types\/product"}],"replies":[{"embeddable":true,"href":"https:\/\/loqed.com\/de\/wp-json\/wp\/v2\/comments?post=1784"}],"wp:featuredmedia":[{"embeddable":true,"href":"https:\/\/loqed.com\/de\/wp-json\/wp\/v2\/media\/7464"}],"wp:attachment":[{"href":"https:\/\/loqed.com\/de\/wp-json\/wp\/v2\/media?parent=1784"}],"wp:term":[{"taxonomy":"product_cat","embeddable":true,"href":"https:\/\/loqed.com\/de\/wp-json\/wp\/v2\/product_cat?post=1784"},{"taxonomy":"product_tag","embeddable":true,"href":"https:\/\/loqed.com\/de\/wp-json\/wp\/v2\/product_tag?post=1784"}],"curies":[{"name":"wp","href":"https:\/\/api.w.org\/{rel}","templated":true}]}}