{"id":9087,"date":"2023-10-09T10:52:12","date_gmt":"2023-10-09T09:52:12","guid":{"rendered":"https:\/\/loqed.com\/gewinn\/"},"modified":"2023-11-01T09:52:36","modified_gmt":"2023-11-01T08:52:36","slug":"gewinn","status":"publish","type":"page","link":"https:\/\/loqed.com\/de\/gewinn\/","title":{"rendered":"Gewinn"},"content":{"rendered":"\r\n\r\n\r\n\r\n<!-- hero -->\r\n<section class=\"theme-hero halfheight\" \r\n\t\t\t\t\r\n\t\t\t\t style=\"background-image: url(https:\/\/loqed.com\/wp-content\/uploads\/2023\/03\/voobeeld-binnenkant.jpg)\">\r\n\t\r\n\t<div class=\"container\">\r\n<!--\t\t<div class=\"theme-hero__content center\">-->\r\n\t\t<div class=\"theme-hero__content center\">\r\n\t\t\t\t\t\t<div class=\"theme-hero__text\">\r\n\t\t\t\t<h1>Gewinn ein LOQED Touch<\/h1>\n\t\t\t<\/div>\r\n\t\t\t\t\t\t<div class=\"theme-hero__buttons\">\r\n\t\t\t\t\t\t\t<\/div>\r\n\t\t<\/div>\r\n\t<\/div>\r\n<\/section><section  class=\"wrapper theme-p\">\r\n\r\n\r\n    \r\n    <div class=\"container\" data-aos=\"fade-up\">\r\n        <div class=\"row\">\r\n                        <div class=\"col-12\">\r\n                <p>Gewinn ein LOQED Touch Smart Lock im Wert von \u20ac349! Wir haben 3 zum Verlosen.<\/p>\n\n            <\/div>\r\n                        <div class=\"\">\r\n                <h2><strong>Teilnahmebedingungen<\/strong><\/h2>\n<ul>\n<li>Kostenlos mitmachen.<\/li>\n<li>Du musst mindestens 18 sein.<\/li>\n<li>Du bist Eigent\u00fcmer oder Hauptmieter einer deutschen Wohnung.<\/li>\n<\/ul>\n<h3><strong>Wie wir deine Daten nutzen<\/strong><\/h3>\n<ul>\n<li>Wir schreiben dir anhand der Informationen, die du uns gibst.<\/li>\n<li>Deine Daten werden nur f\u00fcr unsere Marketing-Aktionen genutzt. Keine Weitergabe an Drittparteien.<\/li>\n<\/ul>\n<h3><strong>Das Kleingedruckte<\/strong><\/h3>\n<ul>\n<li>Einmal pro Person mitmachen. Mehrfacheinsendungen oder Teilnahmen aus anderen L\u00e4ndern erh\u00f6hen deine Gewinnchancen nicht.<\/li>\n<li>Der Gewinner wird zuf\u00e4llig gezogen.<\/li>\n<li>Regeln k\u00f6nnen wir auch mal \u00e4ndern, ohne Bescheid zu sagen.<\/li>\n<li>Gewinner h\u00f6ren innerhalb von 5 Werktagen von uns.<\/li>\n<li>Preise sind nicht in Geld oder sonst was umwandelbar.<\/li>\n<li>Wenn du bei LOQED arbeitest, kannst du nicht mitmachen.<\/li>\n<li>Der Preis kommt so, wie er ist. Keine Haftung f\u00fcr M\u00e4ngel oder Sch\u00e4den.<\/li>\n<\/ul>\n<p><strong>Fragen?<\/strong> Einfach bei <a href=\"mailto:support@loqed.com\" target=\"_new\">support@loqed.com<\/a> melden oder im Chat auf unserer Website.<\/p>\n<p><strong>Gewinnerbekanntgabe ist am 1. November 2023 auf Facebook &amp; Instagram. Also folg uns und gib uns ein Like!<\/strong><\/p>\n            <\/div>\r\n                          \r\n        <\/div>\r\n    <\/div>\r\n<\/section>\r\n","protected":false},"excerpt":{"rendered":"","protected":false},"author":129,"featured_media":0,"parent":0,"menu_order":0,"comment_status":"closed","ping_status":"closed","template":"","meta":{"_mo_disable_npp":"","inline_featured_image":false},"acf":[],"aioseo_notices":[],"_links":{"self":[{"href":"https:\/\/loqed.com\/de\/wp-json\/wp\/v2\/pages\/9087"}],"collection":[{"href":"https:\/\/loqed.com\/de\/wp-json\/wp\/v2\/pages"}],"about":[{"href":"https:\/\/loqed.com\/de\/wp-json\/wp\/v2\/types\/page"}],"author":[{"embeddable":true,"href":"https:\/\/loqed.com\/de\/wp-json\/wp\/v2\/users\/129"}],"replies":[{"embeddable":true,"href":"https:\/\/loqed.com\/de\/wp-json\/wp\/v2\/comments?post=9087"}],"version-history":[{"count":1,"href":"https:\/\/loqed.com\/de\/wp-json\/wp\/v2\/pages\/9087\/revisions"}],"predecessor-version":[{"id":9088,"href":"https:\/\/loqed.com\/de\/wp-json\/wp\/v2\/pages\/9087\/revisions\/9088"}],"wp:attachment":[{"href":"https:\/\/loqed.com\/de\/wp-json\/wp\/v2\/media?parent=9087"}],"curies":[{"name":"wp","href":"https:\/\/api.w.org\/{rel}","templated":true}]}}