{"id":5260,"date":"2022-12-16T22:18:45","date_gmt":"2022-12-16T21:18:45","guid":{"rendered":"https:\/\/loqed.com\/installation-2\/"},"modified":"2023-05-22T13:24:13","modified_gmt":"2023-05-22T12:24:13","slug":"installation","status":"publish","type":"page","link":"https:\/\/loqed.com\/de\/installation\/","title":{"rendered":"Installation"},"content":{"rendered":"\r\n\r\n\r\n\r\n<!-- hero -->\r\n<section class=\"theme-hero halfheight\" \r\n\t\t\t\t\r\n\t\t\t\t style=\"background-image: url(https:\/\/loqed.com\/wp-content\/uploads\/2022\/12\/header-installation-twist.png)\">\r\n\t\r\n\t<div class=\"container\">\r\n<!--\t\t<div class=\"theme-hero__content center\">-->\r\n\t\t<div class=\"theme-hero__content center\">\r\n\t\t\t\t\t\t<div class=\"theme-hero__text\">\r\n\t\t\t\t<h1>Installation<\/h1>\n<p>Du bist nicht sicher, ob es an deine T\u00fcr passt? Finde es mit ein paar einfachen Klicks heraus.<\/p>\n\t\t\t<\/div>\r\n\t\t\t\t\t\t<div class=\"theme-hero__buttons\">\r\n\t\t\t\t\t\t\t\t<a class=\"button button-purple button-hero\" href=\"\/de\/installation-check\/\">\r\n\t\t\t\t\tMach den Installationscheck\t\t\t\t<\/a>\r\n\t\t\t\t\t\t\t<\/div>\r\n\t\t<\/div>\r\n\t<\/div>\r\n<\/section>\r\n\r\n<!--split block img right -->\r\n<section class=\"theme-instructions-split\">\r\n    <div class=\"container\" data-aos=\"fade-up\">\r\n        <div class=\"row justify-content-between align-items-center\">\r\n                        <div class=\"col-md-6\">\r\n                <div class=\"theme-instructions-split__title\">\r\n                    <h2>Im Handumdrehen installiert<\/h2>\r\n                <\/div>\r\n                <div class=\"theme-instructions-split__text\">\r\n                    <p>Die Installation kann mit einem Schraubenzieher erfolgen und es ist kein Bohren erforderlich. Unsere Schritt-f\u00fcr-Schritt-Anleitung hilft dir dabei.<\/p>\n                <\/div>\r\n                <a href=\"\/de\/installation-guide\/\" class=\"mt-5 button button-purple button-small\">Installationsanleitung anschauen<\/a>\r\n            <\/div>\r\n            <div class=\"col-md-5\">\r\n                <div class=\"theme-instructions-split__img\">\r\n                    <img decoding=\"async\" src=\"https:\/\/loqed.com\/wp-content\/uploads\/2022\/02\/instruction-loqed1.png\" alt=\"\">\r\n                <\/div>\r\n            <\/div>\r\n                    <\/div>\r\n    <\/div>\r\n<\/section>\r\n\r\n<!--split block img right -->\r\n<section class=\"theme-instructions-split\">\r\n    <div class=\"container\" data-aos=\"fade-up\">\r\n        <div class=\"row justify-content-between align-items-center\">\r\n                        <div class=\"col-md-5\">\r\n                <div class=\"theme-instructions-split__img\">\r\n                    <img decoding=\"async\" src=\"https:\/\/loqed.com\/wp-content\/uploads\/2022\/02\/instruction-loqed2.png\" alt=\"\">\r\n                <\/div>\r\n            <\/div>\r\n            <div class=\"col-md-6\">\r\n                <div class=\"theme-instructions-split__title\">\r\n                    <h2>Hol dir Hilfe<\/h2>\r\n                <\/div>\r\n                <div class=\"theme-instructions-split__text\">\r\n                    <p>Du erh\u00e4ltst eine professionelle Montage zum Festpreis von \u20ac 99, wenn deine T\u00fcr \u00fcber einen ordnungsgem\u00e4\u00df funktionierenden Euro-Profilzylinder verf\u00fcgt.<\/p>\n                <\/div>\r\n                                <a href=\"\/de\/installers\/\" class=\"mt-5 button button-purple button-small\">Einen Installateur finden<\/a>\r\n                            <\/div>\r\n                    <\/div>\r\n    <\/div>\r\n<\/section>\r\n\r\n<!-- installation grid -->\r\n<section class=\"theme-instructions-full\">\r\n\t<div class=\"container\" data-aos=\"fade-up\">\r\n\t\t<div class=\"theme-instructions-full__card\" style=\"background-image: url(https:\/\/loqed.com\/wp-content\/uploads\/2022\/02\/instruction-loqed3.png)\">\r\n\t\t\t<div class=\"theme-instructions-full__card-title\">\r\n\t\t\t\t<h2>Du brauchst weitere Hilfe?<\/h2>\r\n\t\t\t<\/div>\r\n\t\t\t<div class=\"theme-instructions-full__card-subtitle\"><p style=\"text-align: center;\">Falls du Fragen hast, nimm gerne Kontakt mit uns auf. Dazu w\u00e4hlst du entweder die Chat-Option (klicke auf das LOQED-Logo in der rechten Ecke) oder du gehst auf unsere Support-Seite und schaust dir die Antworten auf h\u00e4ufig gestellte Fragen an.<\/p>\n<\/div>\r\n\t\t\t<a href=\"https:\/\/support.loqed.com\/de\/\" class=\"button button-purple button-small\">Zum Support-Bereich<\/a>\r\n\t\t<\/div>\r\n\t<\/div>\r\n<\/section>","protected":false},"excerpt":{"rendered":"","protected":false},"author":129,"featured_media":0,"parent":0,"menu_order":0,"comment_status":"closed","ping_status":"closed","template":"templates\/fluidify-default.php","meta":{"_mo_disable_npp":"","inline_featured_image":false},"acf":[],"aioseo_notices":[],"_links":{"self":[{"href":"https:\/\/loqed.com\/de\/wp-json\/wp\/v2\/pages\/5260"}],"collection":[{"href":"https:\/\/loqed.com\/de\/wp-json\/wp\/v2\/pages"}],"about":[{"href":"https:\/\/loqed.com\/de\/wp-json\/wp\/v2\/types\/page"}],"author":[{"embeddable":true,"href":"https:\/\/loqed.com\/de\/wp-json\/wp\/v2\/users\/129"}],"replies":[{"embeddable":true,"href":"https:\/\/loqed.com\/de\/wp-json\/wp\/v2\/comments?post=5260"}],"version-history":[{"count":3,"href":"https:\/\/loqed.com\/de\/wp-json\/wp\/v2\/pages\/5260\/revisions"}],"predecessor-version":[{"id":7960,"href":"https:\/\/loqed.com\/de\/wp-json\/wp\/v2\/pages\/5260\/revisions\/7960"}],"wp:attachment":[{"href":"https:\/\/loqed.com\/de\/wp-json\/wp\/v2\/media?parent=5260"}],"curies":[{"name":"wp","href":"https:\/\/api.w.org\/{rel}","templated":true}]}}