{"id":5256,"date":"2022-12-16T22:11:47","date_gmt":"2022-12-16T21:11:47","guid":{"rendered":"https:\/\/loqed.com\/home\/"},"modified":"2023-08-29T12:32:54","modified_gmt":"2023-08-29T11:32:54","slug":"home","status":"publish","type":"page","link":"https:\/\/loqed.com\/de\/","title":{"rendered":"Smart Lock | LOQED &#8211; Das cleverste und sicherste Smart Lock"},"content":{"rendered":"\r\n\r\n\r\n\r\n<!-- hero -->\r\n<section class=\"theme-video-hero fullheight\" \r\n\t\t\t\t\r\n\t\t\t\t>\r\n\t \r\n\t\t<video autoplay loop muted playsinline>\r\n\t\t<source src=\"https:\/\/loqed.com\/wp-content\/uploads\/2022\/12\/loqed_close_up_animation2_gv002__-1_Camera_1_SMALL.mp4\" type=\"video\/mp4\" \/>\r\n\t<\/video>\r\n\t\r\n\t<div class=\"container\">\r\n<!--\t\t<div class=\"theme-hero__content center\">-->\r\n\t\t<div class=\"theme-hero__content center\">\r\n\t\t\t\t\t\t<div class=\"theme-hero__text\">\r\n\t\t\t\t<h1>Entschl\u00fcssle das volle Potenzial deiner T\u00fcr<\/h1>\n<h2>M\u00fcheloser Zugang ohne altmodische Schl\u00fcssel. Einfach und sicher.<\/h2>\n<p><!-- TrustBox widget - Micro Star --><\/p>\n<div class=\"trustpilot-widget\" data-locale=\"de-DE\" data-template-id=\"5419b732fbfb950b10de65e5\" data-businessunit-id=\"60620b927ab622000176827c\" data-style-height=\"24px\" data-style-width=\"320px\" data-theme=\"dark\"><a href=\"https:\/\/de.trustpilot.com\/review\/loqed.com\" target=\"_blank\" rel=\"noopener\">Trustpilot<\/a><\/div>\n<p><!-- End TrustBox widget --><\/p>\n\t\t\t<\/div>\r\n\t\t\t\t\t\t<div class=\"theme-hero__buttons\">\r\n\t\t\t\t\t\t\t\t<a class=\"button button-purple button-hero\" href=\"#video\">\r\n\t\t\t\t\tVideo ansehen\t\t\t\t<\/a>\r\n\t\t\t\t\t\t\t\t<a class=\"button button-black button-hero\" href=\"\/de\/product\/loqed-touch-smart-lock\/\">\r\n\t\t\t\t\tJetzt kaufen\t\t\t\t<\/a>\r\n\t\t\t\t\t\t\t<\/div>\r\n\t\t<\/div>\r\n\t<\/div>\r\n<\/section>\r\n<!-- review block -->\r\n<section class=\"theme-reviews\">\r\n\t<div class=\"container\"  data-aos=\"fade-up\">\r\n\t\t<div class=\"theme-reviews__slider\">\r\n\r\n\t\t\t\t\t\t<a href=\"\/en\/news\/coolblue-reviews-the-loqed-touch\/\" class=\"theme-review\">\r\n\t\t\t\t<div class=\"theme-review__img\">\r\n\t\t\t\t\t<img decoding=\"async\" src=\"https:\/\/loqed.com\/wp-content\/uploads\/2022\/08\/loqed_coolblue_logo.webp\" alt=\"\">\r\n\t\t\t\t<\/div>\r\n\t\t\t\t<div class=\"theme-review__text\">\r\n\t\t\t\t\t<p>&#8220;Andere Schl\u00f6sser k\u00f6nntest du vielleicht als smarte Schl\u00f6sser bezeichnen, aber technisch gesehen sind sie nur Erweiterungen, die dein dummes Schloss schlauer machen. Das LOQED ist ein wirklich smartes Schloss, da es deinen Zylinder &#8211; das Innere deines Schlosses &#8211; ersetzt und zudem das erste smarte Schloss ist, das Technologie auf der Au\u00dfenseite hat.&#8221;<\/p>\n\t\t\t\t<\/div>\r\n\t\t\t<\/a>\r\n\t\t\t\t\t\t<a href=\"https:\/\/youtu.be\/h-kfXVLMn8s\" class=\"theme-review\">\r\n\t\t\t\t<div class=\"theme-review__img\">\r\n\t\t\t\t\t<img decoding=\"async\" src=\"https:\/\/loqed.com\/wp-content\/uploads\/2022\/04\/valentin-moeller-logo-1.webp\" alt=\"\">\r\n\t\t\t\t<\/div>\r\n\t\t\t\t<div class=\"theme-review__text\">\r\n\t\t\t\t\t<p>&#8220;Ich lasse meine Schl\u00fcssel drinnen, ohne mir Sorgen zu machen&#8221;<\/p>\n\t\t\t\t<\/div>\r\n\t\t\t<\/a>\r\n\t\t\t\t\t\t<a href=\"https:\/\/youtu.be\/T-9QLwRsrKI\" class=\"theme-review\">\r\n\t\t\t\t<div class=\"theme-review__img\">\r\n\t\t\t\t\t<img decoding=\"async\" src=\"https:\/\/loqed.com\/wp-content\/uploads\/2022\/04\/technik_inside_logo.webp\" alt=\"\">\r\n\t\t\t\t<\/div>\r\n\t\t\t\t<div class=\"theme-review__text\">\r\n\t\t\t\t\t<p>&#8220;Die Hardware von LOQED ist hochwertiger als die der Konkurrenz&#8221;<\/p>\n\t\t\t\t<\/div>\r\n\t\t\t<\/a>\r\n\t\t\t\t\t\t<a href=\"https:\/\/www.robbshop.nl\/beveiliging\/slimme-deursloten\/loqed\" class=\"theme-review\">\r\n\t\t\t\t<div class=\"theme-review__img\">\r\n\t\t\t\t\t<img decoding=\"async\" src=\"https:\/\/loqed.com\/wp-content\/uploads\/2023\/06\/M1Molter_-_Der_Heimwerker_4-1-3.webp\" alt=\"\">\r\n\t\t\t\t<\/div>\r\n\t\t\t\t<div class=\"theme-review__text\">\r\n\t\t\t\t\t<p>&#8220;Der Modus \u2018Open House\u2019 ist praktisch f\u00fcr Kinder und G\u00e4ste&#8221;<\/p>\n\t\t\t\t<\/div>\r\n\t\t\t<\/a>\r\n\t\t\t\t\t<\/div>\r\n\t<\/div>\r\n<\/section>\r\n\r\n\r\n\r\n<!-- hero -->\r\n<section class=\"theme-hero fullheight\" \r\n\t\t\t\t\r\n\t\t\t\t style=\"background-image: url(https:\/\/loqed.com\/wp-content\/uploads\/2023\/03\/loqed-touch-display.jpg)\">\r\n\t\r\n\t<div class=\"container\">\r\n<!--\t\t<div class=\"theme-hero__content left\">-->\r\n\t\t<div class=\"theme-hero__content center\">\r\n\t\t\t\t\t\t<div class=\"theme-hero__text\">\r\n\t\t\t\t<h2 class=\"h1\">Touch Smart Lock<\/h2>\n<h2>Das einzige Schloss, das sich durch blo\u00dfe Ber\u00fchrung \u00f6ffnet<\/h2>\n\t\t\t<\/div>\r\n\t\t\t\t\t\t<div class=\"theme-hero__buttons\">\r\n\t\t\t\t\t\t\t\t<a class=\"button button-purple button-hero\" href=\"\/de\/product\/loqed-touch-smart-lock\/\">\r\n\t\t\t\t\tMehr erfahren\t\t\t\t<\/a>\r\n\t\t\t\t\t\t\t<\/div>\r\n\t\t<\/div>\r\n\t<\/div>\r\n<\/section><!-- brands bar -->\r\n<section class=\"theme-brands\">\r\n    <div class=\"container\" data-aos=\"fade-up\">\r\n        <div class=\"theme-brands__title\"><p style=\"text-align: center;\">funktioniert mit<\/p>\n<\/div>\r\n        <div class=\"theme-brands__row\">\r\n                        <div class=\"theme-brands__item\">\r\n                <img decoding=\"async\" src=\"https:\/\/loqed.com\/wp-content\/uploads\/2022\/12\/Image-1.png\" alt=\"\">\r\n                <div class=\"theme-brands__item__title\">\r\n                    Google Assistant                <\/div>\r\n            <\/div>\r\n                        <div class=\"theme-brands__item\">\r\n                <img decoding=\"async\" src=\"https:\/\/loqed.com\/wp-content\/uploads\/2022\/12\/Image-3.png\" alt=\"\">\r\n                <div class=\"theme-brands__item__title\">\r\n                    Loxone                <\/div>\r\n            <\/div>\r\n                        <div class=\"theme-brands__item\">\r\n                <img decoding=\"async\" src=\"https:\/\/loqed.com\/wp-content\/uploads\/2022\/12\/Image-2.png\" alt=\"\">\r\n                <div class=\"theme-brands__item__title\">\r\n                    Homey                <\/div>\r\n            <\/div>\r\n                        <div class=\"theme-brands__item\">\r\n                <img decoding=\"async\" src=\"https:\/\/loqed.com\/wp-content\/uploads\/2022\/12\/Image-4.png\" alt=\"\">\r\n                <div class=\"theme-brands__item__title\">\r\n                    Olisto                <\/div>\r\n            <\/div>\r\n                        <div class=\"theme-brands__item\">\r\n                <img decoding=\"async\" src=\"https:\/\/loqed.com\/wp-content\/uploads\/2022\/12\/Image-6.png\" alt=\"\">\r\n                <div class=\"theme-brands__item__title\">\r\n                    Home assistant                <\/div>\r\n            <\/div>\r\n                        <div class=\"theme-brands__item\">\r\n                <img decoding=\"async\" src=\"https:\/\/loqed.com\/wp-content\/uploads\/2022\/12\/Image-5.png\" alt=\"\">\r\n                <div class=\"theme-brands__item__title\">\r\n                    Apple Watch                <\/div>\r\n            <\/div>\r\n                        <div class=\"theme-brands__item\">\r\n                <img decoding=\"async\" src=\"https:\/\/loqed.com\/wp-content\/uploads\/2022\/12\/Image-7.png\" alt=\"\">\r\n                <div class=\"theme-brands__item__title\">\r\n                    IFTTT                <\/div>\r\n            <\/div>\r\n                        <div class=\"theme-brands__item\">\r\n                <img decoding=\"async\" src=\"https:\/\/loqed.com\/wp-content\/uploads\/2022\/12\/Image-8.png\" alt=\"\">\r\n                <div class=\"theme-brands__item__title\">\r\n                    DoorBird                <\/div>\r\n            <\/div>\r\n                        <div class=\"theme-brands__item\">\r\n                <img decoding=\"async\" src=\"https:\/\/loqed.com\/wp-content\/uploads\/2022\/12\/Image-9.png\" alt=\"\">\r\n                <div class=\"theme-brands__item__title\">\r\n                    API                <\/div>\r\n            <\/div>\r\n                    <\/div>\r\n    <\/div>\r\n<\/section>\r\n<!-- video banner -->\r\n<section class=\"theme-video-lg\">\r\n\t<div class=\"container-fluid\">\r\n\t\t<div class=\"row\">\r\n\t\t\t<div class=\"col-12 p-0\">\r\n\t\t\t<div class=\"theme-video-lg__overlay\">Niederl\u00e4ndisches Design. Mit Sorgfalt konzipiert.<\/div>\r\n\t\t\t\t<video autoplay loop muted playsinline>\r\n\t\t\t\t\t<source src=\"https:\/\/loqed.com\/wp-content\/uploads\/2023\/03\/loqed-explode.mp4\" type=\"video\/mp4\" \/>\r\n\t\t\t\t\t<p>\r\n\t\t\t\t\t\tYour browser doesn&#8217;t support HTML video. Here is a\r\n\t\t\t\t\t\t<a href=\"myVideo.mp4\">link to the video<\/a> instead.\r\n\t\t\t\t\t<\/p>\r\n\t\t\t\t<\/video>\r\n\t\t\t<\/div>\r\n\t\t<\/div>\r\n\t<\/div>\r\n<\/section><section  class=\"wrapper theme-products\">\r\n\r\n\r\n    \r\n    <div class=\"container\" data-aos=\"fade-up\">\r\n        <div class=\"row\">\r\n                        <div class=\"col-12\">\r\n                <div class=\"theme-products__carousel\"><div class=\"theme-products__single\"><div class=\"theme-products__single-content\"><div class=\"row justify-content-center\"><div class=\"col-md-4 p-0 m-0\"><a href=\"https:\/\/loqed.com\/de\/produkt\/loqed-touch-smart-lock-black-edition\/\"><div class=\"theme-products__single-img\"><img decoding=\"async\" src=\"https:\/\/loqed.com\/wp-content\/uploads\/2022\/10\/Productafbeeldingen_Home_2.jpg\" alt=\"\"><\/div><\/a><\/div><div class=\"col-md-4 p-0 m-0\"><div class=\"theme-products__single-info\"><div class=\"theme-products__single-name\">LOQED Touch Smart Lock &#8211; Black Edition<\/div><div class=\"theme-products__single-text\"><p>Das Touch gibt es auch in einem eleganten, matten Schwarz. Dasselbe Schloss, derselbe Komfort, dasselbe hohe Sicherheitsniveau, eine ganz andere Farbe.<\/p>\n<\/div><a class=\"theme-products__single-add\" href=\"https:\/\/loqed.com\/de\/produkt\/loqed-touch-smart-lock-black-edition\/\">Mehr erfahren<\/a><\/div><\/div><\/div><\/div><\/div><div class=\"theme-products__single\"><div class=\"theme-products__single-content\"><div class=\"row justify-content-center\"><div class=\"col-md-4 p-0 m-0\"><a href=\"https:\/\/loqed.com\/de\/produkt\/loqed-touch-smart-lock\/\"><div class=\"theme-products__single-img\"><img decoding=\"async\" src=\"https:\/\/loqed.com\/wp-content\/uploads\/2022\/02\/Productafbeeldingen_Home_1.jpg\" alt=\"\"><\/div><\/a><\/div><div class=\"col-md-4 p-0 m-0\"><div class=\"theme-products__single-info\"><div class=\"theme-products__single-name\">LOQED Touch Smart Lock<\/div><div class=\"theme-products__single-text\"><p>Eine einzige Ber\u00fchrung reicht aus. Dein Smartphone verbindet sich drahtlos mit deinem Schloss, ohne dass es deine Tasche verlassen muss.<\/p>\n<\/div><a class=\"theme-products__single-add\" href=\"https:\/\/loqed.com\/de\/produkt\/loqed-touch-smart-lock\/\">Mehr erfahren<\/a><\/div><\/div><\/div><\/div><\/div><div class=\"theme-products__single\"><div class=\"theme-products__single-content\"><div class=\"row justify-content-center\"><div class=\"col-md-4 p-0 m-0\"><a href=\"https:\/\/loqed.com\/de\/produkt\/loqed-power-kit\/\"><div class=\"theme-products__single-img\"><img decoding=\"async\" src=\"https:\/\/loqed.com\/wp-content\/uploads\/2022\/03\/Productafbeeldingen_Home_3.jpg\" alt=\"\"><\/div><\/a><\/div><div class=\"col-md-4 p-0 m-0\"><div class=\"theme-products__single-info\"><div class=\"theme-products__single-name\">LOQED Power Kit<\/div><div class=\"theme-products__single-text\"><p>Die Batterien in deinem Touch halten bis zu zw\u00f6lf Monate. Mit dem LOQED Power Kit brauchst du diese Batterien nie wieder zu wechseln.<\/p>\n<\/div><a class=\"theme-products__single-add\" href=\"https:\/\/loqed.com\/de\/produkt\/loqed-power-kit\/\">Mehr erfahren<\/a><\/div><\/div><\/div><\/div><\/div><\/div>\n            <\/div>\r\n                          \r\n        <\/div>\r\n    <\/div>\r\n<\/section>\r\n\r\n<!-- video banner -->\r\n<section class=\"theme-video-lg\">\r\n\t<div class=\"container-fluid\">\r\n\t\t<div class=\"row\">\r\n\t\t\t<div class=\"col-12 p-0\">\r\n\t\t\t<div class=\"theme-video-lg__overlay\">Mit einer einzigen Ber\u00fchrung \u00f6ffnen. Jede Ber\u00fchrung.<\/div>\r\n\t\t\t\t<video autoplay loop muted playsinline>\r\n\t\t\t\t\t<source src=\"https:\/\/loqed.com\/wp-content\/uploads\/2023\/03\/touch_touch_touch_h264_nosound.mp4\" type=\"video\/mp4\" \/>\r\n\t\t\t\t\t<p>\r\n\t\t\t\t\t\tYour browser doesn&#8217;t support HTML video. Here is a\r\n\t\t\t\t\t\t<a href=\"myVideo.mp4\">link to the video<\/a> instead.\r\n\t\t\t\t\t<\/p>\r\n\t\t\t\t<\/video>\r\n\t\t\t<\/div>\r\n\t\t<\/div>\r\n\t<\/div>\r\n<\/section>\r\n<!-- split block -->\r\n<section class=\"theme-splitblock\">\r\n\t<div class=\"container\" data-aos=\"fade-up\">\r\n\t\t<div class=\"row\">\r\n\t\t\t<div class=\"col-md-6 me-5\">\r\n\t\t\t\t<div class=\"theme-splitblock__img\">\r\n\t\t\t\t\t<img decoding=\"async\" src=\"https:\/\/loqed.com\/wp-content\/uploads\/2022\/12\/touch-to-open.png\" alt=\"\">\r\n\t\t\t\t<\/div>\r\n\t\t\t<\/div>\r\n\t\t\t<div class=\"col-md-5\">\r\n\t\t\t\t<div class=\"theme-splitblock__title line-purple\">\r\n\t\t\t\t\t<h2>It started with security<\/h2>\r\n\t\t\t\t<\/div>\r\n\t\t\t\t<div class=\"theme-splitblock__text\">\r\n\t\t\t\t\t<p>Sicherheit hatte bei uns schon immer oberste Priorit\u00e4t. Ein traditionelles Schloss mit Schl\u00fcsselloch kann binnen weniger Sekunden geknackt werden, daher haben wir eine bessere L\u00f6sung entwickelt.<\/p>\n<p>Mit LOQED ist es viel einfacher, die Guten reinzulassen und die B\u00f6sen fernzuhalten.<\/p>\n<ul>\n<li>H\u00f6chstm\u00f6gliche EN 1303, EN 15684 und SKG***-Sicherheitszertifizierung<\/li>\n<li>256-Bit-Verschl\u00fcsselung, vergleichbar mit Online-Zahlungsdienstleistern<\/li>\n<li>Verzichtet komplett auf unsichere Schl\u00fcssell\u00f6cher<\/li>\n<li>Nie mehr Schl\u00fcssel verlieren<\/li>\n<\/ul>\n\t\t\t\t<\/div>\r\n<!--\r\n\t\t\t\t<div class=\"theme-splitblock__list\">\r\n\t\t\t\t\t\t\t\t\t\t<span>Das h\u00f6chste SKG-Sicherheitszertifikat mit drei Sternen<\/span>\r\n\t\t\t\t\t\t\t\t\t\t<span>256-Bit-Verschl\u00fcsselung, wie sie von Banken verwendet wird<\/span>\r\n\t\t\t\t\t\t\t\t\t\t<span>Vollst\u00e4ndige Beseitigung des unsicheren Schl\u00fcssellochs<\/span>\r\n\t\t\t\t\t\t\t\t\t\t<span>Nie mehr die Schl\u00fcssel verlieren<\/span>\r\n\t\t\t\t\t\t\t\t\t<\/div>\r\n-->\r\n\t\t\t\t<div class=\"theme-splitblock__icons\">\r\n\t\t\t\t\t\t\t\t\t\t<img decoding=\"async\" src=\"https:\/\/loqed.com\/wp-content\/uploads\/2022\/12\/skg-star.png\" >\r\n\t\t\t\t\t\t\t\t\t\t<img decoding=\"async\" src=\"https:\/\/loqed.com\/wp-content\/uploads\/2022\/12\/skg-check.png\" >\r\n\t\t\t\t\t\t\t\t\t\t<img decoding=\"async\" src=\"https:\/\/loqed.com\/wp-content\/uploads\/2023\/03\/pkvv-logo.png\" >\r\n\t\t\t\t\t\t\t\t\t<\/div>\r\n\t\t\t<\/div>\r\n\t\t<\/div>\r\n\t<\/div>\r\n<\/section>","protected":false},"excerpt":{"rendered":"","protected":false},"author":129,"featured_media":0,"parent":0,"menu_order":0,"comment_status":"closed","ping_status":"closed","template":"templates\/fluidify-default.php","meta":{"_mo_disable_npp":"","inline_featured_image":false},"acf":[],"aioseo_notices":[],"_links":{"self":[{"href":"https:\/\/loqed.com\/de\/wp-json\/wp\/v2\/pages\/5256"}],"collection":[{"href":"https:\/\/loqed.com\/de\/wp-json\/wp\/v2\/pages"}],"about":[{"href":"https:\/\/loqed.com\/de\/wp-json\/wp\/v2\/types\/page"}],"author":[{"embeddable":true,"href":"https:\/\/loqed.com\/de\/wp-json\/wp\/v2\/users\/129"}],"replies":[{"embeddable":true,"href":"https:\/\/loqed.com\/de\/wp-json\/wp\/v2\/comments?post=5256"}],"version-history":[{"count":3,"href":"https:\/\/loqed.com\/de\/wp-json\/wp\/v2\/pages\/5256\/revisions"}],"predecessor-version":[{"id":8794,"href":"https:\/\/loqed.com\/de\/wp-json\/wp\/v2\/pages\/5256\/revisions\/8794"}],"wp:attachment":[{"href":"https:\/\/loqed.com\/de\/wp-json\/wp\/v2\/media?parent=5256"}],"curies":[{"name":"wp","href":"https:\/\/api.w.org\/{rel}","templated":true}]}}