{"id":2512,"date":"2022-04-14T17:05:23","date_gmt":"2022-04-14T16:05:23","guid":{"rendered":"https:\/\/loqed.com\/passwort-aendern\/"},"modified":"2023-01-04T13:16:59","modified_gmt":"2023-01-04T12:16:59","slug":"passwort-aendern-app","status":"publish","type":"page","link":"https:\/\/loqed.com\/de\/passwort-aendern-app\/","title":{"rendered":"Passwort \u00e4ndern app"},"content":{"rendered":"\r\n\r\n\r\n\r\n<!-- hero -->\r\n<section class=\"theme-hero halfheight\" \r\n\t\t\t\t\r\n\t\t\t\t>\r\n\t\r\n\t<div class=\"container\">\r\n<!--\t\t<div class=\"theme-hero__content center\">-->\r\n\t\t<div class=\"theme-hero__content center\">\r\n\t\t\t\t\t\t<div class=\"theme-hero__text\">\r\n\t\t\t\t<h1>Passwort oder E-Mail-Adresse \u00e4ndern<\/h1>\n<h2>Auf dieser Seite k\u00f6nnen Sie Ihr Kontopasswort \u00e4ndern<\/h2>\n\t\t\t<\/div>\r\n\t\t\t\t\t\t<div class=\"theme-hero__buttons\">\r\n\t\t\t\t\t\t\t<\/div>\r\n\t\t<\/div>\r\n\t<\/div>\r\n<\/section>\n<section class=\"wp-block-uagb-section uagb-section__wrap uagb-section__background-undefined uagb-block-e4e3c56d\"><div class=\"uagb-section__overlay\"><\/div><div class=\"uagb-section__inner-wrap\">\n<p>Wenn Ihr Passwort gef\u00e4hrdet ist, k\u00f6nnen Sie es auf dieser Seite \u00e4ndern. Wir empfehlen dringend, ein Passwort zu verwenden, das nicht f\u00fcr andere Anwendungen oder Websites verwendet wird und das nicht leicht zu erraten ist.<\/p>\n\n\n\n<div style=\"max-width: 50%; margin:auto\"> \r\n<iframe id=\"changepassword\" title=\"Change Password\" allowtransparency=\"true\" onload=\"window.parent.scrollTo(0,0)\" allowfullscreen=\"true\" src=\"https:\/\/app.loqed.com\/password\/index.php?page=login\" frameborder=\"0\" style=\"min-width: 100%; height:539px; border:none;\" scrolling=\"no\"> <\/iframe>\r\n<\/div>\r\n\n\n\n<p><\/p>\n<\/div><\/section>\n","protected":false},"excerpt":{"rendered":"","protected":false},"author":129,"featured_media":0,"parent":0,"menu_order":0,"comment_status":"closed","ping_status":"closed","template":"","meta":{"_mo_disable_npp":"","inline_featured_image":false},"acf":[],"aioseo_notices":[],"_links":{"self":[{"href":"https:\/\/loqed.com\/de\/wp-json\/wp\/v2\/pages\/2512"}],"collection":[{"href":"https:\/\/loqed.com\/de\/wp-json\/wp\/v2\/pages"}],"about":[{"href":"https:\/\/loqed.com\/de\/wp-json\/wp\/v2\/types\/page"}],"author":[{"embeddable":true,"href":"https:\/\/loqed.com\/de\/wp-json\/wp\/v2\/users\/129"}],"replies":[{"embeddable":true,"href":"https:\/\/loqed.com\/de\/wp-json\/wp\/v2\/comments?post=2512"}],"version-history":[{"count":3,"href":"https:\/\/loqed.com\/de\/wp-json\/wp\/v2\/pages\/2512\/revisions"}],"predecessor-version":[{"id":5836,"href":"https:\/\/loqed.com\/de\/wp-json\/wp\/v2\/pages\/2512\/revisions\/5836"}],"wp:attachment":[{"href":"https:\/\/loqed.com\/de\/wp-json\/wp\/v2\/media?parent=2512"}],"curies":[{"name":"wp","href":"https:\/\/api.w.org\/{rel}","templated":true}]}}