{"id":2449,"date":"2022-04-14T16:04:10","date_gmt":"2022-04-14T15:04:10","guid":{"rendered":"https:\/\/loqed.com\/laden-sie-die-app-loqed-herunter\/"},"modified":"2022-04-14T16:36:18","modified_gmt":"2022-04-14T15:36:18","slug":"laden-sie-die-app-loqed-herunter","status":"publish","type":"page","link":"https:\/\/loqed.com\/de\/laden-sie-die-app-loqed-herunter\/","title":{"rendered":"Laden Sie die App LOQED herunter."},"content":{"rendered":"\n<section class=\"wp-block-uagb-section uagb-section__wrap uagb-section__background-undefined uagb-block-1f026da7\"><div class=\"uagb-section__overlay\"><\/div><div class=\"uagb-section__inner-wrap\">\n<h2 class=\"has-x-large-font-size wp-block-heading\" id=\"h-download-the-loqed-app\">Laden Sie die App LOQED herunter.<\/h2>\n\n\n\n<p>Tippen Sie auf die Schaltfl\u00e4chen unten, um die LOQED App f\u00fcr Ihr iPhone oder Android-Ger\u00e4t herunterzuladen.<\/p>\n\n\n\n<div class=\"wp-block-image\"><figure class=\"aligncenter size-full\"><a href=\"https:\/\/itunes.apple.com\/nl\/app\/loqed-smart-lock\/id1382169213\"><img decoding=\"async\" loading=\"lazy\" width=\"300\" height=\"89\" src=\"https:\/\/loqed.com\/wp-content\/uploads\/2022\/04\/image_2021-08-18_131130.webp\" alt=\"\" class=\"wp-image-2464\"\/><\/a><\/figure><\/div>\n\n\n\n<div class=\"wp-block-image\"><figure class=\"aligncenter size-full\"><a href=\"https:\/\/play.google.com\/store\/apps\/details?id=com.loqed.keychain\"><img decoding=\"async\" loading=\"lazy\" width=\"300\" height=\"89\" src=\"https:\/\/loqed.com\/wp-content\/uploads\/2022\/04\/pf-e9681862-appstoregoogle1300x89.png\" alt=\"\" class=\"wp-image-2467\"\/><\/a><\/figure><\/div>\n\n\n\n<h2 class=\"has-x-large-font-size wp-block-heading\">Nach der Installation der App<\/h2>\n\n\n\n<p>1. \u00d6ffnen Sie die App LOQED und erstellen Sie ein Konto.<\/p>\n\n\n\n<p>2. Best\u00e4tigen Sie Ihre E-Mail-Adresse, indem Sie auf den Link klicken, den Sie per E-Mail erhalten haben.<\/p>\n\n\n\n<p>3. Melden Sie sich mit dem soeben erstellten Konto an.<\/p>\n\n\n\n<p>4. klicken Sie auf den speziellen Link, den Sie in der Einladungsnachricht erhalten haben. Dieser Link beginnt mit\u00a0<em>https:\/\/app.loqed. com\/importkey<\/em><\/p>\n\n\n\n<p>5. Die App LOQED wird ge\u00f6ffnet und Sie k\u00f6nnen den Schl\u00fcssel importieren.&#13;\n&#13;\nWenn Sie Fragen haben, lesen Sie bitte unsere\u00a0<a href=\"https:\/\/loqed.com\/de\/hilfe\/\">h\u00e4ufig gestellten Fragen<\/a>.<\/p>\n<\/div><\/section>\n","protected":false},"excerpt":{"rendered":"","protected":false},"author":129,"featured_media":0,"parent":0,"menu_order":0,"comment_status":"closed","ping_status":"closed","template":"","meta":{"_mo_disable_npp":"","inline_featured_image":false},"acf":[],"aioseo_notices":[],"_links":{"self":[{"href":"https:\/\/loqed.com\/de\/wp-json\/wp\/v2\/pages\/2449"}],"collection":[{"href":"https:\/\/loqed.com\/de\/wp-json\/wp\/v2\/pages"}],"about":[{"href":"https:\/\/loqed.com\/de\/wp-json\/wp\/v2\/types\/page"}],"author":[{"embeddable":true,"href":"https:\/\/loqed.com\/de\/wp-json\/wp\/v2\/users\/129"}],"replies":[{"embeddable":true,"href":"https:\/\/loqed.com\/de\/wp-json\/wp\/v2\/comments?post=2449"}],"version-history":[{"count":0,"href":"https:\/\/loqed.com\/de\/wp-json\/wp\/v2\/pages\/2449\/revisions"}],"wp:attachment":[{"href":"https:\/\/loqed.com\/de\/wp-json\/wp\/v2\/media?parent=2449"}],"curies":[{"name":"wp","href":"https:\/\/api.w.org\/{rel}","templated":true}]}}