{"id":2285,"date":"2022-04-13T18:38:32","date_gmt":"2022-04-13T17:38:32","guid":{"rendered":"https:\/\/loqed.com\/presse\/"},"modified":"2023-08-17T10:22:18","modified_gmt":"2023-08-17T09:22:18","slug":"presse","status":"publish","type":"page","link":"https:\/\/loqed.com\/de\/presse\/","title":{"rendered":"Presse"},"content":{"rendered":"\n<section class=\"wp-block-uagb-section uagb-section__wrap uagb-section__background-undefined uagb-block-2488f10d\"><div class=\"uagb-section__overlay\"><\/div><div class=\"uagb-section__inner-wrap\">\n<h2 class=\"wp-block-heading\" id=\"h-press\">Presse<\/h2>\n\n\n\n<div class=\"wp-block-columns is-layout-flex wp-container-3\">\n<div class=\"wp-block-column is-layout-flow\">\n<h2 class=\"wp-block-heading\" id=\"h-what-we-do\">Unsere Mission<\/h2>\n\n\n\n<p>Auf der Seite \u00dcber LOQED finden Sie unsere Geschichte, aber nichts geht \u00fcber ein pers\u00f6nliches Angebot. Nehmen Sie Kontakt mit uns auf und wir erz\u00e4hlen Ihnen gerne unsere Geschichte und lassen Sie unser Produkt selbst erleben.<\/p>\n<\/div>\n\n\n\n<div class=\"wp-block-column is-layout-flow\">\n<h2 class=\"wp-block-heading\" id=\"h-press-materials\">Materialien f\u00fcr die Presse<\/h2>\n\n\n\n<p>Please get in touch with us for high resolution pictures of LOQED\u2019s founders, products, and logos.<\/p>\n<\/div>\n<\/div>\n\n\n\n<h2 class=\"wp-block-heading\" id=\"h-publications-the-netherlands\">Ver\u00f6ffentlichungen Die Niederlande<\/h2>\n\n\n\n<figure class=\"wp-block-table\"><table><tbody><tr><th>Datum<\/th><th>Typ<\/th><th>Herausgeber<\/th><th>Titel<\/th><\/tr><tr><td>22-12-2021<\/td><td>Interview<\/td><td>Fonk Magazine<\/td><td><a href=\"https:\/\/fonkmagazine.fonkonline.nl\/edition-327\/?page=54\">LOQED, with a touch of a finger<\/a><\/td><\/tr><tr><td>14-10-2021<\/td><td>Interview<\/td><td>Financieel Dagblad<\/td><td><a href=\"https:\/\/fd.nl\/tech-en-innovatie\/1415558\/ik-drukte-op-de-knop-en-er-gebeurde-niets\">Ik drukte op de knop, en er gebeurde niets<\/a><\/td><\/tr><tr><td>26-07-2021<\/td><td>Advertorial<\/td><td>Tweakers.net<\/td><td><a href=\"https:\/\/tweakers.net\/plan\/3032\/win-een-loqed-touch-smart-lock-en-vergeet-je-sleutels-voorgoed.html\">Win een Loqed Touch Smart Lock en vergeet je sleutels voorgoed<\/a><\/td><\/tr><tr><td>20-08-2021<\/td><td>Review<\/td><td>Domotica-Blog.nl<\/td><td><a href=\"https:\/\/www.domotica-blog.nl\/post\/review-loqed-smart-lock\/\">Review: Loqed Smart Lock<\/a><\/td><\/tr><tr><td>10-08-2021<\/td><td>Advertorial<\/td><td>Bright \/ RTL Nieuws<\/td><td><a href=\"https:\/\/www.rtlnieuws.nl\/tech\/artikel\/5214992\/5-redenen-om-voor-een-slim-deurslot-te-kiezen\">5 redenen om voor een slim deurslot te kiezen<\/a><\/td><\/tr><tr><td>09-07-2021<\/td><td>News<\/td><td>Volkskrant<\/td><td><a href=\"https:\/\/www.volkskrant.nl\/beter-leven\/slimme-tech-voor-thuis-terwijl-u-op-vakantie-gaat~bbc9e6de\/\">Slimme tech voor thuis, terwijl u op vakantie gaat<\/a><\/td><\/tr><tr><td>02-07-2021<\/td><td>News<\/td><td>Het Parool<\/td><td><a href=\"https:\/\/www.parool.nl\/ps\/hoe-houd-je-inbrekers-op-afstand-alles-over-slimme-sloten-videodeurbellen-lampen-en-sirenes~bf5b6603\/\">Hoe houd je inbrekers op afstand? Alles over slimme sloten, videodeurbellen, lampen en sirenes<\/a><\/td><\/tr><tr><td>29-06-2021<\/td><td>Review<\/td><td>Coole Suggesties<\/td><td><a href=\"https:\/\/www.coolesuggesties.nl\/loqed-slimme-slot-review\/\">Gadget review: LOQED, het slimme slot<\/a><\/td><\/tr><tr><td>26-06-2021<\/td><td>News<\/td><td>AD<\/td><td><a href=\"https:\/\/www.ad.nl\/tech\/met-deze-slimme-sloten-en-deurbellen-maak-je-het-inbrekers-wel-erg-lastig~a12a4171\/\">Met deze slimme sloten en deurbellen maak je het inbrekers wel erg lastig<\/a><\/td><\/tr><tr><td>21-04-2021<\/td><td>Review &amp; Podcast<\/td><td>Numrush<\/td><td><a href=\"https:\/\/numrush.nl\/v2-slim-deurslot-loqed-sonos-roam\/\">Luister de nieuwe V2: Een slim deurslot dat ook een espresso maakt?<\/a><\/td><\/tr><tr><td>08-04-2021<\/td><td>Review<\/td><td>Manners<\/td><td><a href=\"https:\/\/www.manners.nl\/loqed-slim-slot-winnen\/\">LOQED: dit slimme slot maakt je huis sleutelloos<\/a><\/td><\/tr><tr><td>07-04-2021<\/td><td>Review<\/td><td>Want<\/td><td><a href=\"https:\/\/www.want.nl\/loqed-slim-slot-volledig-sleutelloos\/\">LOQED review: het slot dat je huis slimmer en volledig sleutelloos maakt<\/a><\/td><\/tr><tr><td>22-02-2021<\/td><td>Interview<\/td><td>Quote<\/td><td><a href=\"https:\/\/www.quotenet.nl\/zakelijk\/a35580997\/kickstart-geen-gedoe-met-vergeten-sleutels-met-dit-slimme-deurslot\/\">Kickstart: Geen gedoe met vergeten sleutels met dit slimme deurslot<\/a><\/td><\/tr><tr><td>19-02-2021<\/td><td>News<\/td><td>Freshgadgets<\/td><td><a href=\"https:\/\/freshgadgets.nl\/loqed-een-slim-sleutelloos-slot-van-nederlandse-bodem\">Loqed: een slim sleutelloos slot van Nederlandse bodem<\/a><\/td><\/tr><tr><td>20-01-2021<\/td><td>Review<\/td><td>BNR<\/td><td><a href=\"https:\/\/www.bnr.nl\/podcast\/bnr-slimme-koppen\/10430938\/voordeur-van-de-toekomst\">Loqed Smart Lock preview: slim slot maakt je huissleutels overbodig<\/a><\/td><\/tr><tr><td>13-01-2021<\/td><td>Review<\/td><td>Androidworld<\/td><td><a href=\"https:\/\/androidworld.nl\/smarthome\/nederlanders-loqed-deurslot\">Nederlanders lanceren slim deurslot dat opent met aanraking<\/a><\/td><\/tr><tr><td>09-01-2021<\/td><td>Review<\/td><td>FWD<\/td><td><a href=\"https:\/\/fwd.nl\/smarthome\/review-loqed-touch-smart-lock-slim-slot-zonder-sleutels\/\">Review: Loqed Touch Smart Lock \u2013 slim slot zonder sleutels<\/a><\/td><\/tr><tr><td>03-12-2020<\/td><td>Review<\/td><td>TechGaming<\/td><td><a href=\"https:\/\/techgaming.nl\/review-loqed-touch-smart-lock\/\">Review: LOQED Touch Smart Lock<\/a><\/td><\/tr><tr><td>02-09-2020<\/td><td>Review<\/td><td>Androidworld.nl<\/td><td><a href=\"https:\/\/androidworld.nl\/review\/loqed-smart-lock-preview\/\">Loqed Smart Lock preview: slim slot maakt je huissleutels overbodig<\/a><\/td><\/tr><tr><td>13-08-2020<\/td><td>Review<\/td><td>Bright \/ RTL Nieuws<\/td><td><a href=\"https:\/\/www.rtlnieuws.nl\/tech\/artikel\/5177148\/loqed-nemef-nuki-yale-slim-slot-voordeur\">Getest: slim slot voor je voordeur<\/a><\/td><\/tr><tr><td>15-01-2020<\/td><td>Article<\/td><td>mt\/sprout<\/td><td><a href=\"https:\/\/mtsprout.nl\/mtsprout\/dit-slimme-slot-maakt-huissleutels-overbodig\">Dit slimme slot maakt huissleutels overbodig<\/a><\/td><\/tr><tr><td>13-01-2020<\/td><td>News<\/td><td>FWD<\/td><td><a href=\"https:\/\/fwd.nl\/smarthome\/slimme-slot-loqed-van-nederlandse-bodem-is-nu-te-bestellen\/\">Slimme slot Loqed, van Nederlandse bodem, is nu te bestellen<\/a><\/td><\/tr><tr><td>17-04-2019<\/td><td>News<\/td><td>Investeerders.nl<\/td><td><a href=\"https:\/\/www.investeerders.nl\/loqed-en-felyx-winnaars-startup-deal-van-het-jaar\/\">Loqed en Felyx winnaars startup deal van het jaar<\/a><\/td><\/tr><tr><td>15-03-2018<\/td><td>News<\/td><td>Vectrix<\/td><td><a href=\"https:\/\/www.vectrix.nl\/nieuws\/3111\/loqed-haalt-700k-op-bij-nextstage-early-stage-fund\/\">Loqed haalt \u20ac 700K op bij NextStage Early Stage Fund<\/a><\/td><\/tr><tr><td>19-02-2017<\/td><td>News<\/td><td>AD<\/td><td><a href=\"https:\/\/www.ad.nl\/delft\/acht-nieuwe-start-ups-aan-de-slag-via-yes-delft~a8c0cf63\/\">Acht nieuwe start-ups aan de slag via YES!Delft<\/a><\/td><\/tr><\/tbody><\/table><\/figure>\n\n\n\n<h2 class=\"wp-block-heading\" id=\"h-publications-germany\">Publikationen Deutschland<\/h2>\n\n\n\n<figure class=\"wp-block-table\"><table><tbody><tr><th>Datum<\/th><th>Typ<\/th><th>Herausgeber<\/th><th>Titel<\/th><\/tr><tr><td>09-08-2023<\/td><td>Review<\/td><td>OKTop.de<\/td><td><a href=\"https:\/\/www.oktop.de\/loqed-touch-smart-lock-smarte-tuersicherung\" title=\"\">Loqed Touch Smart Lock Smarte T\u00fcrsicherung<\/a><\/td><\/tr><tr><td>07-07-2023<\/td><td>Review<\/td><td>FAZ.net<\/td><td><a href=\"http:\/\/faz.net\/kaufkompass\/test\/das-beste-smart-lock\/\" title=\"\">Das beste Smart Lock<\/a><\/td><\/tr><tr><td>25-05-2022<\/td><td>Review<\/td><td>c&#8217;t Magazine<\/td><td><a href=\"https:\/\/www.heise.de\/select\/ct\/2022\/12\/2205415355066239394\" target=\"_blank\" rel=\"noreferrer noopener\">Schl\u00fcsselmeister &#8211; Sechs smarte T\u00fcrschl\u00f6sser im Test<\/a><\/td><\/tr><tr><td>16-03-2022<\/td><td>Video Review &amp; Installation<\/td><td>M1Molter &#8211; Der Heimwerker<\/td><td><a href=\"https:\/\/youtu.be\/Sj3UdUgIIYE\" target=\"_blank\" rel=\"noreferrer noopener\">LOQED Elektronisches T\u00fcrschloss nachr\u00fcsten<\/a><\/td><\/tr><tr><td>11-02-2022<\/td><td>Vergleichstest<\/td><td>Alles Beste<\/td><td><a href=\"https:\/\/www.allesbeste.de\/test\/das-beste-smart-lock\/#vergleichstabelle-count-2\" target=\"_blank\" rel=\"noreferrer noopener\">13 Smart Lock im Test<\/a><\/td><\/tr><tr><td>03-02-2022<\/td><td>Review<\/td><td>CTech&amp;Media<\/td><td><a href=\"https:\/\/youtu.be\/9zA9r9jkzjw\" target=\"_blank\" rel=\"noreferrer noopener\">Loqed T\u00fcrschloss &#8211; Die Perfekte L\u00f6sung?<\/a><\/td><\/tr><tr><td>21-12-2021<\/td><td>Review<\/td><td>Vaterzeiten.de<\/td><td><a class=\"do_not_translate\" href=\"https:\/\/vaterzeiten.de\/zuhause\/elektronisches-tuerschloss\/\">Die 5 besten nachr\u00fcstbaren elektronischen T\u00fcrschl\u00f6sser<\/a><\/td><\/tr><tr><td>21-12-2021<\/td><td>Review<\/td><td>Vaterzeiten.de<\/td><td><a class=\"do_not_translate\" href=\"https:\/\/vaterzeiten.de\/technik\/loqed-touch-smart-lock\/\">LOQED Touch Smart Lock \u2013 Das smarte T\u00fcrschloss im Produktcheck<\/a><\/td><\/tr><tr><td>23-06-2021<\/td><td>Video Review<\/td><td>Valentin M\u00f6ller<\/td><td><a href=\"https:\/\/www.youtube.com\/watch?v=h-kfXVLMn8s\">Das smarte T\u00fcrschloss OHNE SCHL\u00dcSSEL! &#8211; LOQED Smart Lock Test Fazit nach einem Monat!<\/a><\/td><\/tr><tr><td>10-10-2021<\/td><td>Video Review<\/td><td>Technik inside<\/td><td><a href=\"https:\/\/www.youtube.com\/watch?v=T-9QLwRsrKI&amp;list=PLwV5HYSzLE9nJL0p6pb8m6rcepawc3juP&amp;index=8&amp;ab_channel=technikinside\">LOQED Touch Smart Lock Test &#8211; Das bessere Nuki?<\/a><\/td><\/tr><tr><td>04-10-2021<\/td><td>Review<\/td><td>Home &amp; Smart<\/td><td><a href=\"https:\/\/www.homeandsmart.de\/loqed-tuerschloss\">LOQED Touch Smart Lock im \u00dcberblick<\/a><\/td><\/tr><tr><td>23-11-2021<\/td><td>Review<\/td><td>BASIC thinking<\/td><td><a href=\"https:\/\/www.basicthinking.de\/blog\/2021\/11\/23\/loqed-touch-smart-lock-test\/\">LOQED Touch Smart Lock: Das smarte T\u00fcrschloss im Test<\/a><\/td><\/tr><\/tbody><\/table><\/figure>\n\n\n\n<h2 class=\"wp-block-heading\">Publikationen in England und Irland<\/h2>\n\n\n\n<figure class=\"wp-block-table\"><table><tbody><tr><th>Datum<\/th><th>Typ<\/th><th>Herausgeber<\/th><th>Titel<\/th><\/tr><tr><td>08-08-2023<\/td><td>Review<\/td><td>Techbuzz Ireland<\/td><td><a title=\"\" href=\"https:\/\/techbuzzireland.com\/2023\/08\/08\/revolutionise-your-smart-home-with-the-loqed-touch-smart-lock\/\">Revolutionise your smart home with the LOQED Touch Smart Lock<\/a><\/td><\/tr><tr><td>10-08-2023<\/td><td>Review<\/td><td>Irish Times<\/td><td><a title=\"\" href=\"https:\/\/www.irishtimes.com\/technology\/consumer-tech\/2023\/08\/10\/loqed-touch-smart-lock-no-more-rummaging-in-your-bag-or-pockets\/\">LOQED Touch Smart Lock: No more rummaging in your bag or pockets<\/a><\/td><\/tr><\/tbody><\/table><\/figure>\n<\/div><\/section>\n","protected":false},"excerpt":{"rendered":"","protected":false},"author":129,"featured_media":0,"parent":0,"menu_order":0,"comment_status":"closed","ping_status":"closed","template":"","meta":{"_mo_disable_npp":"","inline_featured_image":false},"acf":[],"aioseo_notices":[],"_links":{"self":[{"href":"https:\/\/loqed.com\/de\/wp-json\/wp\/v2\/pages\/2285"}],"collection":[{"href":"https:\/\/loqed.com\/de\/wp-json\/wp\/v2\/pages"}],"about":[{"href":"https:\/\/loqed.com\/de\/wp-json\/wp\/v2\/types\/page"}],"author":[{"embeddable":true,"href":"https:\/\/loqed.com\/de\/wp-json\/wp\/v2\/users\/129"}],"replies":[{"embeddable":true,"href":"https:\/\/loqed.com\/de\/wp-json\/wp\/v2\/comments?post=2285"}],"version-history":[{"count":3,"href":"https:\/\/loqed.com\/de\/wp-json\/wp\/v2\/pages\/2285\/revisions"}],"predecessor-version":[{"id":8695,"href":"https:\/\/loqed.com\/de\/wp-json\/wp\/v2\/pages\/2285\/revisions\/8695"}],"wp:attachment":[{"href":"https:\/\/loqed.com\/de\/wp-json\/wp\/v2\/media?parent=2285"}],"curies":[{"name":"wp","href":"https:\/\/api.w.org\/{rel}","templated":true}]}}