{"id":2268,"date":"2022-04-13T18:23:38","date_gmt":"2022-04-13T17:23:38","guid":{"rendered":"https:\/\/loqed.com\/partner-werden\/"},"modified":"2022-04-13T18:23:38","modified_gmt":"2022-04-13T17:23:38","slug":"partner-werden","status":"publish","type":"page","link":"https:\/\/loqed.com\/de\/partner-werden\/","title":{"rendered":"Partner werden"},"content":{"rendered":"\n<section class=\"wp-block-uagb-section uagb-section__wrap uagb-section__background-undefined uagb-block-9721f47d\"><div class=\"uagb-section__overlay\"><\/div><div class=\"uagb-section__inner-wrap\">\n<h2 class=\"wp-block-heading\" id=\"h-distribution-partners\">Vertriebspartner<\/h2>\n\n\n\n<p>Wir freuen uns \u00fcber Partner, die LOQED Touch Smart-Schloss in ganz Europa bekannt und verf\u00fcgbar machen wollen. Bitte setzen Sie sich mit uns in Verbindung, um die M\u00f6glichkeiten zu besprechen. Nutzen Sie dazu das Chat-Symbol in der rechten unteren Ecke oder rufen Sie uns an unter +31 (0) 85 0604 578 (Montag bis Freitag zwischen 10:00 und 17:00 (<strong><em>nicht f\u00fcr Produktunterst\u00fctzung<\/em><\/strong>).<\/p>\n\n\n\n<h2 class=\"wp-block-heading\" id=\"h-installation-partners\">Installationspartner<\/h2>\n\n\n\n<p>Wir sind immer auf der Suche nach professionellen Schlossern, die das LOQED Touch Smart-Schloss f\u00fcr unsere Kunden in ihrer Region installieren k\u00f6nnen. Nat\u00fcrlich k\u00f6nnen Sie als Montagepartner auch Vertriebspartner werden. Bitte setzen Sie sich mit uns in Verbindung, um die M\u00f6glichkeiten zu besprechen. Nutzen Sie dazu das Chat-Symbol in der rechten unteren Ecke oder rufen Sie uns an unter +31 (0) 85 0604 578 (Montag bis Freitag zwischen 10:00 und 17:00 Uhr, nicht f\u00fcr Support-Anfragen).<\/p>\n<\/div><\/section>\n","protected":false},"excerpt":{"rendered":"","protected":false},"author":129,"featured_media":0,"parent":0,"menu_order":0,"comment_status":"closed","ping_status":"closed","template":"","meta":{"_mo_disable_npp":"","inline_featured_image":false},"acf":[],"aioseo_notices":[],"_links":{"self":[{"href":"https:\/\/loqed.com\/de\/wp-json\/wp\/v2\/pages\/2268"}],"collection":[{"href":"https:\/\/loqed.com\/de\/wp-json\/wp\/v2\/pages"}],"about":[{"href":"https:\/\/loqed.com\/de\/wp-json\/wp\/v2\/types\/page"}],"author":[{"embeddable":true,"href":"https:\/\/loqed.com\/de\/wp-json\/wp\/v2\/users\/129"}],"replies":[{"embeddable":true,"href":"https:\/\/loqed.com\/de\/wp-json\/wp\/v2\/comments?post=2268"}],"version-history":[{"count":0,"href":"https:\/\/loqed.com\/de\/wp-json\/wp\/v2\/pages\/2268\/revisions"}],"wp:attachment":[{"href":"https:\/\/loqed.com\/de\/wp-json\/wp\/v2\/media?parent=2268"}],"curies":[{"name":"wp","href":"https:\/\/api.w.org\/{rel}","templated":true}]}}