{"id":2147,"date":"2022-04-13T15:04:02","date_gmt":"2022-04-13T14:04:02","guid":{"rendered":"https:\/\/loqed.com\/ueber-uns\/"},"modified":"2023-08-28T13:45:15","modified_gmt":"2023-08-28T12:45:15","slug":"ueber-uns","status":"publish","type":"page","link":"https:\/\/loqed.com\/de\/ueber-uns\/","title":{"rendered":"\u00dcber Uns"},"content":{"rendered":"\n<div class=\"wp-block-group is-layout-flow\"><div class=\"wp-block-group__inner-container\">\n\n<\/div><\/div>\n\n<section class=\"wp-block-uagb-section uagb-section__wrap uagb-section__background-undefined uagb-block-fc15d971\"><div class=\"uagb-section__overlay\"><\/div><div class=\"uagb-section__inner-wrap\">\n<h1 class=\"wp-block-heading has-large-font-size\" id=\"h-about-loqed\">\u00dcber LOQED<\/h1>\n<\/div><\/section>\n\n<section class=\"wp-block-uagb-section uagb-section__wrap uagb-section__background-undefined uagb-block-03854407\"><div class=\"uagb-section__overlay\"><\/div><div class=\"uagb-section__inner-wrap\">\n<h2 class=\"wp-block-heading\"><strong>Wie alles begann<\/strong><\/h2>\n\n\n\n<p>Seine Schl\u00fcssel zu verlieren und Paketzustellungen zu verpassen sind \u00c4rgernisse, die Jeroen van Oorschot und Pierre van den Oord zur Gr\u00fcndung von LOQED im Jahr 2016 gebracht haben. Bestehende L\u00f6sungen der altmodischen Schlossindustrie sowie andere &#8220;smarte&#8221; T\u00fcrschl\u00f6sser gen\u00fcgten nicht den Anspr\u00fcchen. Mit diesen ist man letztlich doch immer auf einen Metallschl\u00fcssel angewiesen, wenn die Batterien des Smartphones oder des Schlosses mal leer sind. Au\u00dferdem waren diese Schl\u00f6sser unpraktisch, weil es l\u00e4nger dauerte die T\u00fcr zu \u00f6ffnen als mit einem normalen Schl\u00fcssel. Es war an der Zeit, Benutzererfahrung und Sicherheit an erste Stelle zu setzen.&#13;\n<\/p>\n\n\n\n<figure class=\"wp-block-image size-full\"><img decoding=\"async\" loading=\"lazy\" width=\"2048\" height=\"1536\" src=\"https:\/\/loqed.com\/wp-content\/uploads\/2023\/08\/IMG_2772.jpeg\" alt=\"Jeroen van Oorschot (l.) &amp; Pierre van den Oord (r.). \" class=\"wp-image-8757\" srcset=\"https:\/\/loqed.com\/wp-content\/uploads\/2023\/08\/IMG_2772.jpeg 2048w, https:\/\/loqed.com\/wp-content\/uploads\/2023\/08\/IMG_2772-768x576.jpeg 768w, https:\/\/loqed.com\/wp-content\/uploads\/2023\/08\/IMG_2772-1536x1152.jpeg 1536w, https:\/\/loqed.com\/wp-content\/uploads\/2023\/08\/IMG_2772-600x450.jpeg 600w\" sizes=\"(max-width: 2048px) 100vw, 2048px\" \/><figcaption class=\"wp-element-caption\"><em>Jeroen van Oorschot (l.) &amp; Pierre van den Oord (r.).<\/em><\/figcaption><\/figure>\n\n\n\n<h2 class=\"wp-block-heading\"><strong>Unsere Vision<\/strong><\/h2>\n\n\n\n<p>Die Art und Weise, wie wir uns Zugang zu unserem Zuhause verschaffen, ist veraltet. Die aktuellen Schl\u00f6sser sind nicht mit unseren W\u00fcnschen gewachsen: Nur den Zutritt zu verhindern, reicht nicht mehr aus.&#13;\n&#13;\nMit dem LOQED Touch Smart Lock als pers\u00f6nlichem T\u00fcrsteher hat eine neue Phase begonnen. Von nun an geht es darum, den richtigen Personen Zugang zu deinem Leben zu gew\u00e4hren, wo immer du dich befindest.<\/p>\n\n\n\n<div class=\"wp-block-uagb-image uagb-block-75f41c30 wp-block-uagb-image--layout-default wp-block-uagb-image--effect-static wp-block-uagb-image--align-none\"><figure class=\"wp-block-uagb-image__figure\"><img decoding=\"async\" srcset=\"https:\/\/loqed.com\/wp-content\/uploads\/2022\/02\/loqed-smart-lock-easy-access.jpg \" sizes=\"(max-width: 480px) 150px\" src=\"https:\/\/loqed.com\/wp-content\/uploads\/2022\/02\/loqed-smart-lock-easy-access.jpg\" alt=\"\" class=\"uag-image-7626\" width=\"900\" height=\"600\" title=\"\" loading=\"lazy\"\/><\/figure><\/div>\n\n\n\n<h2 class=\"wp-block-heading\">Unsere Mission<\/h2>\n\n\n\n<p>Unsere Mission besteht darin, das volle Potenzial deiner T\u00fcr zu entschl\u00fcsseln. Wir treiben die unaufhaltsame Entwicklung von Smart Homes voran, indem wir die benutzerfreundlichsten, zuverl\u00e4ssigsten und bequemsten L\u00f6sungen f\u00fcr smarten Zugang bieten, die dir die vollst\u00e4ndige Kontrolle dar\u00fcber geben, wer durch deine T\u00fcr tritt.<\/p>\n\n\n\n<h2 class=\"wp-block-heading\">Entwicklung<\/h2>\n\n\n\n<div class=\"wp-block-uagb-image aligncenter uagb-block-6bea82cf wp-block-uagb-image--layout-default wp-block-uagb-image--effect-static wp-block-uagb-image--align-center\"><figure class=\"wp-block-uagb-image__figure\"><img decoding=\"async\" srcset=\"https:\/\/loqed.com\/wp-content\/uploads\/2023\/08\/LOQED-timeline-sketch-e1692276300333.png ,https:\/\/loqed.com\/wp-content\/uploads\/2023\/08\/LOQED-timeline-sketch-e1692276300333.png 780w\" sizes=\"(max-width: 480px) 150px\" src=\"https:\/\/loqed.com\/wp-content\/uploads\/2023\/08\/LOQED-timeline-sketch-e1692276300333.png\" alt=\"LOQED timeline 2016-2023.\" class=\"uag-image-8700\" width=\"668\" height=\"726\" title=\"\" loading=\"lazy\"\/><\/figure><\/div>\n\n\n\n<p>Die erste Demo-Version des Produkts wurde Anfang 2017 entwickelt, um potenziellen Investoren vorgestellt zu werden. Im Juli 2017 sicherte sich LOQED seine erste Investition, die die Entwicklung des LOQED Touch Smart Lock vorantrieb. Nach zweieinhalb Jahren Entwicklung bestand das Schloss am 5. M\u00e4rz 2020 erfolgreich die strengen SKG-3-Sterne-Sicherheitstests, und die Produktion der Hardware konnte beginnen \u2013 wenn auch vor\u00fcbergehend durch die Schlie\u00dfung vieler Hersteller aufgrund der COVID-19-Pandemie unterbrochen. Im M\u00e4rz 2021 wurden die ersten Touch Smart Locks an &#8220;Vorverkaufs&#8221;-Kunden versandt.<\/p>\n\n\n\n<h2 class=\"wp-block-heading\">Die Markteinf\u00fchrung<\/h2>\n\n\n\n<p>Das Touch Smart Lock ist das erste wirklich schl\u00fcssellose Smart Lock f\u00fcr europ\u00e4ische T\u00fcren. Kein umst\u00e4ndliches Hantieren mehr mit Schl\u00fcsseln \u2013 mit dem LOQED Touch Smart Lock schlie\u00dft du deine T\u00fcr einfach mit einer Ber\u00fchrung auf, solange sich dein Handy in deiner Tasche befindet.  Falls dein Handy leer ist, kannst du ganz einfach deinem pers\u00f6nlichen Code eingeben und schon bist du innen. Und wenn du trotz Warnungen \u00fcber einen niedrigen Akkustand die Batterien nicht rechtzeitig wechseln oder aufladen konntest, kannst du das Schloss mit einer Blockzellen-Batterie wieder in Betrieb nehmen. &#13;\n&#13;\nDas Schloss hat kein Schl\u00fcsselloch mehr &#8211; du musst dir also endlich keine Gedanken mehr um Schl\u00fcssel machen! Das LOQED ist sicherer als herk\u00f6mmliche Schl\u00f6sser, da ein Schl\u00fcsselloch letztlich eine Sicherheitsl\u00fccke darstellt.<\/p>\n\n\n\n<p>Seit 2022 ist das Schloss in unserem Webshop und in Einzelhandelsgesch\u00e4ften in den Benelux-L\u00e4ndern erh\u00e4ltlich, unserem Heimatmarkt. Angesichts unserer europ\u00e4ischen Ambitionen haben wir im Jahr 2023 begonnen, unsere Marketingbem\u00fchungen auf neue L\u00e4nder auszuweiten.<\/p>\n\n\n\n<div class=\"wp-block-uagb-image uagb-block-a121b92c wp-block-uagb-image--layout-default wp-block-uagb-image--effect-static wp-block-uagb-image--align-none\"><figure class=\"wp-block-uagb-image__figure\"><img decoding=\"async\" srcset=\"https:\/\/loqed.com\/wp-content\/uploads\/2023\/01\/17.-Verpackung-2-Standard.jpg \" sizes=\"(max-width: 480px) 150px\" src=\"https:\/\/loqed.com\/wp-content\/uploads\/2023\/01\/17.-Verpackung-2-Standard.jpg\" alt=\"\" class=\"uag-image-5738\" title=\"\" loading=\"lazy\"\/><\/figure><\/div>\n\n\n\n<h2 class=\"wp-block-heading\">Wo wir heute stehen<\/h2>\n\n\n\n<p>Mit einem Team von \u00fcber 12 Mitgliedern sind wir im Jahr 2023 zum Marktf\u00fchrer in den Niederlanden geworden. Von unserem Hauptsitz in den Niederlanden aus gew\u00e4hrleisten wir, dass \u00fcber 30.000 Benutzer unsere Produkte genie\u00dfen k\u00f6nnen.<\/p>\n<\/div><\/section>\n","protected":false},"excerpt":{"rendered":"","protected":false},"author":129,"featured_media":0,"parent":0,"menu_order":0,"comment_status":"closed","ping_status":"closed","template":"","meta":{"_mo_disable_npp":"","inline_featured_image":false},"acf":[],"aioseo_notices":[],"_links":{"self":[{"href":"https:\/\/loqed.com\/de\/wp-json\/wp\/v2\/pages\/2147"}],"collection":[{"href":"https:\/\/loqed.com\/de\/wp-json\/wp\/v2\/pages"}],"about":[{"href":"https:\/\/loqed.com\/de\/wp-json\/wp\/v2\/types\/page"}],"author":[{"embeddable":true,"href":"https:\/\/loqed.com\/de\/wp-json\/wp\/v2\/users\/129"}],"replies":[{"embeddable":true,"href":"https:\/\/loqed.com\/de\/wp-json\/wp\/v2\/comments?post=2147"}],"version-history":[{"count":3,"href":"https:\/\/loqed.com\/de\/wp-json\/wp\/v2\/pages\/2147\/revisions"}],"predecessor-version":[{"id":8778,"href":"https:\/\/loqed.com\/de\/wp-json\/wp\/v2\/pages\/2147\/revisions\/8778"}],"wp:attachment":[{"href":"https:\/\/loqed.com\/de\/wp-json\/wp\/v2\/media?parent=2147"}],"curies":[{"name":"wp","href":"https:\/\/api.w.org\/{rel}","templated":true}]}}