{"id":1790,"date":"2022-04-12T16:42:30","date_gmt":"2022-04-12T15:42:30","guid":{"rendered":"https:\/\/loqed.com\/news\/"},"modified":"2023-06-27T11:17:40","modified_gmt":"2023-06-27T10:17:40","slug":"nachrichten","status":"publish","type":"page","link":"https:\/\/loqed.com\/de\/nachrichten\/","title":{"rendered":"Nachrichten"},"content":{"rendered":"\n\n\n\n\n<div style=\"height:65px\" aria-hidden=\"true\" class=\"wp-block-spacer\"><\/div>\n\n\n<div class=\"wrapperblogpre\">\r\n    <article id = \"post-10829\" class=\"article item\"> <a href = \"https:\/\/loqed.com\/de\/news\/loqed-touch-vs-nuki-4-0-smart-lock-vergleich\/\">\r\n    <div class=\"imgwrap\">\r\n      <img width=\"2560\" height=\"1280\" src=\"https:\/\/loqed.com\/wp-content\/uploads\/2024\/04\/loqed-vs-nuki-scaled.webp\" class=\"attachment-10829 size-10829 wp-post-image\" alt=\"\" decoding=\"async\" loading=\"lazy\" full=\"\" srcset=\"https:\/\/loqed.com\/wp-content\/uploads\/2024\/04\/loqed-vs-nuki-scaled.webp 2560w, https:\/\/loqed.com\/wp-content\/uploads\/2024\/04\/loqed-vs-nuki-768x384.webp 768w, https:\/\/loqed.com\/wp-content\/uploads\/2024\/04\/loqed-vs-nuki-1536x768.webp 1536w, https:\/\/loqed.com\/wp-content\/uploads\/2024\/04\/loqed-vs-nuki-2048x1024.webp 2048w, https:\/\/loqed.com\/wp-content\/uploads\/2024\/04\/loqed-vs-nuki-600x300.webp 600w\" sizes=\"(max-width: 2560px) 100vw, 2560px\" \/>    <\/div>\r\n    <div class=\"textwrappost\">\r\n      <h2 class = \"post-title\">\r\n        LOQED Touch vs. Nuki 4.0 Smart Lock Vergleich      <\/h2>\r\n      <div class = \"post-date\">\r\n        04-04-2024      <\/div>\r\n      <!-- limited by the usage of a function in funtion.php  -->\r\n      \r\n      <div class = \"post-excerpt\"> LOQED Touch vs. Nuki 4.0 Smart Lock Vergleich Wir sehen ein wachsendes Interesse an den Unterschieden zwischen den Nuki- und LOQED-Smart-Locks. Mit der neuesten Version 4.0 von Nuki ist&#8230; <\/div>\r\n    <\/div>\r\n    <!--    <span class = \"post-read-more\"> <a itemprop = \"url\" href = \"https:\/\/loqed.com\/de\/news\/loqed-touch-vs-nuki-4-0-smart-lock-vergleich\/\" target = \"_blank\"> Read more <\/a> <\/span> \r\n--> \r\n    <\/a> <\/article>\r\n    <article id = \"post-2727\" class=\"article item\"> <a href = \"https:\/\/loqed.com\/de\/news\/vollstaendiges-loqed-touch-smart-schloss-installationsvideo-2\/\">\r\n    <div class=\"imgwrap\">\r\n      <img width=\"1100\" height=\"444\" src=\"https:\/\/loqed.com\/wp-content\/uploads\/2022\/04\/LOQED_Man_foto_1_1100x.webp\" class=\"attachment-2727 size-2727 wp-post-image\" alt=\"\" decoding=\"async\" loading=\"lazy\" full=\"\" srcset=\"https:\/\/loqed.com\/wp-content\/uploads\/2022\/04\/LOQED_Man_foto_1_1100x.webp 1100w, https:\/\/loqed.com\/wp-content\/uploads\/2022\/04\/LOQED_Man_foto_1_1100x-300x121.webp 300w, https:\/\/loqed.com\/wp-content\/uploads\/2022\/04\/LOQED_Man_foto_1_1100x-1024x413.webp 1024w, https:\/\/loqed.com\/wp-content\/uploads\/2022\/04\/LOQED_Man_foto_1_1100x-768x310.webp 768w, https:\/\/loqed.com\/wp-content\/uploads\/2022\/04\/LOQED_Man_foto_1_1100x-600x242.webp 600w\" sizes=\"(max-width: 1100px) 100vw, 1100px\" \/>    <\/div>\r\n    <div class=\"textwrappost\">\r\n      <h2 class = \"post-title\">\r\n        Vollst\u00e4ndiges LOQED Touch Smart-Schloss Installationsvideo      <\/h2>\r\n      <div class = \"post-date\">\r\n        26-04-2022      <\/div>\r\n      <!-- limited by the usage of a function in funtion.php  -->\r\n      \r\n      <div class = \"post-excerpt\"> Wir haben Mark, den YouTube-Influencer hinter dem M1Molter-Account, gebeten, ein Installationsvideo f\u00fcr unser LOQED Touch Smart Lock zu drehen, und er hat uns mit dieser vollst\u00e4ndigen und sehr gr\u00fcndlichen&#8230; <\/div>\r\n    <\/div>\r\n    <!--    <span class = \"post-read-more\"> <a itemprop = \"url\" href = \"https:\/\/loqed.com\/de\/news\/vollstaendiges-loqed-touch-smart-schloss-installationsvideo-2\/\" target = \"_blank\"> Read more <\/a> <\/span> \r\n--> \r\n    <\/a> <\/article>\r\n    <article id = \"post-2217\" class=\"article item\"> <a href = \"https:\/\/loqed.com\/de\/news\/welches-intelligente-schloss-ist-besser-loqed-touch-smart-lock-vs-bold-smart-cylinder\/\">\r\n    <div class=\"imgwrap\">\r\n      <img width=\"1100\" height=\"576\" src=\"https:\/\/loqed.com\/wp-content\/uploads\/2021\/07\/Loqed_vs_bold_1100x.webp\" class=\"attachment-2217 size-2217 wp-post-image\" alt=\"\" decoding=\"async\" loading=\"lazy\" full=\"\" srcset=\"https:\/\/loqed.com\/wp-content\/uploads\/2021\/07\/Loqed_vs_bold_1100x.webp 1100w, https:\/\/loqed.com\/wp-content\/uploads\/2021\/07\/Loqed_vs_bold_1100x-300x157.webp 300w, https:\/\/loqed.com\/wp-content\/uploads\/2021\/07\/Loqed_vs_bold_1100x-1024x536.webp 1024w, https:\/\/loqed.com\/wp-content\/uploads\/2021\/07\/Loqed_vs_bold_1100x-768x402.webp 768w, https:\/\/loqed.com\/wp-content\/uploads\/2021\/07\/Loqed_vs_bold_1100x-600x314.webp 600w\" sizes=\"(max-width: 1100px) 100vw, 1100px\" \/>    <\/div>\r\n    <div class=\"textwrappost\">\r\n      <h2 class = \"post-title\">\r\n        Welches intelligente Schloss ist besser? LOQED Touch Smart Lock vs. Bold Smart Cylinder      <\/h2>\r\n      <div class = \"post-date\">\r\n        13-04-2022      <\/div>\r\n      <!-- limited by the usage of a function in funtion.php  -->\r\n      \r\n      <div class = \"post-excerpt\"> Bei all den verschiedenen Smart Locks auf dem Markt kann es schwierig sein, herauszufinden, welches davon zu deinen Bed\u00fcrfnissen passt. Weil wir dir die Entscheidung erleichtern wollen, vergleichen wir&#8230; <\/div>\r\n    <\/div>\r\n    <!--    <span class = \"post-read-more\"> <a itemprop = \"url\" href = \"https:\/\/loqed.com\/de\/news\/welches-intelligente-schloss-ist-besser-loqed-touch-smart-lock-vs-bold-smart-cylinder\/\" target = \"_blank\"> Read more <\/a> <\/span> \r\n--> \r\n    <\/a> <\/article>\r\n    <article id = \"post-2206\" class=\"article item\"> <a href = \"https:\/\/loqed.com\/de\/news\/8-smart-home-produkte-die-in-10-jahren-jeder-nutzen-wird\/\">\r\n    <div class=\"imgwrap\">\r\n      <img width=\"1100\" height=\"596\" src=\"https:\/\/loqed.com\/wp-content\/uploads\/2021\/07\/9-Smart_home_homey_google_Loqed_1100x.webp\" class=\"attachment-2206 size-2206 wp-post-image\" alt=\"\" decoding=\"async\" loading=\"lazy\" full=\"\" srcset=\"https:\/\/loqed.com\/wp-content\/uploads\/2021\/07\/9-Smart_home_homey_google_Loqed_1100x.webp 1100w, https:\/\/loqed.com\/wp-content\/uploads\/2021\/07\/9-Smart_home_homey_google_Loqed_1100x-300x163.webp 300w, https:\/\/loqed.com\/wp-content\/uploads\/2021\/07\/9-Smart_home_homey_google_Loqed_1100x-1024x555.webp 1024w, https:\/\/loqed.com\/wp-content\/uploads\/2021\/07\/9-Smart_home_homey_google_Loqed_1100x-768x416.webp 768w, https:\/\/loqed.com\/wp-content\/uploads\/2021\/07\/9-Smart_home_homey_google_Loqed_1100x-600x325.webp 600w\" sizes=\"(max-width: 1100px) 100vw, 1100px\" \/>    <\/div>\r\n    <div class=\"textwrappost\">\r\n      <h2 class = \"post-title\">\r\n        8 Smart Home-Produkte, die in 10 Jahren jeder nutzen wird      <\/h2>\r\n      <div class = \"post-date\">\r\n              <\/div>\r\n      <!-- limited by the usage of a function in funtion.php  -->\r\n      \r\n      <div class = \"post-excerpt\"> In diesem Blog beschreiben wir 8 Smart-Home-Produkte, die unserer Meinung nach in zehn Jahren normaler Standard sein werden. <\/div>\r\n    <\/div>\r\n    <!--    <span class = \"post-read-more\"> <a itemprop = \"url\" href = \"https:\/\/loqed.com\/de\/news\/8-smart-home-produkte-die-in-10-jahren-jeder-nutzen-wird\/\" target = \"_blank\"> Read more <\/a> <\/span> \r\n--> \r\n    <\/a> <\/article>\r\n    <article id = \"post-2204\" class=\"article item\"> <a href = \"https:\/\/loqed.com\/de\/news\/vervollstaendige-dein-smart-home-mit-einem-intelligenten-schloss\/\">\r\n    <div class=\"imgwrap\">\r\n      <img width=\"1100\" height=\"612\" src=\"https:\/\/loqed.com\/wp-content\/uploads\/2021\/07\/completer-your.webp\" class=\"attachment-2204 size-2204 wp-post-image\" alt=\"\" decoding=\"async\" loading=\"lazy\" full=\"\" srcset=\"https:\/\/loqed.com\/wp-content\/uploads\/2021\/07\/completer-your.webp 1100w, https:\/\/loqed.com\/wp-content\/uploads\/2021\/07\/completer-your-300x167.webp 300w, https:\/\/loqed.com\/wp-content\/uploads\/2021\/07\/completer-your-1024x570.webp 1024w, https:\/\/loqed.com\/wp-content\/uploads\/2021\/07\/completer-your-768x427.webp 768w, https:\/\/loqed.com\/wp-content\/uploads\/2021\/07\/completer-your-600x334.webp 600w\" sizes=\"(max-width: 1100px) 100vw, 1100px\" \/>    <\/div>\r\n    <div class=\"textwrappost\">\r\n      <h2 class = \"post-title\">\r\n        Vervollst\u00e4ndige dein Smart Home mit einem Smart Lock      <\/h2>\r\n      <div class = \"post-date\">\r\n              <\/div>\r\n      <!-- limited by the usage of a function in funtion.php  -->\r\n      \r\n      <div class = \"post-excerpt\"> Heute nutzen mehr als eine halbe Million niederl\u00e4ndische Haushalte eine intelligente T\u00fcrklingel. Verbraucher haben etwa eine halbe Milliarde Euro ausgegeben, um sich ihr ideales Smart Home einzurichten. Der Anteil&#8230; <\/div>\r\n    <\/div>\r\n    <!--    <span class = \"post-read-more\"> <a itemprop = \"url\" href = \"https:\/\/loqed.com\/de\/news\/vervollstaendige-dein-smart-home-mit-einem-intelligenten-schloss\/\" target = \"_blank\"> Read more <\/a> <\/span> \r\n--> \r\n    <\/a> <\/article>\r\n    <article id = \"post-2082\" class=\"article item\"> <a href = \"https:\/\/loqed.com\/de\/news\/was-sind-smart-locks-vorteile-nachteile\/\">\r\n    <div class=\"imgwrap\">\r\n      <img width=\"1100\" height=\"444\" src=\"https:\/\/loqed.com\/wp-content\/uploads\/2022\/04\/LOQED_Man_foto_1_1100x.webp\" class=\"attachment-2082 size-2082 wp-post-image\" alt=\"\" decoding=\"async\" loading=\"lazy\" full=\"\" srcset=\"https:\/\/loqed.com\/wp-content\/uploads\/2022\/04\/LOQED_Man_foto_1_1100x.webp 1100w, https:\/\/loqed.com\/wp-content\/uploads\/2022\/04\/LOQED_Man_foto_1_1100x-300x121.webp 300w, https:\/\/loqed.com\/wp-content\/uploads\/2022\/04\/LOQED_Man_foto_1_1100x-1024x413.webp 1024w, https:\/\/loqed.com\/wp-content\/uploads\/2022\/04\/LOQED_Man_foto_1_1100x-768x310.webp 768w, https:\/\/loqed.com\/wp-content\/uploads\/2022\/04\/LOQED_Man_foto_1_1100x-600x242.webp 600w\" sizes=\"(max-width: 1100px) 100vw, 1100px\" \/>    <\/div>\r\n    <div class=\"textwrappost\">\r\n      <h2 class = \"post-title\">\r\n        Was sind Smart Locks? Vorteile &#038; Nachteile      <\/h2>\r\n      <div class = \"post-date\">\r\n              <\/div>\r\n      <!-- limited by the usage of a function in funtion.php  -->\r\n      \r\n      <div class = \"post-excerpt\"> In den letzten Jahren ist die technische Entwicklung rasant fortgeschritten. Zu den neuesten Innovationen z\u00e4hlen \u201esmarte\u201c Ger\u00e4te. Den Begriff \u201esmart\u201c kennen wir seit einigen Jahren von den Smartphones, und&#8230; <\/div>\r\n    <\/div>\r\n    <!--    <span class = \"post-read-more\"> <a itemprop = \"url\" href = \"https:\/\/loqed.com\/de\/news\/was-sind-smart-locks-vorteile-nachteile\/\" target = \"_blank\"> Read more <\/a> <\/span> \r\n--> \r\n    <\/a> <\/article>\r\n  <\/div>\r\n\r\n<!--\t werkt-->\r\n\r\n\n\t<nav class=\"navigation pagination\" aria-label=\"Beitr\u00e4ge\">\n\t\t<h2 class=\"screen-reader-text\">Beitragsnavigation<\/h2>\n\t\t<div class=\"nav-links\"><span aria-current=\"page\" class=\"page-numbers current\"><span class=\"meta-nav screen-reader-text\">Page <\/span>1<\/span>\n<a class=\"page-numbers\" href=\"https:\/\/loqed.com\/de\/wp-json\/wp\/v2\/pages\/1790\/page\/2\/\"><span class=\"meta-nav screen-reader-text\">Page <\/span>2<\/a>\n<span class=\"page-numbers dots\">&hellip;<\/span>\n<a class=\"page-numbers\" href=\"https:\/\/loqed.com\/de\/wp-json\/wp\/v2\/pages\/1790\/page\/4\/\"><span class=\"meta-nav screen-reader-text\">Page <\/span>4<\/a>\n<a class=\"next page-numbers\" href=\"https:\/\/loqed.com\/de\/wp-json\/wp\/v2\/pages\/1790\/page\/2\/\">><\/a><\/div>\n\t<\/nav>","protected":false},"excerpt":{"rendered":"","protected":false},"author":129,"featured_media":0,"parent":0,"menu_order":0,"comment_status":"closed","ping_status":"closed","template":"","meta":{"_mo_disable_npp":"","inline_featured_image":false},"acf":[],"aioseo_notices":[],"_links":{"self":[{"href":"https:\/\/loqed.com\/de\/wp-json\/wp\/v2\/pages\/1790"}],"collection":[{"href":"https:\/\/loqed.com\/de\/wp-json\/wp\/v2\/pages"}],"about":[{"href":"https:\/\/loqed.com\/de\/wp-json\/wp\/v2\/types\/page"}],"author":[{"embeddable":true,"href":"https:\/\/loqed.com\/de\/wp-json\/wp\/v2\/users\/129"}],"replies":[{"embeddable":true,"href":"https:\/\/loqed.com\/de\/wp-json\/wp\/v2\/comments?post=1790"}],"version-history":[{"count":1,"href":"https:\/\/loqed.com\/de\/wp-json\/wp\/v2\/pages\/1790\/revisions"}],"predecessor-version":[{"id":8297,"href":"https:\/\/loqed.com\/de\/wp-json\/wp\/v2\/pages\/1790\/revisions\/8297"}],"wp:attachment":[{"href":"https:\/\/loqed.com\/de\/wp-json\/wp\/v2\/media?parent=1790"}],"curies":[{"name":"wp","href":"https:\/\/api.w.org\/{rel}","templated":true}]}}