{"id":1645,"date":"2022-04-11T14:06:27","date_gmt":"2022-04-11T13:06:27","guid":{"rendered":"https:\/\/loqed.com\/smart-home-integrationen-de\/"},"modified":"2024-02-08T15:47:08","modified_gmt":"2024-02-08T14:47:08","slug":"smart-home-integrationen","status":"publish","type":"page","link":"https:\/\/loqed.com\/de\/smart-home-integrationen\/","title":{"rendered":"Smart Home Integrationen"},"content":{"rendered":"\r\n\r\n\r\n\r\n<!-- hero -->\r\n<section class=\"theme-hero halfheight\" \r\n\t\t\t\t\r\n\t\t\t\t style=\"background-image: url(https:\/\/loqed.com\/wp-content\/uploads\/2022\/04\/Copy_of_LOQED_website_banner_Christmas_4_3000x-scaled.webp)\">\r\n\t\r\n\t<div class=\"container\">\r\n<!--\t\t<div class=\"theme-hero__content center\">-->\r\n\t\t<div class=\"theme-hero__content center\">\r\n\t\t\t\t\t\t<div class=\"theme-hero__text\">\r\n\t\t\t\t<h1>Integrationen<\/h1>\n\t\t\t<\/div>\r\n\t\t\t\t\t\t<div class=\"theme-hero__buttons\">\r\n\t\t\t\t\t\t\t<\/div>\r\n\t\t<\/div>\r\n\t<\/div>\r\n<\/section>\n<div style=\"height:100px\" aria-hidden=\"true\" class=\"wp-block-spacer\"><\/div>\n<section  class=\"wrapper theme-p\">\r\n\r\n\r\n    \r\n    <div class=\"container\" data-aos=\"fade-up\">\r\n        <div class=\"row\">\r\n                        <div class=\"col-12\">\r\n                <h2>Smart Assistants<\/h2>\n<p>Ein Smart Assistant &#8211; auch bekannt als virtueller Assistent &#8211; ist eine Software auf einem Smart Speaker oder Smartphone, die Fragen beantworten und Aufgaben ausf\u00fchren kann. Wenn du eine Integration zwischen deinem LOQED und dem Smart Assistant einrichtest, kannst du das Schloss \u00fcber Sprachbefehle steuern und Routinen einrichten. Du kannst zum Beispiel eine Schlafenszeit-Routine erstellen, die das Licht ausschaltet und deine T\u00fcr verschlie\u00dft, wenn du deinem Smart Assistant eine gute Nacht w\u00fcnschst.<\/p>\n            <\/div>\r\n                        <div class=\"col-xs-12 col-sm-12 col-md-4 col-lg-4 mb-5\">\r\n                <div class=\"theme-card\"><h2><img decoding=\"async\" loading=\"lazy\" class=\"wp-image-1529 alignnone\" src=\"https:\/\/test.loqed.com\/wp-content\/uploads\/2022\/04\/google-300x188.webp\" alt=\"\" width=\"100\" height=\"63\" srcset=\"https:\/\/loqed.com\/wp-content\/uploads\/2022\/04\/google-300x188.webp 300w, https:\/\/loqed.com\/wp-content\/uploads\/2022\/04\/google-768x480.webp 768w, https:\/\/loqed.com\/wp-content\/uploads\/2022\/04\/google-600x375.webp 600w, https:\/\/loqed.com\/wp-content\/uploads\/2022\/04\/google.webp 800w\" sizes=\"(max-width: 100px) 100vw, 100px\" \/><\/h2>\n<h2>Google Assistant<\/h2>\n<p>Mit Google Assistant kannst du dein LOQED Touch Smart Lock \u00fcber Sprachbefehle steuern. Du kannst die T\u00fcr mit deinem Google Home-Lautsprecher oder der Google Home-App auf deinem Smartphone verriegeln. Du kannst auch Routinen erstellen, wie z. B. das Einschalten des Lichts und das Schlie\u00dfen der Vorh\u00e4nge, wenn du nach der Arbeit nach Hause kommst und Google Assistant einen Befehl gibst.<\/p>\n<\/div>            <\/div>\r\n                        <div class=\"col-xs-12 col-sm-12 col-md-4 col-lg-4 mb-5\">\r\n                <div class=\"theme-card\"><p><img decoding=\"async\" loading=\"lazy\" class=\"wp-image-1532 alignnone\" src=\"https:\/\/test.loqed.com\/wp-content\/uploads\/2022\/04\/alexa-300x188.webp\" alt=\"\" width=\"100\" height=\"63\" srcset=\"https:\/\/loqed.com\/wp-content\/uploads\/2022\/04\/alexa-300x188.webp 300w, https:\/\/loqed.com\/wp-content\/uploads\/2022\/04\/alexa-768x480.webp 768w, https:\/\/loqed.com\/wp-content\/uploads\/2022\/04\/alexa-600x375.webp 600w, https:\/\/loqed.com\/wp-content\/uploads\/2022\/04\/alexa.webp 800w\" sizes=\"(max-width: 100px) 100vw, 100px\" \/><\/p>\n<h2>Amazon Alexa (via Olisto)<\/h2>\n<p>Durch die Integration von Alexa mit deinem LOQED kannst du es ganz einfach mit deinen Amazon Echo-Ger\u00e4ten per Sprachbefehl steuern. Du kannst mit Alexa auch Routinen einrichten, z. B. eine Morgenroutine, bei der das Licht und die Kaffeemaschine eingeschaltet werden, die Vorh\u00e4nge aufgehen und der LOQED deine T\u00fcr aufschlie\u00dft.<\/p>\n<\/div>            <\/div>\r\n                          \r\n        <\/div>\r\n    <\/div>\r\n<\/section>\r\n\n<div style=\"height:100px\" aria-hidden=\"true\" class=\"wp-block-spacer\"><\/div>\n<section  class=\"wrapper\">\r\n\r\n\r\n    \r\n    <div class=\"container\" data-aos=\"fade-up\">\r\n        <div class=\"row\">\r\n                        <div class=\"col-12\">\r\n                <h2>Smart home hubs<\/h2>\n<p>Ein Smart Home Hub ist eine Hardware oder Software, die Smart Home-Ger\u00e4te wie dein LOQED Touch Smart Lock miteinander verbindet. So kannst du zum Beispiel automatisch das Licht ausschalten, wenn du die T\u00fcr hinter dir abschlie\u00dft, wenn du das Haus verl\u00e4sst. Oder du kannst einen Smart Home Hub verwenden, um dein LOQED Smart Lock mit deiner <a href=\"https:\/\/support.loqed.com\/de\/articles\/6144059\" target=\"_blank\" rel=\"noopener\">Smartwatch<\/a> zu verbinden.<\/p>\n            <\/div>\r\n                        <div class=\"col-xs-12 col-sm-12 col-md-4 col-lg-4 mb-5\">\r\n                <div class=\"theme-card\"><h2><img decoding=\"async\" loading=\"lazy\" class=\"alignnone wp-image-1341\" src=\"https:\/\/loqed.com\/wp-content\/uploads\/2022\/04\/loxone_logo_550x-300x300.webp\" alt=\"\" width=\"62\" height=\"62\" srcset=\"https:\/\/loqed.com\/wp-content\/uploads\/2022\/04\/loxone_logo_550x-300x300.webp 300w, https:\/\/loqed.com\/wp-content\/uploads\/2022\/04\/loxone_logo_550x-150x150.webp 150w, https:\/\/loqed.com\/wp-content\/uploads\/2022\/04\/loxone_logo_550x-100x100.webp 100w, https:\/\/loqed.com\/wp-content\/uploads\/2022\/04\/loxone_logo_550x.webp 550w\" sizes=\"(max-width: 62px) 100vw, 62px\" \/><\/h2>\n<h2>Loxone<\/h2>\n<p>Mit Loxone kannst du dein Zuhause auf eine sehr einfache und intuitive Weise vollst\u00e4ndig automatisieren. Mit der Loxone-Integration kannst du deine Loxone-Einrichtung mit <a href=\"https:\/\/support.loqed.com\/de\/articles\/6144015\" target=\"_blank\" rel=\"noopener\">deinem LOQED Touch Smart Lock verbinden<\/a>. So kann Loxone das Nachtschloss an deiner T\u00fcr vollautomatisch aktivieren, wenn du nachts schlafen gehst.<\/p>\n<\/div>            <\/div>\r\n                        <div class=\"col-xs-12 col-sm-12 col-md-4 col-lg-4 mb-5\">\r\n                <div class=\"theme-card\"><p><img decoding=\"async\" loading=\"lazy\" class=\"alignnone wp-image-1535\" src=\"https:\/\/loqed.com\/wp-content\/uploads\/2022\/04\/homey-300x188.webp\" alt=\"\" width=\"99\" height=\"62\" srcset=\"https:\/\/loqed.com\/wp-content\/uploads\/2022\/04\/homey-300x188.webp 300w, https:\/\/loqed.com\/wp-content\/uploads\/2022\/04\/homey-768x480.webp 768w, https:\/\/loqed.com\/wp-content\/uploads\/2022\/04\/homey-600x375.webp 600w, https:\/\/loqed.com\/wp-content\/uploads\/2022\/04\/homey.webp 800w\" sizes=\"(max-width: 99px) 100vw, 99px\" \/><\/p>\n<h2>Homey<\/h2>\n<p>Homey ist ein integrierter Smart-Home-Hub, der \u00fcber 40.000 smarte Ger\u00e4te miteinander verbindet. Dazu geh\u00f6ren Fibaro, Somfy, Samsung, Nest, Philips Hue und viele mehr. Sowohl die Homey-App als auch Homey pro k\u00f6nnen in LOQED integriert werden, sodass du das <a href=\"https:\/\/homey.app\/de-de\/app\/com.loqed.touch-smart-lock\/LOQED\/\" target=\"_blank\" rel=\"noopener\">LOQED Touch Smart Lock<\/a> in deine Hausautomatisierung und Routinen einbinden kannst.<\/p>\n<p>Erfahre <a href=\"https:\/\/loqed.com\/de\/news\/loqed-und-homey-eine-perfekte-smart-home-partnerschaft\/\" target=\"_blank\" rel=\"noopener\">hier<\/a> mehr \u00fcber die Zusammenarbeit zwischen LOQED und Homey.<\/p>\n<\/div>            <\/div>\r\n                        <div class=\"col-xs-12 col-sm-12 col-md-4 col-lg-4 mb-5\">\r\n                <div class=\"theme-card\"><p><img decoding=\"async\" loading=\"lazy\" class=\"alignnone wp-image-8256\" src=\"https:\/\/loqed.com\/wp-content\/uploads\/2023\/06\/Iobroker_logo.svg\" alt=\"\" width=\"279\" height=\"62\" \/><\/p>\n<h2>ioBroker<\/h2>\n<p><a href=\"https:\/\/www.iobroker.net\/\" target=\"_blank\" rel=\"noopener\">ioBroker<\/a> ist eine Open-Source-Automatisierungsplattform. Mit dem <a href=\"https:\/\/support.loqed.com\/en\/articles\/8046336-iobroker-loqed-integration\" target=\"_blank\" rel=\"noopener\">ioBroker-Adapter f\u00fcr LOQED<\/a> kannst du dein LOQED-Smart-Lock damit verbinden.<\/p>\n<\/div>            <\/div>\r\n                        <div class=\"col-xs-12 col-sm-12 col-md-4 col-lg-4 mb-5\">\r\n                <div class=\"theme-card\"><h2><img decoding=\"async\" loading=\"lazy\" class=\"alignnone wp-image-1541\" src=\"https:\/\/loqed.com\/wp-content\/uploads\/2022\/04\/olisto-300x188.webp\" alt=\"\" width=\"99\" height=\"62\" srcset=\"https:\/\/loqed.com\/wp-content\/uploads\/2022\/04\/olisto-300x188.webp 300w, https:\/\/loqed.com\/wp-content\/uploads\/2022\/04\/olisto-768x480.webp 768w, https:\/\/loqed.com\/wp-content\/uploads\/2022\/04\/olisto-600x375.webp 600w, https:\/\/loqed.com\/wp-content\/uploads\/2022\/04\/olisto.webp 800w\" sizes=\"(max-width: 99px) 100vw, 99px\" \/><\/h2>\n<h2>Olisto<\/h2>\n<p>Mit der Olisto-App f\u00fcr Hausautomation kannst du Triggs erstellen, die auf &#8220;Wenn&#8221;-&#8220;Dann&#8221;-Regeln basieren. Die Olisto-Plattform verbindet intelligente Ger\u00e4te und Dienste wie Philips Hue, Nest, Google, Siri, Smartwatches und viele mehr. Verbinde zum Beispiel dein <a href=\"https:\/\/support.loqed.com\/de\/articles\/6144012\" target=\"_blank\" rel=\"noopener\">LOQED Touch Smart Lock<\/a> mit deiner T\u00fcrklingelkamera, damit es die T\u00fcr f\u00fcr Personen, die du kennst, aufschlie\u00dfen kann. Oder \u00f6ffne die T\u00fcr von deiner <a href=\"https:\/\/support.loqed.com\/de\/articles\/6144059\" target=\"_blank\" rel=\"noreferrer noopener\">Smartwatch<\/a> aus, wenn du von einem Lauf nach Hause kommst.<\/p>\n<\/div>            <\/div>\r\n                        <div class=\"col-xs-12 col-sm-12 col-md-4 col-lg-4 mb-5\">\r\n                <div class=\"theme-card\"><h2><img decoding=\"async\" loading=\"lazy\" class=\"alignnone wp-image-1547\" src=\"https:\/\/loqed.com\/wp-content\/uploads\/2022\/04\/home-assistant-300x188.webp\" alt=\"\" width=\"99\" height=\"62\" srcset=\"https:\/\/loqed.com\/wp-content\/uploads\/2022\/04\/home-assistant-300x188.webp 300w, https:\/\/loqed.com\/wp-content\/uploads\/2022\/04\/home-assistant-768x480.webp 768w, https:\/\/loqed.com\/wp-content\/uploads\/2022\/04\/home-assistant-600x375.webp 600w, https:\/\/loqed.com\/wp-content\/uploads\/2022\/04\/home-assistant.webp 800w\" sizes=\"(max-width: 99px) 100vw, 99px\" \/><\/h2>\n<h2>Home Assistant<\/h2>\n<p>Home Assistant ist ein Smart Home Hub f\u00fcr fortgeschrittene Nutzer. Mit der Integration des Home Assistant kannst du Sequenzen f\u00fcr dein Zuhause erstellen. Wenn zum Beispiel die Sonne untergeht, schlie\u00dfen sich deine Vorh\u00e4nge, das Licht geht an und dein LOQED Smart Lock verriegelt deine T\u00fcr. Mit dem Home Assistant ist alles m\u00f6glich, wenn du dein smartes Zuhause einrichtest.<\/p>\n<\/div>            <\/div>\r\n                        <div class=\"col-xs-12 col-sm-12 col-md-4 col-lg-4 mb-5\">\r\n                <div class=\"theme-card\"><p><img decoding=\"async\" loading=\"lazy\" class=\"alignnone wp-image-1550\" src=\"https:\/\/loqed.com\/wp-content\/uploads\/2022\/04\/fibaro-300x188.webp\" alt=\"\" width=\"99\" height=\"62\" srcset=\"https:\/\/loqed.com\/wp-content\/uploads\/2022\/04\/fibaro-300x188.webp 300w, https:\/\/loqed.com\/wp-content\/uploads\/2022\/04\/fibaro-768x480.webp 768w, https:\/\/loqed.com\/wp-content\/uploads\/2022\/04\/fibaro-600x375.webp 600w, https:\/\/loqed.com\/wp-content\/uploads\/2022\/04\/fibaro.webp 800w\" sizes=\"(max-width: 99px) 100vw, 99px\" \/><\/p>\n<h2>Fibaro<\/h2>\n<p>Die Fibaro-Integration(von Intuitech gebaut) erm\u00f6glicht es dir, Fibaro-Hardware wie Kn\u00e4ufe und Fernbedienungen \u00fcber eine einzige App mit deinem LOQED Touch Smart Lock zu verbinden. Auf diese Weise kannst du deine Fibaro-Hardware, dein LOQED-T\u00fcrschloss und deine anderen Smart Home-Ger\u00e4te schnell und einfach mit einer App steuern.<\/p>\n<\/div>            <\/div>\r\n                        <div class=\"col-xs-12 col-sm-12 col-md-4 col-lg-4 mb-5\">\r\n                <div class=\"theme-card\"><p><img decoding=\"async\" loading=\"lazy\" class=\"alignnone wp-image-3499\" src=\"https:\/\/loqed.com\/wp-content\/uploads\/2022\/06\/symcon.png\" alt=\"\" width=\"99\" height=\"62\" srcset=\"https:\/\/loqed.com\/wp-content\/uploads\/2022\/06\/symcon.png 800w, https:\/\/loqed.com\/wp-content\/uploads\/2022\/06\/symcon-768x480.png 768w, https:\/\/loqed.com\/wp-content\/uploads\/2022\/06\/symcon-600x375.png 600w\" sizes=\"(max-width: 99px) 100vw, 99px\" \/><\/p>\n<h2>IP-Symcon<\/h2>\n<p>Die IP-Symcon Software ist eine komplette Heimautomatisierungsl\u00f6sung. Sie erm\u00f6glicht es dir, Produkte aller bekannten Hersteller zu kombinieren und l\u00e4sst dein Zuhause selbst\u00e4ndig denken. Eine Vielzahl von Assistenten und Tools erm\u00f6glicht eine komfortable Konfiguration mit dem Fokus auf \u00dcbersichtlichkeit und Sicherheit. Wenn du IP-SYMCON f\u00fcr deine Hausautomation verwendest, kannst du das LOQED Touch integrieren. <a href=\"https:\/\/support.loqed.com\/de\/articles\/6224104\">Lies mehr auf unserer Support-Seite. <\/a><\/p>\n<\/div>            <\/div>\r\n                        <div class=\"col-xs-12 col-sm-12 col-md-4 col-lg-4 mb-5\">\r\n                <div class=\"theme-card\"><p><img decoding=\"async\" loading=\"lazy\" class=\"alignnone wp-image-3502\" src=\"https:\/\/loqed.com\/wp-content\/uploads\/2022\/06\/domoticz.png\" alt=\"\" width=\"99\" height=\"62\" srcset=\"https:\/\/loqed.com\/wp-content\/uploads\/2022\/06\/domoticz.png 800w, https:\/\/loqed.com\/wp-content\/uploads\/2022\/06\/domoticz-768x480.png 768w, https:\/\/loqed.com\/wp-content\/uploads\/2022\/06\/domoticz-600x375.png 600w\" sizes=\"(max-width: 99px) 100vw, 99px\" \/><\/p>\n<h2>Domoticz<\/h2>\n<p>Domoticz ist ein Hausautomatisierungssystem, mit dem du verschiedene Ger\u00e4te \u00fcberwachen und konfigurieren kannst, z. B.: Lichter, Schalter, verschiedene Sensoren\/Messger\u00e4te wie Temperatur, Regen, Wind, UV, Strom, Gas, Wasser und vieles mehr. Benachrichtigungen\/Warnungen k\u00f6nnen an beliebige Mobilger\u00e4te gesendet werden. Das LOQED Touch l\u00e4sst sich perfekt in deine Domoticz-Installation integrieren. <a href=\"https:\/\/support.loqed.com\/de\/articles\/6144032\"> Lies mehr auf unserer Support-Seite. <\/a><\/p>\n<\/div>            <\/div>\r\n                          \r\n        <\/div>\r\n    <\/div>\r\n<\/section>\r\n\n<div style=\"height:100px\" aria-hidden=\"true\" class=\"wp-block-spacer\"><\/div>\n<section  class=\"wrapper\">\r\n\r\n\r\n    \r\n    <div class=\"container\" data-aos=\"fade-up\">\r\n        <div class=\"row\">\r\n                        <div class=\"col-12\">\r\n                <h2>Anderes<\/h2>\n            <\/div>\r\n                        <div class=\"col-xs-12 col-sm-12 col-md-4 col-lg-4 mb-5\">\r\n                <div class=\"theme-card\"><p><img decoding=\"async\" loading=\"lazy\" class=\"alignnone wp-image-1553\" src=\"https:\/\/loqed.com\/wp-content\/uploads\/2022\/04\/doorbird-300x188.webp\" alt=\"\" width=\"99\" height=\"62\" srcset=\"https:\/\/loqed.com\/wp-content\/uploads\/2022\/04\/doorbird-300x188.webp 300w, https:\/\/loqed.com\/wp-content\/uploads\/2022\/04\/doorbird-768x480.webp 768w, https:\/\/loqed.com\/wp-content\/uploads\/2022\/04\/doorbird-600x375.webp 600w, https:\/\/loqed.com\/wp-content\/uploads\/2022\/04\/doorbird.webp 800w\" sizes=\"(max-width: 99px) 100vw, 99px\" \/><\/p>\n<h2>Doorbird<\/h2>\n<p>Mit der DoorBird Video-T\u00fcrklingel wirst du nie wieder einen Besucher verpassen, auch wenn du abwesend bist. Und dank der intelligenten Integration von LOQED mit der DoorBird-App kannst du deine T\u00fcr \u00fcber die DoorBird-App \u00f6ffnen. Egal, ob einer deiner Freunde auf dich wartet oder ein Paketdienst ein P\u00e4ckchen f\u00fcr dich abliefern will, du kannst jederzeit nachsehen, wer da ist und die T\u00fcr f\u00fcr ihn auf- und zuschlie\u00dfen. Du willst wissen, wie du diese Integration einrichtest?\u00a0<a href=\"https:\/\/support.loqed.com\/de\/articles\/6144017\" target=\"_blank\" rel=\"noopener\">Lies hier mehr<\/a>.<\/p>\n<\/div>            <\/div>\r\n                        <div class=\"col-xs-12 col-sm-12 col-md-4 col-lg-4 mb-5\">\r\n                <div class=\"theme-card\"><p><img decoding=\"async\" loading=\"lazy\" class=\"alignnone wp-image-1556\" src=\"https:\/\/loqed.com\/wp-content\/uploads\/2022\/04\/API-300x188.webp\" alt=\"\" width=\"99\" height=\"62\" srcset=\"https:\/\/loqed.com\/wp-content\/uploads\/2022\/04\/API-300x188.webp 300w, https:\/\/loqed.com\/wp-content\/uploads\/2022\/04\/API-768x480.webp 768w, https:\/\/loqed.com\/wp-content\/uploads\/2022\/04\/API-600x375.webp 600w, https:\/\/loqed.com\/wp-content\/uploads\/2022\/04\/API.webp 800w\" sizes=\"(max-width: 99px) 100vw, 99px\" \/><\/p>\n<h2>API<\/h2>\n<p>Wenn deine Smart Home-Integration oben nicht aufgef\u00fchrt ist und du ein fortgeschrittener Nutzer bist, kannst du\u00a0<a href=\"https:\/\/support.loqed.com\/de\/articles\/6127856\" target=\"_blank\" rel=\"noopener\">unsere API nutzen<\/a>, um deine eigene Integration zu erstellen.<\/p>\n<\/div>            <\/div>\r\n                        <div class=\"col-xs-12 col-sm-12 col-md-4 col-lg-4 mb-5\">\r\n                <div class=\"theme-card\"><p><img decoding=\"async\" loading=\"lazy\" class=\"alignnone wp-image-1556\" src=\"https:\/\/loqed.com\/wp-content\/uploads\/2024\/02\/Nieuw-project.png\" alt=\"\" width=\"99\" height=\"62\" \/><\/p>\n<h2>OPENR<\/h2>\n<p>Das LOQED Smart Lock kann auch mit OPENR ge\u00f6ffnet werden. <a href=\"https:\/\/get.openr.nl\/\">OPENR<\/a> ist eine clevere L\u00f6sung zum \u00d6ffnen von T\u00fcren in Apartmentgeb\u00e4uden.<\/p>\n<\/div>            <\/div>\r\n                          \r\n        <\/div>\r\n    <\/div>\r\n<\/section>\r\n\n<p><\/p>\n","protected":false},"excerpt":{"rendered":"","protected":false},"author":129,"featured_media":1630,"parent":0,"menu_order":0,"comment_status":"closed","ping_status":"closed","template":"","meta":{"_mo_disable_npp":"","inline_featured_image":false},"acf":[],"aioseo_notices":[],"_links":{"self":[{"href":"https:\/\/loqed.com\/de\/wp-json\/wp\/v2\/pages\/1645"}],"collection":[{"href":"https:\/\/loqed.com\/de\/wp-json\/wp\/v2\/pages"}],"about":[{"href":"https:\/\/loqed.com\/de\/wp-json\/wp\/v2\/types\/page"}],"author":[{"embeddable":true,"href":"https:\/\/loqed.com\/de\/wp-json\/wp\/v2\/users\/129"}],"replies":[{"embeddable":true,"href":"https:\/\/loqed.com\/de\/wp-json\/wp\/v2\/comments?post=1645"}],"version-history":[{"count":3,"href":"https:\/\/loqed.com\/de\/wp-json\/wp\/v2\/pages\/1645\/revisions"}],"predecessor-version":[{"id":9940,"href":"https:\/\/loqed.com\/de\/wp-json\/wp\/v2\/pages\/1645\/revisions\/9940"}],"wp:featuredmedia":[{"embeddable":true,"href":"https:\/\/loqed.com\/de\/wp-json\/wp\/v2\/media\/1630"}],"wp:attachment":[{"href":"https:\/\/loqed.com\/de\/wp-json\/wp\/v2\/media?parent=1645"}],"curies":[{"name":"wp","href":"https:\/\/api.w.org\/{rel}","templated":true}]}}