{"id":1512,"date":"2022-04-11T10:40:08","date_gmt":"2022-04-11T09:40:08","guid":{"rendered":"https:\/\/loqed.com\/home-page-de\/"},"modified":"2022-12-17T16:42:06","modified_gmt":"2022-12-17T15:42:06","slug":"home-page-de","status":"publish","type":"page","link":"https:\/\/loqed.com\/de\/home-page-de\/","title":{"rendered":"Smart Lock | LOQED &#8211; Das cleverste und sicherste Smart Lock"},"content":{"rendered":"<div class=\"hero\"> \r\n  <!--\tEerste slider item-->\r\n      <div class=\"slide\"> <img decoding=\"async\" class=\"headerimg\" src=\"https:\/\/loqed.com\/wp-content\/uploads\/2022\/10\/hero-scaled-home-v4.webp\" alt=\"\">\r\n    \r\n\t  \t  <style> \r\n\t .headerimg {object-position: 70%;}\r\n\t  <\/style>\r\n\t  \r\n    <div class=\"textcta\">\r\n      <h1 class=\"headinghero\">\r\n        Das einzige Schloss, das deine T\u00fcr mit nur einer Ber\u00fchrung \u00f6ffnet      <\/h1>\r\n            <button class=\"cta-hero\" onclick=\" window.open('\/product\/loqed-touch-smart-lock\/','_self')\">\r\n      Jetzt kaufen      <\/button>\r\n          <\/div>\r\n          <\/div>\r\n\r\n    <!--\tEinde eerste slider item--> \r\n  <!--\tsecond slider item-->\r\n      <!--\tEinde tweede slider item--> \r\n  <!--\t3e slider item-->\r\n      <!--\tEinde 3e slider item--> \r\n<\/div>\r\n\n<section class=\"wp-block-uagb-section uagb-section__wrap uagb-section__background-color uagb-block-237e6a58\"><div class=\"uagb-section__overlay\"><\/div><div class=\"uagb-section__inner-wrap\">\n<h2 class=\"has-text-align-left weight400 has-x-large-font-size wp-block-heading\" id=\"h-with-touch-to-open-you-don-t-need-to-open-the-loqed-app-to-unlock-your-door-you-can-keep-your-phone-in-your-pocket\">Mit Touch to Open musst du nicht mehr die LOQED-App \u00f6ffnen, um deine T\u00fcr aufzuschlie\u00dfen. Du kannst dein Smartphone in der Tasche lassen&#8230;<\/h2>\n<\/div><\/section>\n\n<section class=\"wp-block-uagb-section uagb-section__wrap uagb-section__background-undefined uagb-block-c7e22a0d\"><div class=\"uagb-section__overlay\"><\/div><div class=\"uagb-section__inner-wrap\">\n<section class=\"wp-block-uagb-section uagb-section__wrap uagb-section__background-undefined uagb-block-f24f5161\"><div class=\"uagb-section__overlay\"><\/div><div class=\"uagb-section__inner-wrap\">\n<figure class=\"wp-block-video\"><video controls=\"\" poster=\"https:\/\/loqed.com\/wp-content\/uploads\/2022\/04\/video_main_1100x_webp.webp\" preload=\"none\" src=\"https:\/\/loqed.com\/wp-content\/uploads\/2022\/04\/LOQED-Touch-Smart-Lock-How-it-works.mp4\"><track src=\"https:\/\/loqed.com\/wp-content\/uploads\/2022\/04\/video_how_it_works_nl-1.vtt\" label=\"Nederlands\" srclang=\"nl\" kind=\"subtitles\"\/><track src=\"https:\/\/loqed.com\/wp-content\/uploads\/2022\/04\/video_how_it_works_en.vtt\" label=\"English\" srclang=\"en\" kind=\"subtitles\"\/><track src=\"https:\/\/loqed.com\/wp-content\/uploads\/2022\/04\/video_how_it_works_de-1.vtt\" label=\"Deutsch\" srclang=\"de\" kind=\"subtitles\"\/><\/video><\/figure>\n<\/div><\/section>\n<\/div><\/section>\n<div class=\"review\">\r\n    <\/div>\r\n\n<div style=\"height:28px\" aria-hidden=\"true\" class=\"wp-block-spacer\"><\/div>\n<div class=\"blocks-mix\" id=\"een\">\r\n  <div class=\"block-text\">\r\n    <div class=\"textwrap\">\r\n      <h2>\r\n        \u00d6ffne mit einer Ber\u00fchrung      <\/h2>\r\n      <p>\r\n        Mit \u201cTouch to Open\u201d \u00f6ffnest du deine T\u00fcr mit nur einer Ber\u00fchrung. Du musst nicht mehr nach deinen Schl\u00fcsseln kramen und dein Smartphone kann auch in der Tasche bleiben.      <\/p>\r\n    <\/div>\r\n  <\/div>\r\n  <div class=\"block-pic\"> <img decoding=\"async\" src=\"https:\/\/loqed.com\/wp-content\/uploads\/2022\/04\/TTO-girl_750x.webp\" alt=\"\"> <\/div>\r\n<\/div>\r\n<div class=\"blocks-mix\" id=\"twee\">\r\n  <div class=\"block-text\">\r\n    <div class=\"textwrap\">\r\n      <h2>\r\n        Ein sichereres Schloss gibt es nicht      <\/h2>\r\n      <p>\r\n        Deine Sicherheit und Privatsph\u00e4re haben f\u00fcr uns oberste Priorit\u00e4t. Wir verwenden dieselbe Verschl\u00fcsselung wie Banken. Dein digitaler Schl\u00fcssel wird nur auf deinem Smartphone und dem Schloss gespeichert. Au\u00dferdem hat das LOQED Touch Smart Schloss die h\u00f6chste erreichbare SKG-Zertifizierung erhalten.      <\/p>\r\n    <\/div>\r\n  <\/div>\r\n  <div class=\"block-pic\"> <img decoding=\"async\" src=\"https:\/\/loqed.com\/wp-content\/uploads\/2022\/04\/IM-lower-half-SKG-certified_750x.webp\" alt=\"\"> <\/div>\r\n<\/div>\r\n<style> \r\n\r\n#twee {\r\n\r\n\t\tflex-direction: row-reverse;\r\n}\r\n\r\n<\/style>\r\n<div class=\"blocks-mix\" id=\"drie\">\r\n  <div class=\"block-text\">\r\n    <div class=\"textwrap\">\r\n      <h2>\r\n        Verliere nie wieder deine Schl\u00fcssel      <\/h2>\r\n      <p>\r\n        Das Vergessen deiner Schl\u00fcssel geh\u00f6rt der Vergangenheit an. Auch wenn du dein Smartphone nicht dabei hast, kannst du die T\u00fcr jederzeit mit deiner pers\u00f6nlichen PIN \u00f6ffnen.      <\/p>\r\n    <\/div>\r\n  <\/div>\r\n  <div class=\"block-pic\"> <img decoding=\"async\" src=\"https:\/\/loqed.com\/wp-content\/uploads\/2022\/04\/LOQED-outside-module-code-1080px_750x.webp\" alt=\"\"> <\/div>\r\n<\/div>\r\n\n<div style=\"height:50px\" aria-hidden=\"true\" class=\"wp-block-spacer\"><\/div>\n\n<h2 class=\"has-text-align-center has-x-large-font-size wp-block-heading\">Integrationen<\/h2>\n\n<div style=\"height:50px\" aria-hidden=\"true\" class=\"wp-block-spacer\"><\/div>\n<div class=\"blokken\">\r\n  <div class=\"blokwrap\">\r\n            <div class=\"blokje\"> <img decoding=\"async\" src=\"https:\/\/loqed.com\/wp-content\/uploads\/2022\/04\/pf-1c051e72-googleassistant.webp\" alt=\"\">\r\n      <h2>\r\n        Google Assistent      <\/h2>\r\n    <\/div>\r\n        <div class=\"blokje\"> <img decoding=\"async\" src=\"https:\/\/loqed.com\/wp-content\/uploads\/2022\/04\/pf-051e7264-homey.webp\" alt=\"\">\r\n      <h2>\r\n        Homey      <\/h2>\r\n    <\/div>\r\n        <div class=\"blokje\"> <img decoding=\"async\" src=\"https:\/\/loqed.com\/wp-content\/uploads\/2022\/04\/loxone_logo_550x.webp\" alt=\"\">\r\n      <h2>\r\n        Loxone      <\/h2>\r\n    <\/div>\r\n        <div class=\"blokje\"> <img decoding=\"async\" src=\"https:\/\/loqed.com\/wp-content\/uploads\/2022\/04\/olisto_logo_506c4b4e-6d36-4999-be41-be8e4f072cd4_550x.webp\" alt=\"\">\r\n      <h2>\r\n        Olisto      <\/h2>\r\n    <\/div>\r\n        <div class=\"blokje\"> <img decoding=\"async\" src=\"https:\/\/loqed.com\/wp-content\/uploads\/2022\/04\/Apple-watch-logo_05f905bd-d721-43b7-bcf2-a9f6e66b01d4_550x.webp\" alt=\"\">\r\n      <h2>\r\n        Smart Watch (Via Olisto Now)      <\/h2>\r\n    <\/div>\r\n        <div class=\"blokje\"> <img decoding=\"async\" src=\"https:\/\/loqed.com\/wp-content\/uploads\/2022\/04\/home-assistant-logo_7becad85-60f8-4017-b9cf-a8e451c8e17a.webp\" alt=\"\">\r\n      <h2>\r\n        Home Assistant (binnenkort)      <\/h2>\r\n    <\/div>\r\n        <div class=\"blokje\"> <img decoding=\"async\" src=\"https:\/\/loqed.com\/wp-content\/uploads\/2022\/04\/pf-1e72647b-ifttt.webp\" alt=\"\">\r\n      <h2>\r\n        IfThisThenThat      <\/h2>\r\n    <\/div>\r\n        <div class=\"blokje\"> <img decoding=\"async\" src=\"https:\/\/loqed.com\/wp-content\/uploads\/2022\/04\/Doorbird_logo.webp\" alt=\"\">\r\n      <h2>\r\n        Doorbird      <\/h2>\r\n    <\/div>\r\n        <div class=\"blokje\"> <img decoding=\"async\" src=\"https:\/\/loqed.com\/wp-content\/uploads\/2022\/04\/icons8-webhook-100.webp\" alt=\"\">\r\n      <h2>\r\n        API      <\/h2>\r\n    <\/div>\r\n      <\/div>\r\n<\/div>\r\n\n<div style=\"height:57px\" aria-hidden=\"true\" class=\"wp-block-spacer\"><\/div>\n<div class=\"moible-overview\">\r\n  <ul class=\"multicolumn-list grid grid--1-col grid--3-col-tablet\" id=\"Slider-template--15223835164865__1628591448e5aa66b0\" role=\"list\">\r\n    <li class=\"multicolumn-list__item grid__item\">\r\n      <div class=\"multicolumn-card\">\r\n        <div class=\"multicolumn-card__info\">\r\n          <div class=\"rte\">\r\n            <h2>\r\n              Fern\u00f6ffnungsfunktion            <\/h2>\r\n            <p>\r\n              Schlie\u00dfe die T\u00fcr f\u00fcr G\u00e4ste oder Dienstleister auf, wo auch immer du bist.              <br>\r\n              <br>\r\n            <\/p>\r\n            <h2>\r\n              Schl\u00fcssel verwalten            <\/h2>\r\n            <p>\r\n              Du kannst \u00fcber die App bis zu 250 Schl\u00fcssel erstellen, sie individuell verwalten und auch wieder l\u00f6schen.              <br>\r\n              <br>\r\n            <\/p>\r\n            <h2>\r\n              Automatisches Abschlie\u00dfen            <\/h2>\r\n            <p>\r\n              Du kannst deine T\u00fcr mit einer einfachen Ber\u00fchrung verriegeln, sie automatisch abschlie\u00dfen lassen, wenn du das Haus verl\u00e4sst oder zu einer vorher eingestellten Zeit zusperren lassen.            <\/p>\r\n          <\/div>\r\n        <\/div>\r\n      <\/div>\r\n    <\/li>\r\n    <li class=\"multicolumn-list__item grid__item\">\r\n      <div class=\"multicolumn-card\">\r\n        <div class=\"multicolumn-card__image-wrapper multicolumn-card__image-wrapper--full-width multicolumn-card-spacing\">\r\n          <div class=\"slider-app\">\r\n                                    <img decoding=\"async\" src=\"https:\/\/loqed.com\/wp-content\/uploads\/2022\/04\/imag1-overview.webp\" loading=\"lazy\" alt=\"\" class=\"img-slide-app\">\r\n                        <img decoding=\"async\" src=\"https:\/\/loqed.com\/wp-content\/uploads\/2022\/04\/imag2-overview.webp\" loading=\"lazy\" alt=\"\" class=\"img-slide-app\">\r\n                        <img decoding=\"async\" src=\"https:\/\/loqed.com\/wp-content\/uploads\/2022\/04\/imag3-overview.webp\" loading=\"lazy\" alt=\"\" class=\"img-slide-app\">\r\n                      <\/div>\r\n        <\/div>\r\n        <div class=\"multicolumn-card__info\"><\/div>\r\n      <\/div>\r\n    <\/li>\r\n    <li class=\"multicolumn-list__item grid__item\">\r\n      <div class=\"multicolumn-card\">\r\n        <div class=\"multicolumn-card__info\">\r\n          <div class=\"rte\">\r\n            <h2>\r\n              Open-House-Funktion            <\/h2>\r\n            <p>\r\n              Mit der Open-House-Funktion kann jeder auch ohne Smartphone oder PIN ins Haus kommen. Perfekt f\u00fcr Kinder und Partys.              <br>\r\n              <br>\r\n            <\/p>\r\n            <h2>\r\n              Zeitpl\u00e4ne            <\/h2>\r\n            <p>\r\n              Lass Dienstleister wie z.B. den Hundesitter zu den von dir gew\u00e4hlten Zeiten hinein.              <br>\r\n              <br>\r\n            <\/p>\r\n            <h2>\r\n              Benachrichtigungen &amp; Protokoll            <\/h2>\r\n            <p>\r\n              Du wirst informiert, wenn deine Haushaltshilfe oder deine Kinder nach Hause kommen und kannst im Protokoll sehen, wann deine T\u00fcr ge\u00f6ffnet wurde.            <\/p>\r\n          <\/div>\r\n        <\/div>\r\n      <\/div>\r\n    <\/li>\r\n  <\/ul>\r\n<\/div>\r\n\n<div style=\"height:44px\" aria-hidden=\"true\" class=\"wp-block-spacer\"><\/div>\n\n<section class=\"wp-block-uagb-section uagb-section__wrap uagb-section__background-undefined uagb-block-ea52ee4b\"><div class=\"uagb-section__overlay\"><\/div><div class=\"uagb-section__inner-wrap\"><div class=\"wp-block-image\">\n<figure class=\"aligncenter size-full\"><a href=\"https:\/\/play.google.com\/store\/apps\/details?id=com.loqed.keychain\" target=\"_blank\" rel=\"noopener\"><img decoding=\"async\" loading=\"lazy\" width=\"300\" height=\"89\" src=\"https:\/\/loqed.com\/wp-content\/uploads\/2022\/04\/pf-e9681862-appstoregoogle1300x89.png\" alt=\"\" class=\"wp-image-2465\"\/><\/a><\/figure><\/div>\n\n<div class=\"wp-block-image\">\n<figure class=\"aligncenter size-full\"><a href=\"https:\/\/apps.apple.com\/nl\/app\/loqed-smart-lock\/id1382169213\" target=\"_blank\" rel=\"noopener\"><img decoding=\"async\" loading=\"lazy\" width=\"300\" height=\"89\" src=\"https:\/\/loqed.com\/wp-content\/uploads\/2022\/04\/image_2021-08-18_131130.webp\" alt=\"\" class=\"wp-image-2462\"\/><\/a><\/figure><\/div><\/div><\/section>\n\n<div style=\"height:44px\" aria-hidden=\"true\" class=\"wp-block-spacer\"><\/div>\n\n<h1 class=\"has-text-align-center wp-block-heading\" id=\"h-questions\">Fragen?<\/h1>\n<div class=\"accordion_container\">\r\n      <div class=\"accordion_head\">\r\n    Wie schlie\u00dfe ich die T\u00fcr ab?    <span class=\"plusminus\">+<\/span><\/div>\r\n  <div class=\"accordion_body\" style=\"display: none;\">\r\n    <p>\r\n      Wenn du im Haus bist, kannst du die T\u00fcr durch das Drehen des Knaufs verriegeln. Wenn du drau\u00dfen bist, schlie\u00dfe einfach die T\u00fcr. Auf dem Display wird \u201cTouch to Lock\u201d angezeigt und du kannst eine der Touch-Tasten antippen, um die T\u00fcr zu verriegeln. Wenn du die automatische Verriegelung aktiviert hast, wird die T\u00fcr direkt verriegelt. Nat\u00fcrlich kannst du die T\u00fcr auch jederzeit \u00fcber die LOQED-App verriegeln.    <\/p>\r\n  <\/div>\r\n    <div class=\"accordion_head\">\r\n    Kann ich das Schloss selbst einbauen?    <span class=\"plusminus\">+<\/span><\/div>\r\n  <div class=\"accordion_body\" style=\"display: none;\">\r\n    <p>\r\n      Ja! Die Installation dauert etwa 20 Minuten und es wird nur ein Schraubenzieher ben\u00f6tigt \u2013 Bohren ist nicht erforderlich. Du kannst auch einen unserer Partner beauftragen, die Installation vorzunehmen.    <\/p>\r\n  <\/div>\r\n    <div class=\"accordion_head\">\r\n    Ich bin Mieter\/-in. Darf ich das Schloss auswechseln?    <span class=\"plusminus\">+<\/span><\/div>\r\n  <div class=\"accordion_body\" style=\"display: none;\">\r\n    <p>\r\n      Ja, nat\u00fcrlich! Nach \u00a7 553 des B\u00fcrgerlichen Gesetzbuchs (BGB) hast du als Mieter\/-in das alleinige Recht, die Wohnung zu nutzen. Es wird sogar empfohlen, das Schloss auszutauschen, um sicherzustellen, dass Vormieter nicht in deine Wohnung k\u00f6nnen. Da bei der Installation des LOQED Touch Smart Locks nicht gebohrt werden muss, kannst du dies bei deinem Auszug schnell und einfach r\u00fcckg\u00e4ngig machen.    <\/p>\r\n  <\/div>\r\n    <div class=\"accordion_head\">\r\n    Deckt meine Versicherung einen Diebstahl ab?    <span class=\"plusminus\">+<\/span><\/div>\r\n  <div class=\"accordion_body\" style=\"display: none;\">\r\n    <p>\r\n      In einigen L\u00e4ndern erkennen die Versicherungen die 3-Sterne-Zertifizierung durch die SKG an und deren Kunden sind damit gegen Diebstahl versichert, aber wir empfehlen, dies mit deiner Versicherung zu kl\u00e4ren.    <\/p>\r\n  <\/div>\r\n    <div class=\"accordion_head\">\r\n    Was ist, wenn ich mein Telefon verliere?    <span class=\"plusminus\">+<\/span><\/div>\r\n  <div class=\"accordion_body\" style=\"display: none;\">\r\n    <p>\r\n      Wenn du dein Smartphone verloren hast, kannst du dich auf unserer Website in dein Konto einloggen. Der Schl\u00fcssel auf dem verlorenen Smartphone l\u00e4sst sich dort deaktivieren. Alternativ kannst du auch einen anderen Administrator deines Schlosses bitten, dieses in seiner App zu deaktivieren.    <\/p>\r\n  <\/div>\r\n    <div class=\"accordion_head\">\r\n    Was macht dieses Schloss zum sichersten Smart Lock?    <span class=\"plusminus\">+<\/span><\/div>\r\n  <div class=\"accordion_body\" style=\"display: none;\">\r\n    <p>\r\n      Das LOQED Touch Smart Lock ist SKG-zertifiziert (3 Sterne) und nutzt dieselbe fortschrittliche Verschl\u00fcsselungstechnologie, die auch Banken verwenden. Nur dein Telefon und das LOQED Touch Smart Lock haben Zugriff auf deine digitalen Schl\u00fcssel \u2013 selbst wir k\u00f6nnen deine T\u00fcr nicht \u00f6ffnen.    <\/p>\r\n  <\/div>\r\n    <div class=\"accordion_head\">\r\n    Wie kann ich ins Haus, wenn die Batterien des Schlosses leer sind?    <span class=\"plusminus\">+<\/span><\/div>\r\n  <div class=\"accordion_body\" style=\"display: none;\">\r\n    <p>\r\n      Kein Grund zur Sorge! Das LOQED Touch Smart Lock hat einen Notstromanschluss an der Au\u00dfenseite, damit du deine T\u00fcr immer \u00f6ffnen kannst. Die Batterien halten bis zu einem Jahr und du wirst rechtzeitig benachrichtigt, wenn sie fast leer sind.    <\/p>\r\n  <\/div>\r\n    <div class=\"accordion_head\">\r\n    Kann die T\u00fcr ohne die LOQED-App ge\u00f6ffnet werden?    <span class=\"plusminus\">+<\/span><\/div>\r\n  <div class=\"accordion_body\" style=\"display: none;\">\r\n    <p>\r\n      Ja, du kannst einen Code teilen oder einen G\u00e4stelink senden. Mit dem G\u00e4stelink k\u00f6nnen deine Freunde und G\u00e4ste die T\u00fcr \u00fcber ihren Browser \u00f6ffnen und schlie\u00dfen.    <\/p>\r\n  <\/div>\r\n    <div class=\"accordion_head\">\r\n    Wie kann ich ins Haus kommen, wie das Akku meines Smartphones leer ist?    <span class=\"plusminus\">+<\/span><\/div>\r\n  <div class=\"accordion_body\" style=\"display: none;\">\r\n    <p>\r\n      Ist das Akku deines Smartphones leer, kannst du die T\u00fcr jederzeit mit deiner pers\u00f6nlichen PIN \u00f6ffnen.    <\/p>\r\n  <\/div>\r\n    <div class=\"accordion_head\">\r\n    Sch\u00fctzt das Schloss vor Relais-Angriffen?    <span class=\"plusminus\">+<\/span><\/div>\r\n  <div class=\"accordion_body\" style=\"display: none;\">\r\n    <p>\r\n      Bei einem Relais-Angriff verst\u00e4rkt ein Angreifer ein Funksignal, um es so aussehen zu lassen, als w\u00e4re ein (digitaler) Schl\u00fcssel n\u00e4her am Schloss, als er tats\u00e4chlich ist. Das LOQED Touch Smart Lock ist gegen diese \u201cRelais-Angriffe\u201d gesch\u00fctzt. Dies geschieht durch Geofencing und einen Timer. Mehr dar\u00fcber erf\u00e4hrst du auf unserer <a href=\"https:\/\/support.loqed.com\/en\/articles\/6058639\">Support-Seite.<\/a>    <\/p>\r\n  <\/div>\r\n    <div class=\"accordion_head\">\r\n    We regularly update our app    <span class=\"plusminus\">+<\/span><\/div>\r\n  <div class=\"accordion_body\" style=\"display: none;\">\r\n    <p>\r\n      We regularly update our app. You can find our change log on our <a href=\"https:\/\/support.loqed.com\/en\/articles\/6127563-changelog\">support page. <\/a>     <\/p>\r\n  <\/div>\r\n  <\/div>\r\n\n<div style=\"height:78px\" aria-hidden=\"true\" class=\"wp-block-spacer\"><\/div>\n\r\n\r\n\r\n    <div class=\"reviewwrap reviewwrap-de\">\r\n        <div id=\"stamped-reviews-widget\" data-widget-type=\"carousel\" data-title=\"&nbsp;\" data-auto-play=\"true\" data-auto-play-speed=\"5000\" data-limit-words=\"40\" data-random=\"false\" data-tags=\"Homepage-DE\" data-widget-language=\"de\" color-text=\"#000000\" data-min-rating=\"1\"><\/div>\r\n    <\/div>\r\n    \r\n\r\n\n<div style=\"height:100px\" aria-hidden=\"true\" class=\"wp-block-spacer\"><\/div>\n\n<h1 class=\"has-text-align-center wp-block-heading\" id=\"h-see-whether-loqed-fits-on-your-door\">Ist LOQED mit deiner T\u00fcr kompatibel?<\/h1>\n\n<p class=\"has-text-align-center\"><span style=\"font-weight: 400;\">Passt ein LOQED Touch Smart Lock an deine T\u00fcr?<\/span><\/p>\n\n<div class=\"wp-block-buttons is-content-justification-center is-layout-flex wp-container-1\">\n<div class=\"wp-block-button\"><a class=\"wp-block-button__link has-background\" href=\"https:\/\/loqed.com\/de\/installation-check\/\" style=\"border-radius:0px;background-color:#083c5a\">Mach den Installationscheck<\/a><\/div>\n<\/div>\n\n<div style=\"height:84px\" aria-hidden=\"true\" class=\"wp-block-spacer\"><\/div>\n<div class=\"blocks-mix2\" id=\"karan\">\r\n  <div class=\"block-pic2\"> <img decoding=\"async\" src=\"https:\/\/loqed.com\/wp-content\/uploads\/2022\/04\/door-module-2_750x.webp\" alt=\"\"> <\/div>\r\n  <div class=\"block-text2\">\r\n    <div class=\"textwrap2\">\r\n      <h2>\r\n        Bestelle dein LOQED Touch Smart Lock      <\/h2>\r\n      <p>\r\n        <p><span style=\"font-weight: 400;\">Das LOQED Touch Smart Schloss kann in <strong>20 Minuten installiert<\/strong> werden, funktioniert mit Mehrpunktverriegelungen und passt auf deinen vorhandenen T\u00fcrbeschlag.<\/span><\/p>\n<p><span style=\"font-weight: 400;\">\u2713 30 Tage Geld-zur\u00fcck-Garantie<\/span><\/p>\n<p><span style=\"font-weight: 400;\">\u2713 Kostenloser Versand<\/span><\/p>\n<p><span style=\"font-weight: 400;\">\u2713 Komplett mit Bridge, Zylinder &amp; Code-Zugang<\/span><\/p>\n      <\/p>\r\n      <a href=\"\/de\/product\/loqed-touch-smart-lock\/\" class=\"button-cta\">\r\n      Jetzt bestellen      <\/a> <\/div>\r\n  <\/div>\r\n<\/div>\r\n\n<div style=\"height:64px\" aria-hidden=\"true\" class=\"wp-block-spacer\"><\/div>\n","protected":false},"excerpt":{"rendered":"<p>Integrationen Fragen? Ist LOQED mit deiner T\u00fcr kompatibel? Passt ein LOQED Touch Smart Lock an deine T\u00fcr?<\/p>\n","protected":false},"author":129,"featured_media":2764,"parent":0,"menu_order":0,"comment_status":"closed","ping_status":"closed","template":"","meta":{"_mo_disable_npp":"","inline_featured_image":false},"acf":[],"aioseo_notices":[],"_links":{"self":[{"href":"https:\/\/loqed.com\/de\/wp-json\/wp\/v2\/pages\/1512"}],"collection":[{"href":"https:\/\/loqed.com\/de\/wp-json\/wp\/v2\/pages"}],"about":[{"href":"https:\/\/loqed.com\/de\/wp-json\/wp\/v2\/types\/page"}],"author":[{"embeddable":true,"href":"https:\/\/loqed.com\/de\/wp-json\/wp\/v2\/users\/129"}],"replies":[{"embeddable":true,"href":"https:\/\/loqed.com\/de\/wp-json\/wp\/v2\/comments?post=1512"}],"version-history":[{"count":3,"href":"https:\/\/loqed.com\/de\/wp-json\/wp\/v2\/pages\/1512\/revisions"}],"predecessor-version":[{"id":5322,"href":"https:\/\/loqed.com\/de\/wp-json\/wp\/v2\/pages\/1512\/revisions\/5322"}],"wp:featuredmedia":[{"embeddable":true,"href":"https:\/\/loqed.com\/de\/wp-json\/wp\/v2\/media\/2764"}],"wp:attachment":[{"href":"https:\/\/loqed.com\/de\/wp-json\/wp\/v2\/media?parent=1512"}],"curies":[{"name":"wp","href":"https:\/\/api.w.org\/{rel}","templated":true}]}}