{"id":10686,"date":"2024-03-21T15:04:25","date_gmt":"2024-03-21T14:04:25","guid":{"rendered":"https:\/\/loqed.com\/?page_id=10686"},"modified":"2024-03-21T15:09:35","modified_gmt":"2024-03-21T14:09:35","slug":"was-ist-ein-smart-lock","status":"publish","type":"page","link":"https:\/\/loqed.com\/de\/was-ist-ein-smart-lock\/","title":{"rendered":"Was ist ein Smart Lock?"},"content":{"rendered":"\r\n\r\n\r\n\r\n<!-- hero -->\r\n<section class=\"theme-hero halfheight\" \r\n\t\t\t\t\r\n\t\t\t\t style=\"background-image: url(https:\/\/loqed.com\/wp-content\/uploads\/2022\/12\/header-installation-twist.png)\">\r\n\t\r\n\t<div class=\"container\">\r\n<!--\t\t<div class=\"theme-hero__content center\">-->\r\n\t\t<div class=\"theme-hero__content center\">\r\n\t\t\t\t\t\t<div class=\"theme-hero__text\">\r\n\t\t\t\t<h1>Was ist ein Smart Lock?<\/h1>\n\t\t\t<\/div>\r\n\t\t\t\t\t\t<div class=\"theme-hero__buttons\">\r\n\t\t\t\t\t\t\t<\/div>\r\n\t\t<\/div>\r\n\t<\/div>\r\n<\/section>\n<div class=\"wp-block-columns is-layout-flex wp-container-2\">\n<div class=\"wp-block-column is-layout-flow\" style=\"flex-basis:100%\">\n<div class=\"wp-block-aioseo-table-of-contents container aos-init aos-animate\">\r\n<ul>\r\n \t<li><a href=\"#aioseo-wat-is-een-smart-lock\">Wie funktioniert ein Smart Lock?<\/a><\/li>\r\n \t<li><a href=\"#aioseo-wat-is-een-smart-lock\">How does a Smart Lock work?<\/a><\/li>\r\n \t<li><a href=\"#aioseo-wat-is-een-smart-lock\">Worauf sollten Sie beim Kauf eines Smart Lock achten?<\/a><\/li>\r\n \t<li><a href=\"#aioseo-wat-is-een-smart-lock\">Warum ein Smart Lock w\u00e4hlen?<\/a><\/li>\r\n<\/ul>\r\n<\/div>\n<\/div>\n<\/div>\n\n<h2 class=\"wp-block-heading container aos-init aos-animate\" id=\"aioseo-wat-is-een-smart-lock\">Was ist ein Smart Lock?<\/h2>\n<section  class=\"wrapper\">\r\n\r\n\r\n    \r\n    <div class=\"container\" data-aos=\"fade-up\">\r\n        <div class=\"row\">\r\n                        <div class=\"col-12\">\r\n                <div class=\"col-md-10\"><p>Ein Smart Lock ist ein Schloss, das Technologie (digitale Schl\u00fcssel) verwendet, um die T\u00fcr zu \u00f6ffnen oder zu verriegeln, anstelle eines herk\u00f6mmlichen Schl\u00fcssels. Digitale Schl\u00fcssel kommen in verschiedenen Formen. Zum Beispiel ist es m\u00f6glich, Ihre T\u00fcr mit einer App \u00fcber Bluetooth auf Ihrem Smartphone zu \u00f6ffnen, mit einem PIN-Code, mit einer Fernbedienung oder mit einem Tag zu \u00f6ffnen. Zus\u00e4tzlich ist es bei einigen Smart Locks immer noch m\u00f6glich, die T\u00fcr mit Ihrem physischen Schl\u00fcssel zu \u00f6ffnen. Viele Smart Locks bieten mehrere Optionen zum \u00d6ffnen der T\u00fcr und zum Zugriff auf Ihr Zuhause. Vor einem verschlossenen T\u00fcr stehen und das Suchen nach Ihren Schl\u00fcsseln geh\u00f6ren der Vergangenheit an!<\/p>\n<p>Um die T\u00fcr mit einer App zu \u00f6ffnen, m\u00fcssen Sie mit einigen Smart Locks nicht einmal in der N\u00e4he Ihrer T\u00fcr sein. Sie k\u00f6nnen die T\u00fcr einfach \u00fcber das Internet von \u00fcberall aus entsperren. Das bedeutet, dass Sie Ihren Kindern Einlass gew\u00e4hren, einem Paketzusteller den Zugang erm\u00f6glichen, einem Hausmeister oder Handwerker Zutritt gew\u00e4hren k\u00f6nnen, w\u00e4hrend Sie bei der Arbeit sind.<\/p>\n<p>Es ist eine bequeme und sichere M\u00f6glichkeit, Ihr Zuhause zu sch\u00fctzen, oft mit zus\u00e4tzlichen Funktionen wie der Verfolgung von Ein- und Ausg\u00e4ngen sowie der Festlegung spezifischer Zeiten f\u00fcr den Zugang. Ein Smart Lock kombiniert Bequemlichkeit mit moderner Technologie, um Ihr Zuhause sicher zu halten.<br \/>\nEine h\u00e4ufig gestellte Frage ist, ob ein Smart Lock gehackt werden kann. Wissen Sie, dass Smart Locks im Allgemeinen eine hohe Verschl\u00fcsselung verwenden, \u00e4hnlich wie Banken, und dar\u00fcber hinaus bieten Smart Lock-Hersteller zus\u00e4tzliche Sicherheitsebenen an. Lesen Sie <a href=\"https:\/\/support.loqed.com\/de\/articles\/6058639-wie-hacksicher-ist-das-schloss\">hier<\/a> mehr dar\u00fcber, wie wir dies bei LOQED angegangen sind<\/p>\n<\/div>            <\/div>\r\n                          \r\n        <\/div>\r\n    <\/div>\r\n<\/section>\r\n\n<h2 class=\"wp-block-heading container aos-init aos-animate\" id=\"aioseo-wat-is-een-smart-lock\">Wie funktioniert ein Smart Lock?<\/h2>\n<section  class=\"wrapper\">\r\n\r\n\r\n    \r\n    <div class=\"container\" data-aos=\"fade-up\">\r\n        <div class=\"row\">\r\n                        <div class=\"col-12\">\r\n                <div class=\"col-md-10\"><p>Ein Smart Lock funktioniert auf innovative Weise, um Ihre T\u00fcr ohne Verwendung herk\u00f6mmlicher Schl\u00fcssel zu verriegeln und zu entriegeln. Anstelle eines physischen Schl\u00fcssels kann ein Smart Lock mit verschiedenen Methoden betrieben werden, wie zum Beispiel:<\/p>\n<ul>\n<li>Smartphone-App: In der Regel gibt es eine spezielle App, die Sie auf Ihrem Smartphone installieren. Diese App erm\u00f6glicht es Ihnen, das Smart Lock aus der Ferne zu verriegeln und zu entriegeln.<\/li>\n<li>Fernbedienung: Einige Smart Locks werden mit einer Fernbedienung geliefert, \u00e4hnlich wie bei einem Auto.<\/li>\n<li>PIN-Code: Sie k\u00f6nnen auch einen einzigartigen PIN-Code festlegen, den Sie auf einer Tastatur am Smart Lock selbst eingeben.<\/li>\n<\/ul>\n<p>Ein Smart Lock nutzt drahtlose Technologien wie Bluetooth, WiFi oder Z-Wave, um mit Ihrem Smartphone, der Fernbedienung oder anderen Ger\u00e4ten zu kommunizieren. Einige fortschrittliche Smart Locks bieten auch biometrische Identifikation wie Fingerabdruckscanner oder Gesichtserkennung f\u00fcr zus\u00e4tzliche Sicherheit.<\/p>\n<\/div>            <\/div>\r\n                          \r\n        <\/div>\r\n    <\/div>\r\n<\/section>\r\n\n<figure class=\"wp-block-image size-full theme-p\"><img decoding=\"async\" loading=\"lazy\" width=\"1920\" height=\"560\" src=\"https:\/\/loqed.com\/wp-content\/uploads\/2024\/02\/Ontwerp-zonder-titel-2.jpg\" alt=\"\" class=\"wp-image-10252\" srcset=\"https:\/\/loqed.com\/wp-content\/uploads\/2024\/02\/Ontwerp-zonder-titel-2.jpg 1920w, https:\/\/loqed.com\/wp-content\/uploads\/2024\/02\/Ontwerp-zonder-titel-2-768x224.jpg 768w, https:\/\/loqed.com\/wp-content\/uploads\/2024\/02\/Ontwerp-zonder-titel-2-1536x448.jpg 1536w, https:\/\/loqed.com\/wp-content\/uploads\/2024\/02\/Ontwerp-zonder-titel-2-600x175.jpg 600w\" sizes=\"(max-width: 1920px) 100vw, 1920px\" \/><\/figure>\n\n<h2 class=\"wp-block-heading container aos-init aos-animate\" id=\"aioseo-wat-is-een-smart-lock\">Worauf sollten Sie beim Kauf eines Smart Locks achten?<\/h2>\n<section  class=\"wrapper\">\r\n\r\n\r\n    \r\n    <div class=\"container\" data-aos=\"fade-up\">\r\n        <div class=\"row\">\r\n                        <div class=\"col-12\">\r\n                <div class=\"col-md-10\"><h3>T\u00fcrkompatibilit\u00e4t<\/h3>\n<p>Es ist wichtig zu \u00fcberpr\u00fcfen, ob das Smart Lock, das Sie in Betracht ziehen, zu Ihrer T\u00fcr passt und ob Sie die richtige Gr\u00f6\u00dfe haben. Viele Smart Locks, einschlie\u00dflich derer von LOQED, sind f\u00fcr fast alle T\u00fcren mit dem Euro-Profilzylinder geeignet. LOQED bietet eine <a href=\"https:\/\/loqed.com\/de\/installation-check\/\">Installations\u00fcberpr\u00fcfung<\/a> an, mit der Sie \u00fcberpr\u00fcfen k\u00f6nnen, ob Ihre T\u00fcr f\u00fcr das LOQED Touch Smart Lock geeignet ist.<\/p>\n<h3>Entsperr- und Verriegelungsoptionen<\/h3>\n<p>Jedes Smart Lock bietet verschiedene Methoden zum Verriegeln und Entriegeln. \u00dcberlegen Sie sich Optionen wie Smartphone-Zugriff, Fernbedienung, Fingerabdruck, Passcode usw. Es ist gut, Ihre eigenen Bed\u00fcrfnisse in Bezug auf den T\u00fcrzugang zu bewerten. Zum Beispiel ist das LOQED Touch Smart Lock das einzige Smart Lock, das sich mit einer einzigen Ber\u00fchrung am Schloss \u00f6ffnet, solange Sie Ihr Smartphone dabei haben. Das bedeutet, dass Sie nicht nach Ihrem Schl\u00fcssel, Ihrer Fernbedienung oder Ihrem Telefon suchen m\u00fcssen, wenn Sie volle H\u00e4nde haben \u2013 Sie k\u00f6nnen einfach mit einer Ber\u00fchrung Ihre T\u00fcr \u00f6ffnen. Andere M\u00f6glichkeiten, Ihr LOQED-Schloss zu entsperren, sind die Verwendung Ihres Smartphones, eines Passcodes und bald auch einer Fernbedienung.<\/p>\n<p><img decoding=\"async\" loading=\"lazy\" class=\"alignleft wp-image-7639\" src=\"https:\/\/loqed.com\/wp-content\/uploads\/2022\/02\/loqed-smart-lock-touch.jpg\" alt=\"\" width=\"400\" height=\"267\" srcset=\"https:\/\/loqed.com\/wp-content\/uploads\/2022\/02\/loqed-smart-lock-touch.jpg 900w, https:\/\/loqed.com\/wp-content\/uploads\/2022\/02\/loqed-smart-lock-touch-768x512.jpg 768w, https:\/\/loqed.com\/wp-content\/uploads\/2022\/02\/loqed-smart-lock-touch-600x400.jpg 600w\" sizes=\"(max-width: 400px) 100vw, 400px\" \/><\/p>\n<h3>Sicherheit<\/h3>\n<p>Sicherheit ist entscheidend f\u00fcr ein Schloss. Stellen Sie daher sicher, dass ein Smart Lock wichtige Zertifizierungen wie das SKG-Qualit\u00e4tszeichen und das Police Hallmark Secure Living hat. Das SKG-Qualit\u00e4tszeichen gibt Auskunft \u00fcber St\u00e4rke, Haltbarkeit, Qualit\u00e4t und Einbruchschutz. Die Anzahl der Sterne gibt das Niveau des Einbruchschutzes an, wobei 3 Sterne das h\u00f6chstm\u00f6gliche Niveau darstellen. Das LOQED Touch Smart Lock hat ein SKG 3-Sterne-Zertifikat.<\/p>\n<h3>Integrationen<\/h3>\n<p>Haben Sie bereits andere Smart-Produkte und bauen Sie ein echtes Smart Home auf? Viele Smart Locks k\u00f6nnen mit anderen Smart Home-Produkten wie intelligenten T\u00fcrklingeln und intelligenten Beleuchtungen zusammenarbeiten. Ein Smart Lock kann Ihr Smart Home vervollst\u00e4ndigen! Stellen Sie jedoch sicher, dass das Smart Lock vorher mit Ihren anderen Smart-Produkten integriert. <a href=\"https:\/\/loqed.com\/de\/smart-home-integrationen\/\">Hier finden Sie alle Integrationen<\/a>, die LOQED bietet.<\/p>\n<h3>Zugriff teilen<\/h3>\n<p>Wenn viele Personen Schl\u00fcssel zu Ihrem Haus haben oder wenn Sie den Zugang zu Ihrem Zuhause auf eine bestimmte Weise gew\u00e4hren m\u00f6chten, \u00fcberlegen Sie, wie ein Smart Lock dies erm\u00f6glicht. M\u00fcssen Sie zus\u00e4tzliche (kostspielige) Fernbedienungen kaufen, oder k\u00f6nnen Sie einen Schl\u00fcssel digital mit Ihrem Smartphone teilen? Dies variiert je nach Smart Lock. Mit LOQED k\u00f6nnen Sie einen Schl\u00fcssel \u00fcber Ihr Smartphone digital mit wem auch immer Sie w\u00e4hlen, teilen. Sie k\u00f6nnen auch bestimmte Zeiten f\u00fcr den Zugang festlegen.<\/p>\n<h3>Notfallfunktionen<\/h3>\n<p>Was ist, wenn Sie Ihr Telefon vergessen? Was ist, wenn Sie die Fernbedienung nicht dabei haben? Was ist, wenn die Batterien sowohl auf Ihrem Telefon als auch am Schloss leer sind? Es ist wichtig zu wissen, welche Optionen Sie zum Entsperren Ihres Schlosses in diesen Situationen haben. Bei LOQED haben wir alle m\u00f6glichen Szenarien ber\u00fccksichtigt und Notfallma\u00dfnahmen ergriffen. Dies stellt sicher, dass Sie jederzeit Zugang erhalten. Alle Situationen und L\u00f6sungen finden Sie im <a href=\"https:\/\/loqed.com\/de\/haeufig-gestellte-fragen\/\">H\u00e4ufig gestellte Fragen<\/a>.<\/p>\n<\/div>            <\/div>\r\n                          \r\n        <\/div>\r\n    <\/div>\r\n<\/section>\r\n\n<h2 class=\"wp-block-heading container aos-init aos-animate\" id=\"aioseo-wat-is-een-smart-lock\">Warum ein Smart Lock w\u00e4hlen?<\/h2>\n<section  class=\"wrapper\">\r\n\r\n\r\n    \r\n    <div class=\"container\" data-aos=\"fade-up\">\r\n        <div class=\"row\">\r\n                        <div class=\"col-12\">\r\n                <div class=\"col-md-10\"><p>Ein Smart Lock bietet viele Annehmlichkeiten f\u00fcr den Alltag. Sie wurden alle zuvor erw\u00e4hnt, aber hier ist eine Zusammenfassung, warum Sie nicht ohne ein Smart Lock auskommen k\u00f6nnen:<\/p>\n<ul>\n<li>Nie wieder nach Ihren Schl\u00fcsseln suchen. \u00d6ffnen Sie Ihre T\u00fcr mit Ihrem Smartphone (und mit LOQED sogar mit einer einzigen Ber\u00fchrung!).<\/li>\n<li>Nie wieder vor einer verschlossenen T\u00fcr stehen: Mit mehreren Optionen zum Entsperren Ihres Schlosses bleiben Sie nie drau\u00dfen stecken.<\/li>\n<li>Sicherheit: Keine verlorenen oder weitergegebenen Schl\u00fcssel mehr. Dar\u00fcber hinaus ist es in der Regel schwieriger, ein Smart Lock zu knacken als ein herk\u00f6mmliches Schloss. Um mehr \u00fcber die Sicherheit des LOQED Touch Smart Locks zu erfahren, <a href=\"https:\/\/support.loqed.com\/de\/collections\/3382366-sicherheit\">lesen Sie hier<\/a>.<\/li>\n<li>Digitale Schl\u00fcssel mit Familie und Freunden teilen und den Zugang bei Bedarf widerrufen.<\/li>\n<li>\u00d6ffnen Sie die T\u00fcr aus der Ferne. Ob f\u00fcr Ihre Kinder, Reinigungskraft oder den Paketzusteller.<\/li>\n<li>Vervollst\u00e4ndigen Sie Ihr Smart Home mit einem Smart Lock.<\/li>\n<\/ul>\n<p>Wenn Sie von einem Smart Lock begeistert sind und mehr \u00fcber das LOQED Touch Smart Lock erfahren m\u00f6chten, <a href=\"https:\/\/loqed.com\/de\/shop\/\">schauen Sie hier vorbei<\/a>!<\/p>\n<p>&nbsp;<\/p>\n<\/div>            <\/div>\r\n                          \r\n        <\/div>\r\n    <\/div>\r\n<\/section>\r\n","protected":false},"excerpt":{"rendered":"<p>Was ist ein Smart Lock? Wie funktioniert ein Smart Lock? Worauf sollten Sie beim Kauf eines Smart Locks achten? Warum ein Smart Lock w\u00e4hlen?<\/p>\n","protected":false},"author":129,"featured_media":0,"parent":0,"menu_order":0,"comment_status":"closed","ping_status":"closed","template":"","meta":{"_mo_disable_npp":"","inline_featured_image":false},"acf":[],"aioseo_notices":[],"_links":{"self":[{"href":"https:\/\/loqed.com\/de\/wp-json\/wp\/v2\/pages\/10686"}],"collection":[{"href":"https:\/\/loqed.com\/de\/wp-json\/wp\/v2\/pages"}],"about":[{"href":"https:\/\/loqed.com\/de\/wp-json\/wp\/v2\/types\/page"}],"author":[{"embeddable":true,"href":"https:\/\/loqed.com\/de\/wp-json\/wp\/v2\/users\/129"}],"replies":[{"embeddable":true,"href":"https:\/\/loqed.com\/de\/wp-json\/wp\/v2\/comments?post=10686"}],"version-history":[{"count":3,"href":"https:\/\/loqed.com\/de\/wp-json\/wp\/v2\/pages\/10686\/revisions"}],"predecessor-version":[{"id":10692,"href":"https:\/\/loqed.com\/de\/wp-json\/wp\/v2\/pages\/10686\/revisions\/10692"}],"wp:attachment":[{"href":"https:\/\/loqed.com\/de\/wp-json\/wp\/v2\/media?parent=10686"}],"curies":[{"name":"wp","href":"https:\/\/api.w.org\/{rel}","templated":true}]}}