{"id":10425,"date":"2024-02-29T16:27:40","date_gmt":"2024-02-29T15:27:40","guid":{"rendered":"https:\/\/loqed.com\/haeufig-gestellte-fragen\/"},"modified":"2024-03-21T15:55:50","modified_gmt":"2024-03-21T14:55:50","slug":"haeufig-gestellte-fragen","status":"publish","type":"page","link":"https:\/\/loqed.com\/de\/haeufig-gestellte-fragen\/","title":{"rendered":"Haufig gestellte Fragen"},"content":{"rendered":"\r\n\r\n\r\n\r\n<!-- hero -->\r\n<section class=\"theme-hero halfheight\" \r\n\t\t\t\t\r\n\t\t\t\t style=\"background-image: url(https:\/\/loqed.com\/wp-content\/uploads\/2023\/03\/hero.jpg)\">\r\n\t\r\n\t<div class=\"container\">\r\n<!--\t\t<div class=\"theme-hero__content center\">-->\r\n\t\t<div class=\"theme-hero__content center\">\r\n\t\t\t\t\t\t<div class=\"theme-hero__text\">\r\n\t\t\t\t<h1>H\u00e4ufig gestellte Fragen<\/h1>\n<h2>\u00dcber das LOQED Touch Smart Lock<\/h2>\n\t\t\t<\/div>\r\n\t\t\t\t\t\t<div class=\"theme-hero__buttons\">\r\n\t\t\t\t\t\t\t<\/div>\r\n\t\t<\/div>\r\n\t<\/div>\r\n<\/section>\r\n<section class=\"theme-faq bg__grey\" itemscope itemtype=\"https:\/\/schema.org\/FAQPage\">\r\n\t<div class=\"container\">\r\n\t\t<div class=\"theme-faq__row\">\r\n\t\t\t<div class=\"theme-faq__row-title\">\r\n\t\t\t\t<p>\u00a0<\/p>\n<p>Alles, was du \u00fcber das LOQED Touch Smart Lock wissen musst.\u00a0<\/p>\n\t\t\t<\/div>\r\n\t\t<\/div>\r\n        \r\n\t\t<div class=\"theme-faq__row\">\r\n\t\t\t<div class=\"theme-faq__row-title\">\r\n\t\t\t<\/div>\r\n            \r\n            \r\n\t\t\t<div class=\"theme-faq__question\" itemscope itemprop=\"mainEntity\" itemtype=\"https:\/\/schema.org\/Question\">\r\n\t\t\t\t<div class=\"theme-faq__question-title\" itemprop=\"name\">\r\n                    <p>Wie schlie\u00dfe ich die T\u00fcr ab?<\/p>\n                <\/div>\r\n\t\t\t\t<div class=\"theme-faq__question-answer\" itemscope itemprop=\"acceptedAnswer\" itemtype=\"https:\/\/schema.org\/Answer\" >\r\n\t\t\t\t\t<div itemprop=\"text\">\r\n\t\t\t\t\t\t<p>Wenn du im Haus bist, kannst du die T\u00fcr durch das Drehen des Knaufs verriegeln. Wenn du drau\u00dfen bist, schlie\u00dfe einfach die T\u00fcr. Auf dem Display wird \u201cTouch to Lock\u201d angezeigt und du kannst eine der Touch-Tasten antippen, um die T\u00fcr zu verriegeln. Wenn du die automatische Verriegelung aktiviert hast, wird die T\u00fcr direkt verriegelt. Nat\u00fcrlich kannst du die T\u00fcr auch jederzeit \u00fcber die LOQED-App verriegeln.<\/p>\n\t\t\t\t\t<\/div>\r\n\t\t\t\t<\/div>\r\n            <\/div>\r\n            \r\n            \r\n\t\t\t<div class=\"theme-faq__question\" itemscope itemprop=\"mainEntity\" itemtype=\"https:\/\/schema.org\/Question\">\r\n\t\t\t\t<div class=\"theme-faq__question-title\" itemprop=\"name\">\r\n                    <p>Kann ich das Schloss selbst einbauen?<\/p>\n                <\/div>\r\n\t\t\t\t<div class=\"theme-faq__question-answer\" itemscope itemprop=\"acceptedAnswer\" itemtype=\"https:\/\/schema.org\/Answer\" >\r\n\t\t\t\t\t<div itemprop=\"text\">\r\n\t\t\t\t\t\t<p>Ja! Die Installation dauert etwa 20 Minuten und es wird nur ein Schraubenzieher ben\u00f6tigt \u2013 Bohren ist nicht erforderlich. Du kannst auch einen unserer Partner beauftragen, die Installation vorzunehmen.<\/p>\n\t\t\t\t\t<\/div>\r\n\t\t\t\t<\/div>\r\n            <\/div>\r\n            \r\n            \r\n\t\t\t<div class=\"theme-faq__question\" itemscope itemprop=\"mainEntity\" itemtype=\"https:\/\/schema.org\/Question\">\r\n\t\t\t\t<div class=\"theme-faq__question-title\" itemprop=\"name\">\r\n                    <p>Ver\u00e4ndert sich etwas bei meiner Hausratvericherung?<\/p>\n                <\/div>\r\n\t\t\t\t<div class=\"theme-faq__question-answer\" itemscope itemprop=\"acceptedAnswer\" itemtype=\"https:\/\/schema.org\/Answer\" >\r\n\t\t\t\t\t<div itemprop=\"text\">\r\n\t\t\t\t\t\t<p>Das Schloss ist nach den Normen EN 1303, EN 15684 sowie der SKG-3-Sterne-Norm zertifiziert und sollte daher deine Versicherungsdeckung nicht beeinflussen. Wir empfehlen jedoch zu \u00fcberpr\u00fcfen, ob dein Versicherer zus\u00e4tzliche Anforderungen stellt.<\/p>\n\t\t\t\t\t<\/div>\r\n\t\t\t\t<\/div>\r\n            <\/div>\r\n            \r\n            \r\n\t\t\t<div class=\"theme-faq__question\" itemscope itemprop=\"mainEntity\" itemtype=\"https:\/\/schema.org\/Question\">\r\n\t\t\t\t<div class=\"theme-faq__question-title\" itemprop=\"name\">\r\n                    <p>Was ist, wenn ich mein Telefon verliere?<\/p>\n                <\/div>\r\n\t\t\t\t<div class=\"theme-faq__question-answer\" itemscope itemprop=\"acceptedAnswer\" itemtype=\"https:\/\/schema.org\/Answer\" >\r\n\t\t\t\t\t<div itemprop=\"text\">\r\n\t\t\t\t\t\t<p>Wenn du dein Smartphone verloren hast, kannst du dich auf unserer Website in dein Konto einloggen. Der Schl\u00fcssel auf dem verlorenen Smartphone l\u00e4sst sich dort deaktivieren. Alternativ kannst du auch einen anderen Administrator deines Schlosses bitten, dieses in seiner App zu deaktivieren.<\/p>\n\t\t\t\t\t<\/div>\r\n\t\t\t\t<\/div>\r\n            <\/div>\r\n            \r\n            \r\n\t\t\t<div class=\"theme-faq__question\" itemscope itemprop=\"mainEntity\" itemtype=\"https:\/\/schema.org\/Question\">\r\n\t\t\t\t<div class=\"theme-faq__question-title\" itemprop=\"name\">\r\n                    <p>Was macht dieses Schloss zum sichersten Smart Lock?<\/p>\n                <\/div>\r\n\t\t\t\t<div class=\"theme-faq__question-answer\" itemscope itemprop=\"acceptedAnswer\" itemtype=\"https:\/\/schema.org\/Answer\" >\r\n\t\t\t\t\t<div itemprop=\"text\">\r\n\t\t\t\t\t\t<p>Das LOQED Touch Smart Lock ist SKG-zertifiziert (3 Sterne) und nutzt dieselbe fortschrittliche Verschl\u00fcsselungstechnologie, die auch Banken verwenden. Nur dein Telefon und das LOQED Touch Smart Lock haben Zugriff auf deine digitalen Schl\u00fcssel \u2013 selbst wir k\u00f6nnen deine T\u00fcr nicht \u00f6ffnen.Lesen Sie mehr \u00fcber Sicherheit auf unserer <a href=\"https:\/\/support.loqed.com\/de\/\">Support-Seite<\/a>.<\/p>\n<p><img decoding=\"async\" loading=\"lazy\" class=\"alignnone size-full wp-image-5129\" src=\"https:\/\/loqed.com\/wp-content\/uploads\/2022\/12\/skg-star.png\" alt=\"\" width=\"66\" height=\"49\" \/> <img decoding=\"async\" loading=\"lazy\" class=\"alignnone size-full wp-image-7510\" src=\"https:\/\/loqed.com\/wp-content\/uploads\/2023\/03\/pkvv-logo.png\" alt=\"\" width=\"66\" height=\"49\" \/><\/p>\n\t\t\t\t\t<\/div>\r\n\t\t\t\t<\/div>\r\n            <\/div>\r\n            \r\n            \r\n\t\t\t<div class=\"theme-faq__question\" itemscope itemprop=\"mainEntity\" itemtype=\"https:\/\/schema.org\/Question\">\r\n\t\t\t\t<div class=\"theme-faq__question-title\" itemprop=\"name\">\r\n                    <p>Wie kann ich ins Haus, wenn die Batterien des Schlosses leer sind?<\/p>\n                <\/div>\r\n\t\t\t\t<div class=\"theme-faq__question-answer\" itemscope itemprop=\"acceptedAnswer\" itemtype=\"https:\/\/schema.org\/Answer\" >\r\n\t\t\t\t\t<div itemprop=\"text\">\r\n\t\t\t\t\t\t<p>Kein Grund zur Sorge! Das LOQED Touch Smart Lock hat einen Notstromanschluss an der Au\u00dfenseite, damit du deine T\u00fcr immer \u00f6ffnen kannst. Die Batterien halten bis zu einem Jahr und du wirst rechtzeitig benachrichtigt, wenn sie fast leer sind.<\/p>\n\t\t\t\t\t<\/div>\r\n\t\t\t\t<\/div>\r\n            <\/div>\r\n            \r\n            \r\n\t\t\t<div class=\"theme-faq__question\" itemscope itemprop=\"mainEntity\" itemtype=\"https:\/\/schema.org\/Question\">\r\n\t\t\t\t<div class=\"theme-faq__question-title\" itemprop=\"name\">\r\n                    <p>Wie kann ich ins Haus kommen, wenn der Akku meines Smartphones leer ist?<\/p>\n                <\/div>\r\n\t\t\t\t<div class=\"theme-faq__question-answer\" itemscope itemprop=\"acceptedAnswer\" itemtype=\"https:\/\/schema.org\/Answer\" >\r\n\t\t\t\t\t<div itemprop=\"text\">\r\n\t\t\t\t\t\t<p>Ist der Akku deines Smartphones leer, kannst du die T\u00fcr jederzeit mit deiner pers\u00f6nlichen PIN \u00f6ffnen.<\/p>\n<p><img decoding=\"async\" loading=\"lazy\" class=\"size-full wp-image-10410 alignleft\" src=\"https:\/\/loqed.com\/wp-content\/uploads\/2024\/02\/Personal-code-Loqed.jpg\" alt=\"\" width=\"400\" height=\"300\" \/><\/p>\n\t\t\t\t\t<\/div>\r\n\t\t\t\t<\/div>\r\n            <\/div>\r\n            \r\n            \r\n\t\t\t<div class=\"theme-faq__question\" itemscope itemprop=\"mainEntity\" itemtype=\"https:\/\/schema.org\/Question\">\r\n\t\t\t\t<div class=\"theme-faq__question-title\" itemprop=\"name\">\r\n                    <p>Kann die T\u00fcr ohne die LOQED-App ge\u00f6ffnet werden?<\/p>\n                <\/div>\r\n\t\t\t\t<div class=\"theme-faq__question-answer\" itemscope itemprop=\"acceptedAnswer\" itemtype=\"https:\/\/schema.org\/Answer\" >\r\n\t\t\t\t\t<div itemprop=\"text\">\r\n\t\t\t\t\t\t<p>Ja, du kannst einen Code teilen oder einen G\u00e4stelink senden. Mit dem G\u00e4stelink k\u00f6nnen deine Freunde und G\u00e4ste die T\u00fcr \u00fcber ihren Browser \u00f6ffnen und schlie\u00dfen.<\/p>\n\t\t\t\t\t<\/div>\r\n\t\t\t\t<\/div>\r\n            <\/div>\r\n            \r\n            \r\n\t\t\t<div class=\"theme-faq__question\" itemscope itemprop=\"mainEntity\" itemtype=\"https:\/\/schema.org\/Question\">\r\n\t\t\t\t<div class=\"theme-faq__question-title\" itemprop=\"name\">\r\n                    <p>Ich bin Mieter\/-in. Darf ich das Schloss auswechseln?<\/p>\n                <\/div>\r\n\t\t\t\t<div class=\"theme-faq__question-answer\" itemscope itemprop=\"acceptedAnswer\" itemtype=\"https:\/\/schema.org\/Answer\" >\r\n\t\t\t\t\t<div itemprop=\"text\">\r\n\t\t\t\t\t\t<p>Ja, nat\u00fcrlich! Nach \u00a7 553 des B\u00fcrgerlichen Gesetzbuchs (BGB) hast du als Mieter\/-in das alleinige Recht, die Wohnung zu nutzen. Es wird sogar empfohlen, das Schloss auszutauschen, um sicherzustellen, dass Vormieter nicht in deine Wohnung k\u00f6nnen. Da bei der Installation des LOQED Touch Smart Locks nicht gebohrt werden muss, kannst du dies bei deinem Auszug schnell und einfach r\u00fcckg\u00e4ngig machen.<\/p>\n\t\t\t\t\t<\/div>\r\n\t\t\t\t<\/div>\r\n            <\/div>\r\n            \r\n            \r\n\t\t\t<div class=\"theme-faq__question\" itemscope itemprop=\"mainEntity\" itemtype=\"https:\/\/schema.org\/Question\">\r\n\t\t\t\t<div class=\"theme-faq__question-title\" itemprop=\"name\">\r\n                    <p>Wie kann ich anderen Zugang gew\u00e4hren?<\/p>\n                <\/div>\r\n\t\t\t\t<div class=\"theme-faq__question-answer\" itemscope itemprop=\"acceptedAnswer\" itemtype=\"https:\/\/schema.org\/Answer\" >\r\n\t\t\t\t\t<div itemprop=\"text\">\r\n\t\t\t\t\t\t<p>Es ist m\u00f6glich, anderen Zugang mit der LOQED-App zu geben. Das Hinzuf\u00fcgen eines neuen Schl\u00fcssels ist einfach und besteht aus f\u00fcnf Schritten. Sehen Sie sich auch das Video unten an!<\/p>\n<ol>\n<li>Erstellen Sie einen neuen Schl\u00fcssel, indem Sie auf das Plus-Symbol auf dem Bildschirm &#8216;Alle Schl\u00fcssel&#8217; klicken.<\/li>\n<li>Senden Sie den Schl\u00fcssel \u00fcber einen sicheren Nachrichtendienst wie WhatsApp, SMS oder E-Mail.<\/li>\n<li>Der Empf\u00e4nger installiert die App (Link #1 in der Nachricht).<\/li>\n<li>Der Empf\u00e4nger erstellt ein Konto und meldet sich an. Achtung: Stellen Sie sicher, dass der Empf\u00e4nger ein neues Konto mit seiner eigenen E-Mail-Adresse erstellt und nicht das zuvor erstellte Konto verwendet.<\/li>\n<li>Der Empf\u00e4nger importiert den Schl\u00fcssel in seinen Schl\u00fcsselbund (Link #2 in der Nachricht).<\/li>\n<\/ol>\n<p><iframe loading=\"lazy\" title=\"LOQED Touch Smart Lock - Creating a key\" width=\"500\" height=\"281\" src=\"https:\/\/www.youtube.com\/embed\/niadbxYRHx0?feature=oembed\" frameborder=\"0\" allow=\"accelerometer; autoplay; clipboard-write; encrypted-media; gyroscope; picture-in-picture; web-share\" allowfullscreen><\/iframe><\/p>\n\t\t\t\t\t<\/div>\r\n\t\t\t\t<\/div>\r\n            <\/div>\r\n            \r\n            \r\n\t\t\t<div class=\"theme-faq__question\" itemscope itemprop=\"mainEntity\" itemtype=\"https:\/\/schema.org\/Question\">\r\n\t\t\t\t<div class=\"theme-faq__question-title\" itemprop=\"name\">\r\n                    <p>Wie kann ich die T\u00fcr \u00f6ffnen?<\/p>\n                <\/div>\r\n\t\t\t\t<div class=\"theme-faq__question-answer\" itemscope itemprop=\"acceptedAnswer\" itemtype=\"https:\/\/schema.org\/Answer\" >\r\n\t\t\t\t\t<div itemprop=\"text\">\r\n\t\t\t\t\t\t<p>Es gibt drei M\u00f6glichkeiten, Ihr LOQED-Schloss zu \u00f6ffnen.<\/p>\n<ol>\n<li>Mit &#8220;Touch to Open&#8221; k\u00f6nnen Sie Ihr Telefon in der Tasche behalten. Wenn Sie nach Hause kommen, wird &#8220;Touch to Open&#8221; automatisch auf dem Bildschirm angezeigt. Wenn Sie es ber\u00fchren, \u00f6ffnet sich die T\u00fcr. Diese Funktion kombiniert Geofencing, Bluetooth-Konnektivit\u00e4t und intelligente Schlosstechnologie.<\/li>\n<li>Eine weitere M\u00f6glichkeit, die T\u00fcr zu \u00f6ffnen, ist die Verwendung der LOQED-App. Dies ist m\u00f6glich, wenn Sie vor der T\u00fcr stehen, aber auch aus der Ferne.<\/li>\n<li>Der dritte Weg, um Ihre T\u00fcr zu \u00f6ffnen, ist mit einem Code. Dies wird nicht oft verwendet, ist aber praktisch, wenn Sie zum Beispiel Ihr Telefon nicht dabei haben oder der Akku leer ist. Das Tastenschloss ist dann eine gute Backup-Methode, um hereinzukommen.<\/li>\n<\/ol>\n\t\t\t\t\t<\/div>\r\n\t\t\t\t<\/div>\r\n            <\/div>\r\n            \r\n            \r\n\t\t\t<div class=\"theme-faq__question\" itemscope itemprop=\"mainEntity\" itemtype=\"https:\/\/schema.org\/Question\">\r\n\t\t\t\t<div class=\"theme-faq__question-title\" itemprop=\"name\">\r\n                    <p>Passen die LOQED Touch Smart Lock an meine T\u00fcr?<\/p>\n                <\/div>\r\n\t\t\t\t<div class=\"theme-faq__question-answer\" itemscope itemprop=\"acceptedAnswer\" itemtype=\"https:\/\/schema.org\/Answer\" >\r\n\t\t\t\t\t<div itemprop=\"text\">\r\n\t\t\t\t\t\t<p>Sehr wahrscheinlich! Um sicher zu sein, finden Sie es in weniger als einer Minute mit unserem I<a href=\"https:\/\/loqed.com\/de\/installation-check\/\">nstallations-Check<\/a> heraus.<\/p>\n\t\t\t\t\t<\/div>\r\n\t\t\t\t<\/div>\r\n            <\/div>\r\n            \r\n            \r\n\t\t\t<div class=\"theme-faq__question\" itemscope itemprop=\"mainEntity\" itemtype=\"https:\/\/schema.org\/Question\">\r\n\t\t\t\t<div class=\"theme-faq__question-title\" itemprop=\"name\">\r\n                    <p>Was passiert bei einem Stromausfall?<\/p>\n                <\/div>\r\n\t\t\t\t<div class=\"theme-faq__question-answer\" itemscope itemprop=\"acceptedAnswer\" itemtype=\"https:\/\/schema.org\/Answer\" >\r\n\t\t\t\t\t<div itemprop=\"text\">\r\n\t\t\t\t\t\t<p>Das LOQED Touch Smart Lock funktioniert mit Batterien, sodass das Schloss auch ohne Strom funktioniert. Wenn es aufgrund eines Stromausfalls kein Internet gibt, funktioniert das Schloss dennoch (mehr dazu in der n\u00e4chsten Frage).<\/p>\n\t\t\t\t\t<\/div>\r\n\t\t\t\t<\/div>\r\n            <\/div>\r\n            \r\n            \r\n\t\t\t<div class=\"theme-faq__question\" itemscope itemprop=\"mainEntity\" itemtype=\"https:\/\/schema.org\/Question\">\r\n\t\t\t\t<div class=\"theme-faq__question-title\" itemprop=\"name\">\r\n                    <p>Was ist, wenn ich kein Wi-Fi\/Internet habe?<\/p>\n                <\/div>\r\n\t\t\t\t<div class=\"theme-faq__question-answer\" itemscope itemprop=\"acceptedAnswer\" itemtype=\"https:\/\/schema.org\/Answer\" >\r\n\t\t\t\t\t<div itemprop=\"text\">\r\n\t\t\t\t\t\t<p>Das Schloss kommuniziert mit Ihrem Smartphone \u00fcber Bluetooth, wenn Sie sich in Reichweite befinden. Der LOQED Bridge verbindet sich mit Ihrem Wi-Fi-Netzwerk und dem LOQED Smart Lock. Ohne eine Bridge funktionieren die grundlegenden Funktionen des Smart Locks dennoch: Sie k\u00f6nnen die T\u00fcr \u00fcber Bluetooth oder mit einem Code \u00f6ffnen.<\/p>\n\t\t\t\t\t<\/div>\r\n\t\t\t\t<\/div>\r\n            <\/div>\r\n            \r\n            \r\n\t\t\t<div class=\"theme-faq__question\" itemscope itemprop=\"mainEntity\" itemtype=\"https:\/\/schema.org\/Question\">\r\n\t\t\t\t<div class=\"theme-faq__question-title\" itemprop=\"name\">\r\n                    <p>Kann ich das Schloss mit anderen Smart-Home-Ger\u00e4ten kommunizieren lassen?<\/p>\n                <\/div>\r\n\t\t\t\t<div class=\"theme-faq__question-answer\" itemscope itemprop=\"acceptedAnswer\" itemtype=\"https:\/\/schema.org\/Answer\" >\r\n\t\t\t\t\t<div itemprop=\"text\">\r\n\t\t\t\t\t\t<p>Das LOQED Touch Smart Lock kommuniziert mit anderen Systemen wie Google Home, Homey, Olisto, HASS.io und vielen mehr. Werfen Sie einen Blick auf unsere <a href=\"https:\/\/loqed.com\/de\/smart-home-integrationen\/\">Integrationsseite<\/a>, um zu sehen, wo LOQED integriert ist.<\/p>\n\t\t\t\t\t<\/div>\r\n\t\t\t\t<\/div>\r\n            <\/div>\r\n            \r\n            \t\t<\/div>\r\n\r\n\t<\/div>\r\n<\/section><section  class=\"wrapper\">\r\n\r\n\r\n    \r\n    <div class=\"container\" data-aos=\"fade-up\">\r\n        <div class=\"row\">\r\n                        <div class=\"col-12\">\r\n                <h3>Wie es funktioniert<\/h3>\n<p><iframe loading=\"lazy\" class=\"YTvideo\" title=\"YouTube video player\" src=\"https:\/\/www.youtube.com\/embed\/Grl_s_BQf7g?si=uW6RBsiLNcpy8itV\" width=\"560\" height=\"315\" frameborder=\"0\" allowfullscreen=\"allowfullscreen\"><\/iframe><\/p>\n<p>&nbsp;<\/p>\n<h3>Haben Sie eine Frage, die hier nicht aufgef\u00fchrt ist?<\/h3>\n<p>Schauen Sie sich unsere <a href=\"https:\/\/support.loqed.com\/de\/\">Support-Seite<\/a> an oder senden Sie uns eine E-Mail an info@loqed.com.<\/p>\n<h3>Schauen Sie sich unser Touch Smart Lock an<\/h3>\n<div class=\"woocommerce columns-4 \"><ul class=\"products columns-4\">\n<li class=\"product type-product post-1425 status-publish first instock product_cat-main has-post-thumbnail taxable shipping-taxable purchasable product-type-simple\">\n\t<\/li>\n<\/ul>\n<\/div>\n            <\/div>\r\n                          \r\n        <\/div>\r\n    <\/div>\r\n<\/section>\r\n\n<style>\r\n.add_to_cart_button {display: none !important;}\r\n.YTvideo {width: 100%; max-width: 560px;}\r\n.theme-faq {padding: 0;}\r\nsection.theme-faq.bg__grey, section.theme-faq.bg__grey p, .theme-faq__question-title {\r\n    font-family: \"geomanist\", sans-serif;\r\n    font-weight: normal !important;\r\n    font-size: 18px;\r\n}\r\n.theme-faq__question-title p {font-size: 22px;}\r\n\r\n.theme-faq__question-title {\r\n    background-color: white;\r\n    color: black;\r\n    border: 1px solid black;\r\n}\r\n\r\n.theme-faq__question-answer {border: 1px solid #7040d5;}\r\n\r\n<\/style>\r\n\n<pre class=\"wp-block-code\"><code><\/code><\/pre>\n","protected":false},"excerpt":{"rendered":"","protected":false},"author":129,"featured_media":0,"parent":0,"menu_order":0,"comment_status":"closed","ping_status":"closed","template":"","meta":{"_mo_disable_npp":"","inline_featured_image":false},"acf":[],"aioseo_notices":[],"_links":{"self":[{"href":"https:\/\/loqed.com\/de\/wp-json\/wp\/v2\/pages\/10425"}],"collection":[{"href":"https:\/\/loqed.com\/de\/wp-json\/wp\/v2\/pages"}],"about":[{"href":"https:\/\/loqed.com\/de\/wp-json\/wp\/v2\/types\/page"}],"author":[{"embeddable":true,"href":"https:\/\/loqed.com\/de\/wp-json\/wp\/v2\/users\/129"}],"replies":[{"embeddable":true,"href":"https:\/\/loqed.com\/de\/wp-json\/wp\/v2\/comments?post=10425"}],"version-history":[{"count":3,"href":"https:\/\/loqed.com\/de\/wp-json\/wp\/v2\/pages\/10425\/revisions"}],"predecessor-version":[{"id":10697,"href":"https:\/\/loqed.com\/de\/wp-json\/wp\/v2\/pages\/10425\/revisions\/10697"}],"wp:attachment":[{"href":"https:\/\/loqed.com\/de\/wp-json\/wp\/v2\/media?parent=10425"}],"curies":[{"name":"wp","href":"https:\/\/api.w.org\/{rel}","templated":true}]}}